{"id":1082,"date":"2026-03-11T18:04:11","date_gmt":"2026-03-11T18:04:11","guid":{"rendered":"https:\/\/creasdemy.fr\/?post_type=product&#038;p=1082"},"modified":"2026-03-11T18:04:11","modified_gmt":"2026-03-11T18:04:11","slug":"boucles-doreilles-oeuf-de-paques","status":"publish","type":"product","link":"https:\/\/creasdemy.fr\/index.php\/product\/boucles-doreilles-oeuf-de-paques\/","title":{"rendered":"Boucles d\u2019oreilles \u0152uf de P\u00e2ques"},"content":{"rendered":"<h3 data-section-id=\"1b9tjtv\" data-start=\"121\" data-end=\"160\">\ud83d\udc23 Boucles d\u2019oreilles \u0152uf de P\u00e2ques<\/h3>\n<p data-start=\"162\" data-end=\"431\">Apportez une touche de douceur et de fantaisie \u00e0 votre style avec ces jolies <strong data-start=\"239\" data-end=\"286\">boucles d\u2019oreilles en forme d\u2019\u0153uf de P\u00e2ques<\/strong>. Color\u00e9es et originales, elles sont parfaites pour c\u00e9l\u00e9brer le printemps et les f\u00eates de P\u00e2ques tout en ajoutant une note joyeuse \u00e0 votre tenue.<\/p>\n<p data-start=\"433\" data-end=\"583\">L\u00e9g\u00e8res et agr\u00e9ables \u00e0 porter toute la journ\u00e9e, elles conviennent aussi bien pour un look festif que pour apporter une petite touche fun au quotidien.<\/p>\n<p data-start=\"585\" data-end=\"611\">\u2728 <strong data-start=\"587\" data-end=\"609\">Caract\u00e9ristiques :<\/strong><\/p>\n<ul data-start=\"612\" data-end=\"763\">\n<li data-section-id=\"1ff9jdu\" data-start=\"612\" data-end=\"645\">\n<p data-start=\"614\" data-end=\"645\">Design original \u0153uf de P\u00e2ques<\/p>\n<\/li>\n<li data-section-id=\"180qwn2\" data-start=\"646\" data-end=\"678\">\n<p data-start=\"648\" data-end=\"678\">Tr\u00e8s l\u00e9g\u00e8res et confortables<\/p>\n<\/li>\n<li data-section-id=\"10jhe75\" data-start=\"679\" data-end=\"710\">\n<p data-start=\"681\" data-end=\"710\">Fermoirs anti-allerg\u00e9niques<\/p>\n<\/li>\n<li data-section-id=\"1sx8fc8\" data-start=\"711\" data-end=\"763\">\n<p data-start=\"713\" data-end=\"763\">Id\u00e9ales pour la saison de P\u00e2ques et le printemps<\/p>\n<\/li>\n<\/ul>\n<p data-start=\"765\" data-end=\"888\">Ces boucles d\u2019oreilles feront \u00e9galement une <strong data-start=\"809\" data-end=\"830\">super id\u00e9e cadeau<\/strong> pour surprendre un proche ou compl\u00e9ter une tenue festive.<\/p>\n","protected":false},"excerpt":{"rendered":"<p>\ud83d\udc23 Boucles d\u2019oreilles \u0152uf de P\u00e2ques Apportez une touche de douceur et de fantaisie \u00e0 votre style avec ces jolies [&hellip;]<\/p>\n","protected":false},"featured_media":1086,"comment_status":"open","ping_status":"closed","template":"","meta":{"site-sidebar-layout":"default","site-content-layout":"","ast-site-content-layout":"default","site-content-style":"default","site-sidebar-style":"default","ast-global-header-display":"","ast-banner-title-visibility":"","ast-main-header-display":"","ast-hfb-above-header-display":"","ast-hfb-below-header-display":"","ast-hfb-mobile-header-display":"","site-post-title":"","ast-breadcrumbs-content":"","ast-featured-img":"","footer-sml-layout":"","ast-disable-related-posts":"","theme-transparent-header-meta":"default","adv-header-id-meta":"","stick-header-meta":"","header-above-stick-meta":"","header-main-stick-meta":"","header-below-stick-meta":"","astra-migrate-meta-layouts":"set","ast-page-background-enabled":"default","ast-page-background-meta":{"desktop":{"background-color":"var(--ast-global-color-5)","background-image":"","background-repeat":"repeat","background-position":"center center","background-size":"auto","background-attachment":"scroll","background-type":"","background-media":"","overlay-type":"","overlay-color":"","overlay-opacity":"","overlay-gradient":""},"tablet":{"background-color":"","background-image":"","background-repeat":"repeat","background-position":"center center","background-size":"auto","background-attachment":"scroll","background-type":"","background-media":"","overlay-type":"","overlay-color":"","overlay-opacity":"","overlay-gradient":""},"mobile":{"background-color":"","background-image":"","background-repeat":"repeat","background-position":"center center","background-size":"auto","background-attachment":"scroll","background-type":"","background-media":"","overlay-type":"","overlay-color":"","overlay-opacity":"","overlay-gradient":""}},"ast-content-background-meta":{"desktop":{"background-color":"var(--ast-global-color-4)","background-image":"","background-repeat":"repeat","background-position":"center center","background-size":"auto","background-attachment":"scroll","background-type":"","background-media":"","overlay-type":"","overlay-color":"","overlay-opacity":"","overlay-gradient":""},"tablet":{"background-color":"var(--ast-global-color-4)","background-image":"","background-repeat":"repeat","background-position":"center center","background-size":"auto","background-attachment":"scroll","background-type":"","background-media":"","overlay-type":"","overlay-color":"","overlay-opacity":"","overlay-gradient":""},"mobile":{"background-color":"var(--ast-global-color-4)","background-image":"","background-repeat":"repeat","background-position":"center center","background-size":"auto","background-attachment":"scroll","background-type":"","background-media":"","overlay-type":"","overlay-color":"","overlay-opacity":"","overlay-gradient":""}}},"product_brand":[],"product_cat":[22],"product_tag":[],"class_list":{"0":"post-1082","1":"product","2":"type-product","3":"status-publish","4":"has-post-thumbnail","6":"product_cat-boucles-doreilles","7":"desktop-align-left","8":"tablet-align-left","9":"mobile-align-left","11":"first","12":"instock","13":"shipping-taxable","14":"purchasable","15":"product-type-variable"},"jetpack_sharing_enabled":true,"_links":{"self":[{"href":"https:\/\/creasdemy.fr\/index.php\/wp-json\/wp\/v2\/product\/1082","targetHints":{"allow":["GET"]}}],"collection":[{"href":"https:\/\/creasdemy.fr\/index.php\/wp-json\/wp\/v2\/product"}],"about":[{"href":"https:\/\/creasdemy.fr\/index.php\/wp-json\/wp\/v2\/types\/product"}],"replies":[{"embeddable":true,"href":"https:\/\/creasdemy.fr\/index.php\/wp-json\/wp\/v2\/comments?post=1082"}],"wp:featuredmedia":[{"embeddable":true,"href":"https:\/\/creasdemy.fr\/index.php\/wp-json\/wp\/v2\/media\/1086"}],"wp:attachment":[{"href":"https:\/\/creasdemy.fr\/index.php\/wp-json\/wp\/v2\/media?parent=1082"}],"wp:term":[{"taxonomy":"product_brand","embeddable":true,"href":"https:\/\/creasdemy.fr\/index.php\/wp-json\/wp\/v2\/product_brand?post=1082"},{"taxonomy":"product_cat","embeddable":true,"href":"https:\/\/creasdemy.fr\/index.php\/wp-json\/wp\/v2\/product_cat?post=1082"},{"taxonomy":"product_tag","embeddable":true,"href":"https:\/\/creasdemy.fr\/index.php\/wp-json\/wp\/v2\/product_tag?post=1082"}],"curies":[{"name":"wp","href":"https:\/\/api.w.org\/{rel}","templated":true}]}}