{"id":1115,"date":"2026-03-11T19:10:16","date_gmt":"2026-03-11T19:10:16","guid":{"rendered":"https:\/\/creasdemy.fr\/?post_type=product&#038;p=1115"},"modified":"2026-03-11T19:10:16","modified_gmt":"2026-03-11T19:10:16","slug":"decoration-de-paques-oeuf-avec-lapin-et-fleurs","status":"publish","type":"product","link":"https:\/\/creasdemy.fr\/index.php\/product\/decoration-de-paques-oeuf-avec-lapin-et-fleurs\/","title":{"rendered":"D\u00e9coration de P\u00e2ques \u2013 \u0152uf avec lapin et fleurs"},"content":{"rendered":"<h3 data-section-id=\"8ivcmy\" data-start=\"81\" data-end=\"132\">D\u00e9coration de P\u00e2ques \u2013 \u0152uf avec lapin et fleurs<\/h3>\n<p data-start=\"134\" data-end=\"352\">Apportez une touche douce et printani\u00e8re \u00e0 votre d\u00e9coration avec cet \u00e9l\u00e9gant <strong data-start=\"211\" data-end=\"235\">\u0153uf de P\u00e2ques ajour\u00e9<\/strong>. Son design d\u00e9licat met en sc\u00e8ne un petit <strong data-start=\"278\" data-end=\"305\">lapin entour\u00e9 de fleurs<\/strong>, symbole du renouveau et de la f\u00eate de P\u00e2ques.<\/p>\n<p data-start=\"354\" data-end=\"565\">L\u00e9ger et raffin\u00e9, cet \u0153uf d\u00e9coratif est parfait pour embellir un <strong data-start=\"419\" data-end=\"482\">arbre de P\u00e2ques, une table festive ou une d\u00e9coration murale<\/strong>. Son petit trou discret permet de le suspendre facilement avec un fil ou un ruban.<\/p>\n<p data-start=\"567\" data-end=\"593\">\u2728 <strong data-start=\"569\" data-end=\"591\">Caract\u00e9ristiques :<\/strong><\/p>\n<ul data-start=\"594\" data-end=\"762\">\n<li data-section-id=\"1uze7cq\" data-start=\"594\" data-end=\"639\">\n<p data-start=\"596\" data-end=\"639\">Design \u0153uf de P\u00e2ques avec lapin et fleurs<\/p>\n<\/li>\n<li data-section-id=\"1ehqvgp\" data-start=\"640\" data-end=\"668\">\n<p data-start=\"642\" data-end=\"668\">D\u00e9coupe fine et \u00e9l\u00e9gante<\/p>\n<\/li>\n<li data-section-id=\"1x7uut\" data-start=\"669\" data-end=\"700\">\n<p data-start=\"671\" data-end=\"700\">L\u00e9ger et facile \u00e0 suspendre<\/p>\n<\/li>\n<li data-section-id=\"1duawtt\" data-start=\"701\" data-end=\"762\">\n<p data-start=\"703\" data-end=\"762\">Id\u00e9al pour d\u00e9coration de P\u00e2ques, table ou arbre d\u00e9coratif<\/p>\n<\/li>\n<\/ul>\n<p data-start=\"764\" data-end=\"885\">Une d\u00e9coration originale et pleine de charme pour c\u00e9l\u00e9brer P\u00e2ques et apporter une ambiance printani\u00e8re \u00e0 votre int\u00e9rieur.<\/p>\n","protected":false},"excerpt":{"rendered":"<p>D\u00e9coration de P\u00e2ques \u2013 \u0152uf avec lapin et fleurs Apportez une touche douce et printani\u00e8re \u00e0 votre d\u00e9coration avec cet [&hellip;]<\/p>\n","protected":false},"featured_media":1117,"comment_status":"open","ping_status":"closed","template":"","meta":{"site-sidebar-layout":"default","site-content-layout":"","ast-site-content-layout":"default","site-content-style":"default","site-sidebar-style":"default","ast-global-header-display":"","ast-banner-title-visibility":"","ast-main-header-display":"","ast-hfb-above-header-display":"","ast-hfb-below-header-display":"","ast-hfb-mobile-header-display":"","site-post-title":"","ast-breadcrumbs-content":"","ast-featured-img":"","footer-sml-layout":"","ast-disable-related-posts":"","theme-transparent-header-meta":"default","adv-header-id-meta":"","stick-header-meta":"","header-above-stick-meta":"","header-main-stick-meta":"","header-below-stick-meta":"","astra-migrate-meta-layouts":"set","ast-page-background-enabled":"default","ast-page-background-meta":{"desktop":{"background-color":"var(--ast-global-color-5)","background-image":"","background-repeat":"repeat","background-position":"center center","background-size":"auto","background-attachment":"scroll","background-type":"","background-media":"","overlay-type":"","overlay-color":"","overlay-opacity":"","overlay-gradient":""},"tablet":{"background-color":"","background-image":"","background-repeat":"repeat","background-position":"center center","background-size":"auto","background-attachment":"scroll","background-type":"","background-media":"","overlay-type":"","overlay-color":"","overlay-opacity":"","overlay-gradient":""},"mobile":{"background-color":"","background-image":"","background-repeat":"repeat","background-position":"center center","background-size":"auto","background-attachment":"scroll","background-type":"","background-media":"","overlay-type":"","overlay-color":"","overlay-opacity":"","overlay-gradient":""}},"ast-content-background-meta":{"desktop":{"background-color":"var(--ast-global-color-4)","background-image":"","background-repeat":"repeat","background-position":"center center","background-size":"auto","background-attachment":"scroll","background-type":"","background-media":"","overlay-type":"","overlay-color":"","overlay-opacity":"","overlay-gradient":""},"tablet":{"background-color":"var(--ast-global-color-4)","background-image":"","background-repeat":"repeat","background-position":"center center","background-size":"auto","background-attachment":"scroll","background-type":"","background-media":"","overlay-type":"","overlay-color":"","overlay-opacity":"","overlay-gradient":""},"mobile":{"background-color":"var(--ast-global-color-4)","background-image":"","background-repeat":"repeat","background-position":"center center","background-size":"auto","background-attachment":"scroll","background-type":"","background-media":"","overlay-type":"","overlay-color":"","overlay-opacity":"","overlay-gradient":""}}},"product_brand":[],"product_cat":[24],"product_tag":[],"class_list":{"0":"post-1115","1":"product","2":"type-product","3":"status-publish","4":"has-post-thumbnail","6":"product_cat-decoration","7":"desktop-align-left","8":"tablet-align-left","9":"mobile-align-left","11":"first","12":"instock","13":"shipping-taxable","14":"purchasable","15":"product-type-variable"},"jetpack_sharing_enabled":true,"_links":{"self":[{"href":"https:\/\/creasdemy.fr\/index.php\/wp-json\/wp\/v2\/product\/1115","targetHints":{"allow":["GET"]}}],"collection":[{"href":"https:\/\/creasdemy.fr\/index.php\/wp-json\/wp\/v2\/product"}],"about":[{"href":"https:\/\/creasdemy.fr\/index.php\/wp-json\/wp\/v2\/types\/product"}],"replies":[{"embeddable":true,"href":"https:\/\/creasdemy.fr\/index.php\/wp-json\/wp\/v2\/comments?post=1115"}],"wp:featuredmedia":[{"embeddable":true,"href":"https:\/\/creasdemy.fr\/index.php\/wp-json\/wp\/v2\/media\/1117"}],"wp:attachment":[{"href":"https:\/\/creasdemy.fr\/index.php\/wp-json\/wp\/v2\/media?parent=1115"}],"wp:term":[{"taxonomy":"product_brand","embeddable":true,"href":"https:\/\/creasdemy.fr\/index.php\/wp-json\/wp\/v2\/product_brand?post=1115"},{"taxonomy":"product_cat","embeddable":true,"href":"https:\/\/creasdemy.fr\/index.php\/wp-json\/wp\/v2\/product_cat?post=1115"},{"taxonomy":"product_tag","embeddable":true,"href":"https:\/\/creasdemy.fr\/index.php\/wp-json\/wp\/v2\/product_tag?post=1115"}],"curies":[{"name":"wp","href":"https:\/\/api.w.org\/{rel}","templated":true}]}}