{"id":1135,"date":"2026-03-14T15:58:56","date_gmt":"2026-03-14T15:58:56","guid":{"rendered":"https:\/\/creasdemy.fr\/?post_type=product&#038;p=1135"},"modified":"2026-03-14T15:58:56","modified_gmt":"2026-03-14T15:58:56","slug":"boucles-doreilles-chaussons-de-danse","status":"publish","type":"product","link":"https:\/\/creasdemy.fr\/index.php\/product\/boucles-doreilles-chaussons-de-danse\/","title":{"rendered":"Boucles d\u2019oreilles Chaussons de danse"},"content":{"rendered":"<h3 data-section-id=\"dc8mk\" data-start=\"0\" data-end=\"41\">Boucles d\u2019oreilles Chaussons de danse<\/h3>\n<p data-start=\"43\" data-end=\"292\">Apportez une touche d\u2019\u00e9l\u00e9gance et de passion \u00e0 votre style avec ces <strong data-start=\"111\" data-end=\"164\">boucles d\u2019oreilles en forme de chaussons de danse<\/strong>. D\u00e9licates et originales, elles sont parfaites pour les amoureux de la danse et ajoutent une note raffin\u00e9e \u00e0 toutes vos tenues.<\/p>\n<p data-start=\"294\" data-end=\"515\">L\u00e9g\u00e8res et confortables \u00e0 porter, elles accompagnent votre quotidien tout en mettant en valeur votre passion pour la danse. Leur design soign\u00e9 en fait un accessoire id\u00e9al pour compl\u00e9ter un look ou offrir un cadeau unique.<\/p>\n<p data-start=\"517\" data-end=\"543\">\u2728 <strong data-start=\"519\" data-end=\"541\">Caract\u00e9ristiques :<\/strong><\/p>\n<ul data-start=\"544\" data-end=\"687\">\n<li data-section-id=\"1769hua\" data-start=\"544\" data-end=\"582\">\n<p data-start=\"546\" data-end=\"582\">Design original chaussons de danse<\/p>\n<\/li>\n<li data-section-id=\"necq0t\" data-start=\"583\" data-end=\"616\">\n<p data-start=\"585\" data-end=\"616\">L\u00e9g\u00e8res et agr\u00e9ables \u00e0 porter<\/p>\n<\/li>\n<li data-section-id=\"10jhe75\" data-start=\"617\" data-end=\"648\">\n<p data-start=\"619\" data-end=\"648\">Fermoirs anti-allerg\u00e9niques<\/p>\n<\/li>\n<li data-section-id=\"1y7dc42\" data-start=\"649\" data-end=\"687\">\n<p data-start=\"651\" data-end=\"687\">Id\u00e9al pour les passionn\u00e9s de danse<\/p>\n<\/li>\n<\/ul>\n<p data-start=\"689\" data-end=\"844\" data-is-last-node=\"\" data-is-only-node=\"\">Ces boucles d\u2019oreilles sont \u00e9galement une <strong data-start=\"731\" data-end=\"757\">excellente id\u00e9e cadeau<\/strong> pour une danseuse, une \u00e9l\u00e8ve de danse ou toute personne passionn\u00e9e par cet univers. \ud83e\ude70<\/p>\n","protected":false},"excerpt":{"rendered":"<p>Boucles d\u2019oreilles Chaussons de danse Apportez une touche d\u2019\u00e9l\u00e9gance et de passion \u00e0 votre style avec ces boucles d\u2019oreilles en [&hellip;]<\/p>\n","protected":false},"featured_media":1169,"comment_status":"open","ping_status":"closed","template":"","meta":{"site-sidebar-layout":"default","site-content-layout":"","ast-site-content-layout":"default","site-content-style":"default","site-sidebar-style":"default","ast-global-header-display":"","ast-banner-title-visibility":"","ast-main-header-display":"","ast-hfb-above-header-display":"","ast-hfb-below-header-display":"","ast-hfb-mobile-header-display":"","site-post-title":"","ast-breadcrumbs-content":"","ast-featured-img":"","footer-sml-layout":"","ast-disable-related-posts":"","theme-transparent-header-meta":"default","adv-header-id-meta":"","stick-header-meta":"","header-above-stick-meta":"","header-main-stick-meta":"","header-below-stick-meta":"","astra-migrate-meta-layouts":"set","ast-page-background-enabled":"default","ast-page-background-meta":{"desktop":{"background-color":"var(--ast-global-color-5)","background-image":"","background-repeat":"repeat","background-position":"center center","background-size":"auto","background-attachment":"scroll","background-type":"","background-media":"","overlay-type":"","overlay-color":"","overlay-opacity":"","overlay-gradient":""},"tablet":{"background-color":"","background-image":"","background-repeat":"repeat","background-position":"center center","background-size":"auto","background-attachment":"scroll","background-type":"","background-media":"","overlay-type":"","overlay-color":"","overlay-opacity":"","overlay-gradient":""},"mobile":{"background-color":"","background-image":"","background-repeat":"repeat","background-position":"center center","background-size":"auto","background-attachment":"scroll","background-type":"","background-media":"","overlay-type":"","overlay-color":"","overlay-opacity":"","overlay-gradient":""}},"ast-content-background-meta":{"desktop":{"background-color":"var(--ast-global-color-4)","background-image":"","background-repeat":"repeat","background-position":"center center","background-size":"auto","background-attachment":"scroll","background-type":"","background-media":"","overlay-type":"","overlay-color":"","overlay-opacity":"","overlay-gradient":""},"tablet":{"background-color":"var(--ast-global-color-4)","background-image":"","background-repeat":"repeat","background-position":"center center","background-size":"auto","background-attachment":"scroll","background-type":"","background-media":"","overlay-type":"","overlay-color":"","overlay-opacity":"","overlay-gradient":""},"mobile":{"background-color":"var(--ast-global-color-4)","background-image":"","background-repeat":"repeat","background-position":"center center","background-size":"auto","background-attachment":"scroll","background-type":"","background-media":"","overlay-type":"","overlay-color":"","overlay-opacity":"","overlay-gradient":""}}},"product_brand":[],"product_cat":[22],"product_tag":[],"class_list":{"0":"post-1135","1":"product","2":"type-product","3":"status-publish","4":"has-post-thumbnail","6":"product_cat-boucles-doreilles","7":"desktop-align-left","8":"tablet-align-left","9":"mobile-align-left","11":"first","12":"instock","13":"shipping-taxable","14":"purchasable","15":"product-type-variable"},"jetpack_sharing_enabled":true,"_links":{"self":[{"href":"https:\/\/creasdemy.fr\/index.php\/wp-json\/wp\/v2\/product\/1135","targetHints":{"allow":["GET"]}}],"collection":[{"href":"https:\/\/creasdemy.fr\/index.php\/wp-json\/wp\/v2\/product"}],"about":[{"href":"https:\/\/creasdemy.fr\/index.php\/wp-json\/wp\/v2\/types\/product"}],"replies":[{"embeddable":true,"href":"https:\/\/creasdemy.fr\/index.php\/wp-json\/wp\/v2\/comments?post=1135"}],"wp:featuredmedia":[{"embeddable":true,"href":"https:\/\/creasdemy.fr\/index.php\/wp-json\/wp\/v2\/media\/1169"}],"wp:attachment":[{"href":"https:\/\/creasdemy.fr\/index.php\/wp-json\/wp\/v2\/media?parent=1135"}],"wp:term":[{"taxonomy":"product_brand","embeddable":true,"href":"https:\/\/creasdemy.fr\/index.php\/wp-json\/wp\/v2\/product_brand?post=1135"},{"taxonomy":"product_cat","embeddable":true,"href":"https:\/\/creasdemy.fr\/index.php\/wp-json\/wp\/v2\/product_cat?post=1135"},{"taxonomy":"product_tag","embeddable":true,"href":"https:\/\/creasdemy.fr\/index.php\/wp-json\/wp\/v2\/product_tag?post=1135"}],"curies":[{"name":"wp","href":"https:\/\/api.w.org\/{rel}","templated":true}]}}