{"id":1171,"date":"2026-03-14T16:02:55","date_gmt":"2026-03-14T16:02:55","guid":{"rendered":"https:\/\/creasdemy.fr\/?post_type=product&#038;p=1171"},"modified":"2026-03-14T17:47:48","modified_gmt":"2026-03-14T17:47:48","slug":"boucles-doreilles-lune-fleurie","status":"publish","type":"product","link":"https:\/\/creasdemy.fr\/index.php\/product\/boucles-doreilles-lune-fleurie\/","title":{"rendered":"Boucles d\u2019oreilles Lune Fleurie"},"content":{"rendered":"<h3 data-section-id=\"8i8v57\" data-start=\"0\" data-end=\"35\">Boucles d\u2019oreilles Lune Fleurie<\/h3>\n<p data-start=\"37\" data-end=\"345\">Laissez-vous s\u00e9duire par ces <strong data-start=\"66\" data-end=\"121\">boucles d\u2019oreilles en forme de lune orn\u00e9e de fleurs<\/strong>, un bijou d\u00e9licat et po\u00e9tique qui apportera une touche d\u2019\u00e9l\u00e9gance et de douceur \u00e0 votre style. Leur design fin et harmonieux associe la beaut\u00e9 de la lune \u00e0 la l\u00e9g\u00e8ret\u00e9 des fleurs pour un rendu \u00e0 la fois original et raffin\u00e9.<\/p>\n<p data-start=\"347\" data-end=\"477\">L\u00e9g\u00e8res et agr\u00e9ables \u00e0 porter, elles sont id\u00e9ales pour accompagner vos tenues du quotidien ou pour compl\u00e9ter un look plus habill\u00e9.<\/p>\n<p data-start=\"479\" data-end=\"505\">\u2728 <strong data-start=\"481\" data-end=\"503\">Caract\u00e9ristiques :<\/strong><\/p>\n<ul data-start=\"506\" data-end=\"637\">\n<li data-section-id=\"zyhrd9\" data-start=\"506\" data-end=\"539\">\n<p data-start=\"508\" data-end=\"539\">Design lune d\u00e9cor\u00e9e de fleurs<\/p>\n<\/li>\n<li data-section-id=\"6qyu76\" data-start=\"540\" data-end=\"575\">\n<p data-start=\"542\" data-end=\"575\">Boucles l\u00e9g\u00e8res et confortables<\/p>\n<\/li>\n<li data-section-id=\"10jhe75\" data-start=\"576\" data-end=\"607\">\n<p data-start=\"578\" data-end=\"607\">Fermoirs anti-allerg\u00e9niques<\/p>\n<\/li>\n<li data-section-id=\"1bjr4w7\" data-start=\"608\" data-end=\"637\">\n<p data-start=\"610\" data-end=\"637\">Style \u00e9l\u00e9gant et original<\/p>\n<\/li>\n<\/ul>\n<p data-start=\"639\" data-end=\"768\" data-is-last-node=\"\" data-is-only-node=\"\">Ces boucles d\u2019oreilles sont \u00e9galement une <strong data-start=\"681\" data-end=\"702\">belle id\u00e9e cadeau<\/strong>, parfaite pour offrir un bijou plein de charme et de po\u00e9sie. \ud83c\udf19\ud83c\udf38<\/p>\n","protected":false},"excerpt":{"rendered":"<p>Boucles d\u2019oreilles Lune Fleurie Laissez-vous s\u00e9duire par ces boucles d\u2019oreilles en forme de lune orn\u00e9e de fleurs, un bijou d\u00e9licat [&hellip;]<\/p>\n","protected":false},"featured_media":1166,"comment_status":"open","ping_status":"closed","template":"","meta":{"site-sidebar-layout":"default","site-content-layout":"","ast-site-content-layout":"default","site-content-style":"default","site-sidebar-style":"default","ast-global-header-display":"","ast-banner-title-visibility":"","ast-main-header-display":"","ast-hfb-above-header-display":"","ast-hfb-below-header-display":"","ast-hfb-mobile-header-display":"","site-post-title":"","ast-breadcrumbs-content":"","ast-featured-img":"","footer-sml-layout":"","ast-disable-related-posts":"","theme-transparent-header-meta":"default","adv-header-id-meta":"","stick-header-meta":"","header-above-stick-meta":"","header-main-stick-meta":"","header-below-stick-meta":"","astra-migrate-meta-layouts":"set","ast-page-background-enabled":"default","ast-page-background-meta":{"desktop":{"background-color":"var(--ast-global-color-5)","background-image":"","background-repeat":"repeat","background-position":"center center","background-size":"auto","background-attachment":"scroll","background-type":"","background-media":"","overlay-type":"","overlay-color":"","overlay-opacity":"","overlay-gradient":""},"tablet":{"background-color":"","background-image":"","background-repeat":"repeat","background-position":"center center","background-size":"auto","background-attachment":"scroll","background-type":"","background-media":"","overlay-type":"","overlay-color":"","overlay-opacity":"","overlay-gradient":""},"mobile":{"background-color":"","background-image":"","background-repeat":"repeat","background-position":"center center","background-size":"auto","background-attachment":"scroll","background-type":"","background-media":"","overlay-type":"","overlay-color":"","overlay-opacity":"","overlay-gradient":""}},"ast-content-background-meta":{"desktop":{"background-color":"var(--ast-global-color-4)","background-image":"","background-repeat":"repeat","background-position":"center center","background-size":"auto","background-attachment":"scroll","background-type":"","background-media":"","overlay-type":"","overlay-color":"","overlay-opacity":"","overlay-gradient":""},"tablet":{"background-color":"var(--ast-global-color-4)","background-image":"","background-repeat":"repeat","background-position":"center center","background-size":"auto","background-attachment":"scroll","background-type":"","background-media":"","overlay-type":"","overlay-color":"","overlay-opacity":"","overlay-gradient":""},"mobile":{"background-color":"var(--ast-global-color-4)","background-image":"","background-repeat":"repeat","background-position":"center center","background-size":"auto","background-attachment":"scroll","background-type":"","background-media":"","overlay-type":"","overlay-color":"","overlay-opacity":"","overlay-gradient":""}}},"product_brand":[],"product_cat":[22],"product_tag":[],"class_list":{"0":"post-1171","1":"product","2":"type-product","3":"status-publish","4":"has-post-thumbnail","6":"product_cat-boucles-doreilles","7":"desktop-align-left","8":"tablet-align-left","9":"mobile-align-left","11":"first","12":"instock","13":"shipping-taxable","14":"purchasable","15":"product-type-variable"},"jetpack_sharing_enabled":true,"_links":{"self":[{"href":"https:\/\/creasdemy.fr\/index.php\/wp-json\/wp\/v2\/product\/1171","targetHints":{"allow":["GET"]}}],"collection":[{"href":"https:\/\/creasdemy.fr\/index.php\/wp-json\/wp\/v2\/product"}],"about":[{"href":"https:\/\/creasdemy.fr\/index.php\/wp-json\/wp\/v2\/types\/product"}],"replies":[{"embeddable":true,"href":"https:\/\/creasdemy.fr\/index.php\/wp-json\/wp\/v2\/comments?post=1171"}],"wp:featuredmedia":[{"embeddable":true,"href":"https:\/\/creasdemy.fr\/index.php\/wp-json\/wp\/v2\/media\/1166"}],"wp:attachment":[{"href":"https:\/\/creasdemy.fr\/index.php\/wp-json\/wp\/v2\/media?parent=1171"}],"wp:term":[{"taxonomy":"product_brand","embeddable":true,"href":"https:\/\/creasdemy.fr\/index.php\/wp-json\/wp\/v2\/product_brand?post=1171"},{"taxonomy":"product_cat","embeddable":true,"href":"https:\/\/creasdemy.fr\/index.php\/wp-json\/wp\/v2\/product_cat?post=1171"},{"taxonomy":"product_tag","embeddable":true,"href":"https:\/\/creasdemy.fr\/index.php\/wp-json\/wp\/v2\/product_tag?post=1171"}],"curies":[{"name":"wp","href":"https:\/\/api.w.org\/{rel}","templated":true}]}}