{"id":1198,"date":"2026-03-14T16:05:43","date_gmt":"2026-03-14T16:05:43","guid":{"rendered":"https:\/\/creasdemy.fr\/?post_type=product&#038;p=1198"},"modified":"2026-03-14T17:22:22","modified_gmt":"2026-03-14T17:22:22","slug":"boucles-doreilles-clou-geometriques","status":"publish","type":"product","link":"https:\/\/creasdemy.fr\/index.php\/product\/boucles-doreilles-clou-geometriques\/","title":{"rendered":"Boucles d\u2019oreilles clou g\u00e9om\u00e9triques"},"content":{"rendered":"<div class=\"flex flex-col text-sm pb-25\">\n<article class=\"text-token-text-primary w-full focus:outline-none [--shadow-height:45px] has-data-writing-block:pointer-events-none has-data-writing-block:-mt-(--shadow-height) has-data-writing-block:pt-(--shadow-height) [&amp;:has([data-writing-block])&gt;*]:pointer-events-auto scroll-mt-[calc(var(--header-height)+min(200px,max(70px,20svh)))]\" dir=\"auto\" tabindex=\"-1\" data-turn-id=\"request-69b1adfa-f1c4-838d-ada7-5e0c69ff913b-6\" data-testid=\"conversation-turn-12\" data-scroll-anchor=\"true\" data-turn=\"assistant\">\n<div class=\"text-base my-auto mx-auto pb-10 [--thread-content-margin:var(--thread-content-margin-xs,calc(var(--spacing)*4))] @w-sm\/main:[--thread-content-margin:var(--thread-content-margin-sm,calc(var(--spacing)*6))] @w-lg\/main:[--thread-content-margin:var(--thread-content-margin-lg,calc(var(--spacing)*16))] px-(--thread-content-margin)\">\n<div class=\"[--thread-content-max-width:40rem] @w-lg\/main:[--thread-content-max-width:48rem] mx-auto max-w-(--thread-content-max-width) flex-1 group\/turn-messages focus-visible:outline-hidden relative flex w-full min-w-0 flex-col agent-turn\" tabindex=\"-1\">\n<div class=\"flex max-w-full flex-col gap-4 grow\">\n<div class=\"min-h-8 text-message relative flex w-full flex-col items-end gap-2 text-start break-words whitespace-normal [.text-message+&amp;]:mt-1\" dir=\"auto\" data-message-author-role=\"assistant\" data-message-id=\"4151bf91-4bc3-47ec-9a14-de6c2eb20989\" data-message-model-slug=\"gpt-5-3\">\n<div class=\"flex w-full flex-col gap-1 empty:hidden\">\n<div class=\"markdown prose dark:prose-invert w-full wrap-break-word light markdown-new-styling\">\n<h3 data-section-id=\"1qpw5tc\" data-start=\"0\" data-end=\"40\">Boucles d\u2019oreilles clou g\u00e9om\u00e9triques<\/h3>\n<p data-start=\"42\" data-end=\"276\">Apportez une touche moderne et \u00e9l\u00e9gante \u00e0 votre style avec ces <strong data-start=\"105\" data-end=\"154\">boucles d\u2019oreilles clou au design g\u00e9om\u00e9trique<\/strong>. Leur forme simple et \u00e9pur\u00e9e s\u2019adapte facilement \u00e0 toutes les tenues, que ce soit pour un look quotidien ou plus habill\u00e9.<\/p>\n<p data-start=\"278\" data-end=\"486\">Discr\u00e8tes et l\u00e9g\u00e8res, elles sont agr\u00e9ables \u00e0 porter tout au long de la journ\u00e9e. Leur style minimaliste en fait un accessoire intemporel, parfait pour celles et ceux qui aiment les bijoux modernes et raffin\u00e9s.<\/p>\n<p data-start=\"488\" data-end=\"514\">\u2728 <strong data-start=\"490\" data-end=\"512\">Caract\u00e9ristiques :<\/strong><\/p>\n<ul data-start=\"515\" data-end=\"640\">\n<li data-section-id=\"1ef230r\" data-start=\"515\" data-end=\"545\">\n<p data-start=\"517\" data-end=\"545\">Design g\u00e9om\u00e9trique moderne<\/p>\n<\/li>\n<li data-section-id=\"ntfhdn\" data-start=\"546\" data-end=\"580\">\n<p data-start=\"548\" data-end=\"580\">Boucles discr\u00e8tes et \u00e9l\u00e9gantes<\/p>\n<\/li>\n<li data-section-id=\"4tgwsj\" data-start=\"581\" data-end=\"608\">\n<p data-start=\"583\" data-end=\"608\">L\u00e9g\u00e8res et confortables<\/p>\n<\/li>\n<li data-section-id=\"10jhe75\" data-start=\"609\" data-end=\"640\">\n<p data-start=\"611\" data-end=\"640\">Fermoirs anti-allerg\u00e9niques<\/p>\n<\/li>\n<\/ul>\n<p data-start=\"642\" data-end=\"726\" data-is-last-node=\"\" data-is-only-node=\"\">Un bijou simple et tendance, id\u00e9al pour compl\u00e9ter votre collection d\u2019accessoires. \ud83d\udc8e<\/p>\n<\/div>\n<\/div>\n<\/div>\n<\/div>\n<div class=\"z-0 flex min-h-[46px] justify-start\"><\/div>\n<div class=\"mt-3 w-full empty:hidden\">\n<div class=\"text-center\"><\/div>\n<\/div>\n<\/div>\n<\/div>\n<\/article>\n<\/div>\n<div class=\"pointer-events-none h-px w-px absolute bottom-0\" aria-hidden=\"true\" data-edge=\"true\"><\/div>\n","protected":false},"excerpt":{"rendered":"<p>Boucles d\u2019oreilles clou g\u00e9om\u00e9triques Apportez une touche moderne et \u00e9l\u00e9gante \u00e0 votre style avec ces boucles d\u2019oreilles clou au design [&hellip;]<\/p>\n","protected":false},"featured_media":1170,"comment_status":"open","ping_status":"closed","template":"","meta":{"site-sidebar-layout":"default","site-content-layout":"","ast-site-content-layout":"default","site-content-style":"default","site-sidebar-style":"default","ast-global-header-display":"","ast-banner-title-visibility":"","ast-main-header-display":"","ast-hfb-above-header-display":"","ast-hfb-below-header-display":"","ast-hfb-mobile-header-display":"","site-post-title":"","ast-breadcrumbs-content":"","ast-featured-img":"","footer-sml-layout":"","ast-disable-related-posts":"","theme-transparent-header-meta":"default","adv-header-id-meta":"","stick-header-meta":"","header-above-stick-meta":"","header-main-stick-meta":"","header-below-stick-meta":"","astra-migrate-meta-layouts":"set","ast-page-background-enabled":"default","ast-page-background-meta":{"desktop":{"background-color":"var(--ast-global-color-5)","background-image":"","background-repeat":"repeat","background-position":"center center","background-size":"auto","background-attachment":"scroll","background-type":"","background-media":"","overlay-type":"","overlay-color":"","overlay-opacity":"","overlay-gradient":""},"tablet":{"background-color":"","background-image":"","background-repeat":"repeat","background-position":"center center","background-size":"auto","background-attachment":"scroll","background-type":"","background-media":"","overlay-type":"","overlay-color":"","overlay-opacity":"","overlay-gradient":""},"mobile":{"background-color":"","background-image":"","background-repeat":"repeat","background-position":"center center","background-size":"auto","background-attachment":"scroll","background-type":"","background-media":"","overlay-type":"","overlay-color":"","overlay-opacity":"","overlay-gradient":""}},"ast-content-background-meta":{"desktop":{"background-color":"var(--ast-global-color-4)","background-image":"","background-repeat":"repeat","background-position":"center center","background-size":"auto","background-attachment":"scroll","background-type":"","background-media":"","overlay-type":"","overlay-color":"","overlay-opacity":"","overlay-gradient":""},"tablet":{"background-color":"var(--ast-global-color-4)","background-image":"","background-repeat":"repeat","background-position":"center center","background-size":"auto","background-attachment":"scroll","background-type":"","background-media":"","overlay-type":"","overlay-color":"","overlay-opacity":"","overlay-gradient":""},"mobile":{"background-color":"var(--ast-global-color-4)","background-image":"","background-repeat":"repeat","background-position":"center center","background-size":"auto","background-attachment":"scroll","background-type":"","background-media":"","overlay-type":"","overlay-color":"","overlay-opacity":"","overlay-gradient":""}}},"product_brand":[],"product_cat":[22],"product_tag":[],"class_list":{"0":"post-1198","1":"product","2":"type-product","3":"status-publish","4":"has-post-thumbnail","6":"product_cat-boucles-doreilles","7":"desktop-align-left","8":"tablet-align-left","9":"mobile-align-left","11":"first","12":"instock","13":"shipping-taxable","14":"purchasable","15":"product-type-variable"},"jetpack_sharing_enabled":true,"_links":{"self":[{"href":"https:\/\/creasdemy.fr\/index.php\/wp-json\/wp\/v2\/product\/1198","targetHints":{"allow":["GET"]}}],"collection":[{"href":"https:\/\/creasdemy.fr\/index.php\/wp-json\/wp\/v2\/product"}],"about":[{"href":"https:\/\/creasdemy.fr\/index.php\/wp-json\/wp\/v2\/types\/product"}],"replies":[{"embeddable":true,"href":"https:\/\/creasdemy.fr\/index.php\/wp-json\/wp\/v2\/comments?post=1198"}],"wp:featuredmedia":[{"embeddable":true,"href":"https:\/\/creasdemy.fr\/index.php\/wp-json\/wp\/v2\/media\/1170"}],"wp:attachment":[{"href":"https:\/\/creasdemy.fr\/index.php\/wp-json\/wp\/v2\/media?parent=1198"}],"wp:term":[{"taxonomy":"product_brand","embeddable":true,"href":"https:\/\/creasdemy.fr\/index.php\/wp-json\/wp\/v2\/product_brand?post=1198"},{"taxonomy":"product_cat","embeddable":true,"href":"https:\/\/creasdemy.fr\/index.php\/wp-json\/wp\/v2\/product_cat?post=1198"},{"taxonomy":"product_tag","embeddable":true,"href":"https:\/\/creasdemy.fr\/index.php\/wp-json\/wp\/v2\/product_tag?post=1198"}],"curies":[{"name":"wp","href":"https:\/\/api.w.org\/{rel}","templated":true}]}}