{"id":124,"date":"2026-02-25T16:24:35","date_gmt":"2026-02-25T16:24:35","guid":{"rendered":"https:\/\/creasdemy.fr\/?post_type=product&#038;p=124"},"modified":"2026-03-14T18:13:13","modified_gmt":"2026-03-14T18:13:13","slug":"support-photo-maman","status":"publish","type":"product","link":"https:\/\/creasdemy.fr\/index.php\/product\/support-photo-maman\/","title":{"rendered":"Support photo &#8220;Maman&#8221;"},"content":{"rendered":"<h2 data-start=\"91\" data-end=\"149\">\ud83d\udc96 Support Photo \u201cMaman\u201d \u2013 Une attention pleine d\u2019amour<\/h2>\n<p data-start=\"151\" data-end=\"390\">Offrez un cadeau unique et rempli d\u2019\u00e9motion avec ce support photo \u201cMaman\u201d imprim\u00e9 en 3D.<br data-start=\"239\" data-end=\"242\" \/>Parfait pour mettre en valeur un souvenir pr\u00e9cieux, ce support d\u00e9coratif apportera une touche personnelle et chaleureuse \u00e0 n\u2019importe quel int\u00e9rieur.<\/p>\n<p data-start=\"392\" data-end=\"534\">Id\u00e9al pour la f\u00eate des m\u00e8res, un anniversaire ou simplement pour faire plaisir, ce mod\u00e8le allie design moderne et message rempli de tendresse.<\/p>\n<p data-start=\"536\" data-end=\"710\">\ud83c\udfa8 <strong data-start=\"539\" data-end=\"568\">Couleurs personnalisables<\/strong> selon vos envies pour un rendu totalement unique<br data-start=\"617\" data-end=\"620\" \/>\u2728 Cr\u00e9ation originale<br data-start=\"640\" data-end=\"643\" \/>\u2728 L\u00e9ger et r\u00e9sistant<br data-start=\"663\" data-end=\"666\" \/>\u2728 Id\u00e9al pour sublimer votre photo pr\u00e9f\u00e9r\u00e9e<\/p>\n<p data-start=\"712\" data-end=\"768\">Parce qu\u2019une maman m\u00e9rite ce qu\u2019il y a de plus beau \u2764\ufe0f<\/p>\n<p>&nbsp;<\/p>\n","protected":false},"excerpt":{"rendered":"<p>\ud83d\udc96 Support Photo \u201cMaman\u201d \u2013 Une attention pleine d\u2019amour Offrez un cadeau unique et rempli d\u2019\u00e9motion avec ce support photo [&hellip;]<\/p>\n","protected":false},"featured_media":125,"comment_status":"open","ping_status":"closed","template":"","meta":{"site-sidebar-layout":"default","site-content-layout":"","ast-site-content-layout":"default","site-content-style":"default","site-sidebar-style":"default","ast-global-header-display":"","ast-banner-title-visibility":"","ast-main-header-display":"","ast-hfb-above-header-display":"","ast-hfb-below-header-display":"","ast-hfb-mobile-header-display":"","site-post-title":"","ast-breadcrumbs-content":"","ast-featured-img":"","footer-sml-layout":"","ast-disable-related-posts":"","theme-transparent-header-meta":"default","adv-header-id-meta":"","stick-header-meta":"","header-above-stick-meta":"","header-main-stick-meta":"","header-below-stick-meta":"","astra-migrate-meta-layouts":"set","ast-page-background-enabled":"default","ast-page-background-meta":{"desktop":{"background-color":"var(--ast-global-color-5)","background-image":"","background-repeat":"repeat","background-position":"center center","background-size":"auto","background-attachment":"scroll","background-type":"","background-media":"","overlay-type":"","overlay-color":"","overlay-opacity":"","overlay-gradient":""},"tablet":{"background-color":"","background-image":"","background-repeat":"repeat","background-position":"center center","background-size":"auto","background-attachment":"scroll","background-type":"","background-media":"","overlay-type":"","overlay-color":"","overlay-opacity":"","overlay-gradient":""},"mobile":{"background-color":"","background-image":"","background-repeat":"repeat","background-position":"center center","background-size":"auto","background-attachment":"scroll","background-type":"","background-media":"","overlay-type":"","overlay-color":"","overlay-opacity":"","overlay-gradient":""}},"ast-content-background-meta":{"desktop":{"background-color":"var(--ast-global-color-4)","background-image":"","background-repeat":"repeat","background-position":"center center","background-size":"auto","background-attachment":"scroll","background-type":"","background-media":"","overlay-type":"","overlay-color":"","overlay-opacity":"","overlay-gradient":""},"tablet":{"background-color":"var(--ast-global-color-4)","background-image":"","background-repeat":"repeat","background-position":"center center","background-size":"auto","background-attachment":"scroll","background-type":"","background-media":"","overlay-type":"","overlay-color":"","overlay-opacity":"","overlay-gradient":""},"mobile":{"background-color":"var(--ast-global-color-4)","background-image":"","background-repeat":"repeat","background-position":"center center","background-size":"auto","background-attachment":"scroll","background-type":"","background-media":"","overlay-type":"","overlay-color":"","overlay-opacity":"","overlay-gradient":""}}},"product_brand":[],"product_cat":[21],"product_tag":[],"class_list":{"0":"post-124","1":"product","2":"type-product","3":"status-publish","4":"has-post-thumbnail","6":"product_cat-support-photo","7":"desktop-align-left","8":"tablet-align-left","9":"mobile-align-left","11":"first","12":"instock","13":"purchasable","14":"product-type-variable"},"jetpack_sharing_enabled":true,"_links":{"self":[{"href":"https:\/\/creasdemy.fr\/index.php\/wp-json\/wp\/v2\/product\/124","targetHints":{"allow":["GET"]}}],"collection":[{"href":"https:\/\/creasdemy.fr\/index.php\/wp-json\/wp\/v2\/product"}],"about":[{"href":"https:\/\/creasdemy.fr\/index.php\/wp-json\/wp\/v2\/types\/product"}],"replies":[{"embeddable":true,"href":"https:\/\/creasdemy.fr\/index.php\/wp-json\/wp\/v2\/comments?post=124"}],"wp:featuredmedia":[{"embeddable":true,"href":"https:\/\/creasdemy.fr\/index.php\/wp-json\/wp\/v2\/media\/125"}],"wp:attachment":[{"href":"https:\/\/creasdemy.fr\/index.php\/wp-json\/wp\/v2\/media?parent=124"}],"wp:term":[{"taxonomy":"product_brand","embeddable":true,"href":"https:\/\/creasdemy.fr\/index.php\/wp-json\/wp\/v2\/product_brand?post=124"},{"taxonomy":"product_cat","embeddable":true,"href":"https:\/\/creasdemy.fr\/index.php\/wp-json\/wp\/v2\/product_cat?post=124"},{"taxonomy":"product_tag","embeddable":true,"href":"https:\/\/creasdemy.fr\/index.php\/wp-json\/wp\/v2\/product_tag?post=124"}],"curies":[{"name":"wp","href":"https:\/\/api.w.org\/{rel}","templated":true}]}}