{"id":1279,"date":"2026-03-14T16:51:18","date_gmt":"2026-03-14T16:51:18","guid":{"rendered":"https:\/\/creasdemy.fr\/?post_type=product&#038;p=1279"},"modified":"2026-03-29T14:03:40","modified_gmt":"2026-03-29T14:03:40","slug":"boucles-doreilles-pendantes-fleurs","status":"publish","type":"product","link":"https:\/\/creasdemy.fr\/index.php\/product\/boucles-doreilles-pendantes-fleurs\/","title":{"rendered":"Boucles d\u2019oreilles pendantes fleurs"},"content":{"rendered":"<h3 data-section-id=\"7ukyz8\" data-start=\"0\" data-end=\"39\">Boucles d\u2019oreilles pendantes fleurs<\/h3>\n<p data-start=\"41\" data-end=\"273\">Apportez une touche de fra\u00eecheur et d\u2019\u00e9l\u00e9gance \u00e0 votre style avec ces <strong data-start=\"111\" data-end=\"162\">boucles d\u2019oreilles pendantes d\u00e9cor\u00e9es de fleurs<\/strong>. Leur design d\u00e9licat et f\u00e9minin met en valeur votre visage tout en ajoutant une note florale pleine de charme.<\/p>\n<p data-start=\"275\" data-end=\"453\">L\u00e9g\u00e8res et agr\u00e9ables \u00e0 porter, elles accompagnent aussi bien vos tenues du quotidien que vos looks plus habill\u00e9s. Leur mouvement pendants apporte une touche raffin\u00e9e et \u00e9l\u00e9gante.<\/p>\n<p data-start=\"455\" data-end=\"481\">\u2728 <strong data-start=\"457\" data-end=\"479\">Caract\u00e9ristiques :<\/strong><\/p>\n<ul data-start=\"482\" data-end=\"595\">\n<li data-section-id=\"1exzgsw\" data-start=\"482\" data-end=\"507\">\n<p data-start=\"484\" data-end=\"507\">Design floral \u00e9l\u00e9gant<\/p>\n<\/li>\n<li data-section-id=\"2ky5jp\" data-start=\"508\" data-end=\"537\">\n<p data-start=\"510\" data-end=\"537\">Boucles pendantes l\u00e9g\u00e8res<\/p>\n<\/li>\n<li data-section-id=\"90ne7m\" data-start=\"538\" data-end=\"563\">\n<p data-start=\"540\" data-end=\"563\">Confortables \u00e0 porter<\/p>\n<\/li>\n<li data-section-id=\"10jhe75\" data-start=\"564\" data-end=\"595\">\n<p data-start=\"566\" data-end=\"595\">Fermoirs anti-allerg\u00e9niques<\/p>\n<\/li>\n<\/ul>\n<p data-start=\"597\" data-end=\"710\" data-is-last-node=\"\" data-is-only-node=\"\">Un bijou d\u00e9licat et tendance, id\u00e9al pour compl\u00e9ter votre collection ou pour offrir un cadeau plein de douceur. \ud83c\udf38<\/p>\n","protected":false},"excerpt":{"rendered":"<p>Boucles d\u2019oreilles pendantes fleurs Apportez une touche de fra\u00eecheur et d\u2019\u00e9l\u00e9gance \u00e0 votre style avec ces boucles d\u2019oreilles pendantes d\u00e9cor\u00e9es [&hellip;]<\/p>\n","protected":false},"featured_media":1168,"comment_status":"open","ping_status":"closed","template":"","meta":{"site-sidebar-layout":"default","site-content-layout":"","ast-site-content-layout":"default","site-content-style":"default","site-sidebar-style":"default","ast-global-header-display":"","ast-banner-title-visibility":"","ast-main-header-display":"","ast-hfb-above-header-display":"","ast-hfb-below-header-display":"","ast-hfb-mobile-header-display":"","site-post-title":"","ast-breadcrumbs-content":"","ast-featured-img":"","footer-sml-layout":"","ast-disable-related-posts":"","theme-transparent-header-meta":"default","adv-header-id-meta":"","stick-header-meta":"","header-above-stick-meta":"","header-main-stick-meta":"","header-below-stick-meta":"","astra-migrate-meta-layouts":"set","ast-page-background-enabled":"default","ast-page-background-meta":{"desktop":{"background-color":"var(--ast-global-color-5)","background-image":"","background-repeat":"repeat","background-position":"center center","background-size":"auto","background-attachment":"scroll","background-type":"","background-media":"","overlay-type":"","overlay-color":"","overlay-opacity":"","overlay-gradient":""},"tablet":{"background-color":"","background-image":"","background-repeat":"repeat","background-position":"center center","background-size":"auto","background-attachment":"scroll","background-type":"","background-media":"","overlay-type":"","overlay-color":"","overlay-opacity":"","overlay-gradient":""},"mobile":{"background-color":"","background-image":"","background-repeat":"repeat","background-position":"center center","background-size":"auto","background-attachment":"scroll","background-type":"","background-media":"","overlay-type":"","overlay-color":"","overlay-opacity":"","overlay-gradient":""}},"ast-content-background-meta":{"desktop":{"background-color":"var(--ast-global-color-4)","background-image":"","background-repeat":"repeat","background-position":"center center","background-size":"auto","background-attachment":"scroll","background-type":"","background-media":"","overlay-type":"","overlay-color":"","overlay-opacity":"","overlay-gradient":""},"tablet":{"background-color":"var(--ast-global-color-4)","background-image":"","background-repeat":"repeat","background-position":"center center","background-size":"auto","background-attachment":"scroll","background-type":"","background-media":"","overlay-type":"","overlay-color":"","overlay-opacity":"","overlay-gradient":""},"mobile":{"background-color":"var(--ast-global-color-4)","background-image":"","background-repeat":"repeat","background-position":"center center","background-size":"auto","background-attachment":"scroll","background-type":"","background-media":"","overlay-type":"","overlay-color":"","overlay-opacity":"","overlay-gradient":""}}},"product_brand":[],"product_cat":[22],"product_tag":[],"class_list":{"0":"post-1279","1":"product","2":"type-product","3":"status-publish","4":"has-post-thumbnail","6":"product_cat-boucles-doreilles","7":"desktop-align-left","8":"tablet-align-left","9":"mobile-align-left","11":"first","12":"instock","13":"shipping-taxable","14":"purchasable","15":"product-type-variable"},"jetpack_sharing_enabled":true,"_links":{"self":[{"href":"https:\/\/creasdemy.fr\/index.php\/wp-json\/wp\/v2\/product\/1279","targetHints":{"allow":["GET"]}}],"collection":[{"href":"https:\/\/creasdemy.fr\/index.php\/wp-json\/wp\/v2\/product"}],"about":[{"href":"https:\/\/creasdemy.fr\/index.php\/wp-json\/wp\/v2\/types\/product"}],"replies":[{"embeddable":true,"href":"https:\/\/creasdemy.fr\/index.php\/wp-json\/wp\/v2\/comments?post=1279"}],"wp:featuredmedia":[{"embeddable":true,"href":"https:\/\/creasdemy.fr\/index.php\/wp-json\/wp\/v2\/media\/1168"}],"wp:attachment":[{"href":"https:\/\/creasdemy.fr\/index.php\/wp-json\/wp\/v2\/media?parent=1279"}],"wp:term":[{"taxonomy":"product_brand","embeddable":true,"href":"https:\/\/creasdemy.fr\/index.php\/wp-json\/wp\/v2\/product_brand?post=1279"},{"taxonomy":"product_cat","embeddable":true,"href":"https:\/\/creasdemy.fr\/index.php\/wp-json\/wp\/v2\/product_cat?post=1279"},{"taxonomy":"product_tag","embeddable":true,"href":"https:\/\/creasdemy.fr\/index.php\/wp-json\/wp\/v2\/product_tag?post=1279"}],"curies":[{"name":"wp","href":"https:\/\/api.w.org\/{rel}","templated":true}]}}