{"id":129,"date":"2026-02-25T16:34:26","date_gmt":"2026-02-25T16:34:26","guid":{"rendered":"https:\/\/creasdemy.fr\/?post_type=product&#038;p=129"},"modified":"2026-02-25T16:34:27","modified_gmt":"2026-02-25T16:34:27","slug":"boucles-doreilles-ballon-de-foot","status":"publish","type":"product","link":"https:\/\/creasdemy.fr\/index.php\/product\/boucles-doreilles-ballon-de-foot\/","title":{"rendered":"Boucles d&#8217;oreilles &#8220;ballon de foot&#8221;"},"content":{"rendered":"<h2 data-start=\"65\" data-end=\"105\">\u26bd Boucles d\u2019oreilles \u201cBallon de foot\u201d<\/h2>\n<p data-start=\"107\" data-end=\"361\">Affichez votre passion pour le football avec ces boucles d\u2019oreilles en forme de ballon de foot, originales et l\u00e9g\u00e8res. Parfaites pour les amateurs de sport, elles apportent une touche fun et dynamique \u00e0 votre tenue, au quotidien comme les jours de match.<\/p>\n<p data-start=\"363\" data-end=\"470\">Imprim\u00e9es en 3D avec soin, elles offrent un design pr\u00e9cis et moderne tout en restant confortables \u00e0 porter.<\/p>\n<p data-start=\"472\" data-end=\"679\">\u2728 Design original et d\u00e9taill\u00e9<br data-start=\"501\" data-end=\"504\" \/>\u2728 L\u00e9g\u00e8res et agr\u00e9ables \u00e0 porter<br data-start=\"535\" data-end=\"538\" \/>\u2728 <strong data-start=\"540\" data-end=\"588\">Fermoir en acier inoxydable hypoallerg\u00e9nique<\/strong>, id\u00e9al pour les peaux sensibles<br data-start=\"620\" data-end=\"623\" \/>\u2728 Id\u00e9ales pour offrir \u00e0 un(e) passionn\u00e9(e) de football<\/p>\n<p data-start=\"681\" data-end=\"735\">Un petit accessoire qui fait toute la diff\u00e9rence \u26bd\ud83d\udd25<\/p>\n","protected":false},"excerpt":{"rendered":"<p>\u26bd Boucles d\u2019oreilles \u201cBallon de foot\u201d Affichez votre passion pour le football avec ces boucles d\u2019oreilles en forme de ballon [&hellip;]<\/p>\n","protected":false},"featured_media":132,"comment_status":"open","ping_status":"closed","template":"","meta":{"site-sidebar-layout":"default","site-content-layout":"","ast-site-content-layout":"default","site-content-style":"default","site-sidebar-style":"default","ast-global-header-display":"","ast-banner-title-visibility":"","ast-main-header-display":"","ast-hfb-above-header-display":"","ast-hfb-below-header-display":"","ast-hfb-mobile-header-display":"","site-post-title":"","ast-breadcrumbs-content":"","ast-featured-img":"","footer-sml-layout":"","ast-disable-related-posts":"","theme-transparent-header-meta":"default","adv-header-id-meta":"","stick-header-meta":"","header-above-stick-meta":"","header-main-stick-meta":"","header-below-stick-meta":"","astra-migrate-meta-layouts":"set","ast-page-background-enabled":"default","ast-page-background-meta":{"desktop":{"background-color":"var(--ast-global-color-5)","background-image":"","background-repeat":"repeat","background-position":"center center","background-size":"auto","background-attachment":"scroll","background-type":"","background-media":"","overlay-type":"","overlay-color":"","overlay-opacity":"","overlay-gradient":""},"tablet":{"background-color":"","background-image":"","background-repeat":"repeat","background-position":"center center","background-size":"auto","background-attachment":"scroll","background-type":"","background-media":"","overlay-type":"","overlay-color":"","overlay-opacity":"","overlay-gradient":""},"mobile":{"background-color":"","background-image":"","background-repeat":"repeat","background-position":"center center","background-size":"auto","background-attachment":"scroll","background-type":"","background-media":"","overlay-type":"","overlay-color":"","overlay-opacity":"","overlay-gradient":""}},"ast-content-background-meta":{"desktop":{"background-color":"var(--ast-global-color-4)","background-image":"","background-repeat":"repeat","background-position":"center center","background-size":"auto","background-attachment":"scroll","background-type":"","background-media":"","overlay-type":"","overlay-color":"","overlay-opacity":"","overlay-gradient":""},"tablet":{"background-color":"var(--ast-global-color-4)","background-image":"","background-repeat":"repeat","background-position":"center center","background-size":"auto","background-attachment":"scroll","background-type":"","background-media":"","overlay-type":"","overlay-color":"","overlay-opacity":"","overlay-gradient":""},"mobile":{"background-color":"var(--ast-global-color-4)","background-image":"","background-repeat":"repeat","background-position":"center center","background-size":"auto","background-attachment":"scroll","background-type":"","background-media":"","overlay-type":"","overlay-color":"","overlay-opacity":"","overlay-gradient":""}}},"product_brand":[],"product_cat":[22],"product_tag":[],"class_list":{"0":"post-129","1":"product","2":"type-product","3":"status-publish","4":"has-post-thumbnail","6":"product_cat-boucles-doreilles","7":"desktop-align-left","8":"tablet-align-left","9":"mobile-align-left","11":"first","12":"instock","13":"purchasable","14":"product-type-simple"},"jetpack_sharing_enabled":true,"_links":{"self":[{"href":"https:\/\/creasdemy.fr\/index.php\/wp-json\/wp\/v2\/product\/129","targetHints":{"allow":["GET"]}}],"collection":[{"href":"https:\/\/creasdemy.fr\/index.php\/wp-json\/wp\/v2\/product"}],"about":[{"href":"https:\/\/creasdemy.fr\/index.php\/wp-json\/wp\/v2\/types\/product"}],"replies":[{"embeddable":true,"href":"https:\/\/creasdemy.fr\/index.php\/wp-json\/wp\/v2\/comments?post=129"}],"wp:featuredmedia":[{"embeddable":true,"href":"https:\/\/creasdemy.fr\/index.php\/wp-json\/wp\/v2\/media\/132"}],"wp:attachment":[{"href":"https:\/\/creasdemy.fr\/index.php\/wp-json\/wp\/v2\/media?parent=129"}],"wp:term":[{"taxonomy":"product_brand","embeddable":true,"href":"https:\/\/creasdemy.fr\/index.php\/wp-json\/wp\/v2\/product_brand?post=129"},{"taxonomy":"product_cat","embeddable":true,"href":"https:\/\/creasdemy.fr\/index.php\/wp-json\/wp\/v2\/product_cat?post=129"},{"taxonomy":"product_tag","embeddable":true,"href":"https:\/\/creasdemy.fr\/index.php\/wp-json\/wp\/v2\/product_tag?post=129"}],"curies":[{"name":"wp","href":"https:\/\/api.w.org\/{rel}","templated":true}]}}