{"id":139,"date":"2026-02-25T16:38:59","date_gmt":"2026-02-25T16:38:59","guid":{"rendered":"https:\/\/creasdemy.fr\/?post_type=product&#038;p=139"},"modified":"2026-03-07T11:29:59","modified_gmt":"2026-03-07T11:29:59","slug":"boucles-doreilles-lapin","status":"publish","type":"product","link":"https:\/\/creasdemy.fr\/index.php\/product\/boucles-doreilles-lapin\/","title":{"rendered":"Boucles d&#8217;oreilles &#8220;lapin&#8221;"},"content":{"rendered":"<h2 data-start=\"61\" data-end=\"103\">\ud83d\udc30 Boucles d\u2019oreilles \u201cLapin de P\u00e2ques\u201d<\/h2>\n<p data-start=\"105\" data-end=\"323\">Craquez pour ces adorables boucles d\u2019oreilles Lapin de P\u00e2ques, parfaites pour c\u00e9l\u00e9brer le printemps avec douceur et originalit\u00e9. Leur design mignon et d\u00e9taill\u00e9 apporte une touche festive et joyeuse \u00e0 toutes vos tenues.<\/p>\n<p data-start=\"325\" data-end=\"435\">L\u00e9g\u00e8res et confortables, elles sont id\u00e9ales \u00e0 porter au quotidien ou pour compl\u00e9ter une tenue sp\u00e9ciale P\u00e2ques.<\/p>\n<p data-start=\"437\" data-end=\"668\">\u2728 Design tendre et printanier<br data-start=\"466\" data-end=\"469\" \/>\u2728 L\u00e9g\u00e8res et agr\u00e9ables \u00e0 porter<br data-start=\"500\" data-end=\"503\" \/>\u2728 Impression 3D soign\u00e9e et pr\u00e9cise<br data-start=\"537\" data-end=\"540\" \/>\u2728 <strong data-start=\"542\" data-end=\"622\">Fermoir en acier inoxydable hypoallerg\u00e9nique, id\u00e9al pour les peaux sensibles<\/strong><br data-start=\"622\" data-end=\"625\" \/>\u2728 Id\u00e9ales pour offrir ou se faire plaisir<\/p>\n<p data-start=\"670\" data-end=\"748\">Un accessoire plein de charme pour accueillir la saison avec le sourire \ud83d\udc23\ud83c\udf38<\/p>\n","protected":false},"excerpt":{"rendered":"<p>\ud83d\udc30 Boucles d\u2019oreilles \u201cLapin de P\u00e2ques\u201d Craquez pour ces adorables boucles d\u2019oreilles Lapin de P\u00e2ques, parfaites pour c\u00e9l\u00e9brer le printemps [&hellip;]<\/p>\n","protected":false},"featured_media":134,"comment_status":"open","ping_status":"closed","template":"","meta":{"site-sidebar-layout":"default","site-content-layout":"","ast-site-content-layout":"default","site-content-style":"default","site-sidebar-style":"default","ast-global-header-display":"","ast-banner-title-visibility":"","ast-main-header-display":"","ast-hfb-above-header-display":"","ast-hfb-below-header-display":"","ast-hfb-mobile-header-display":"","site-post-title":"","ast-breadcrumbs-content":"","ast-featured-img":"","footer-sml-layout":"","ast-disable-related-posts":"","theme-transparent-header-meta":"default","adv-header-id-meta":"","stick-header-meta":"","header-above-stick-meta":"","header-main-stick-meta":"","header-below-stick-meta":"","astra-migrate-meta-layouts":"set","ast-page-background-enabled":"default","ast-page-background-meta":{"desktop":{"background-color":"var(--ast-global-color-5)","background-image":"","background-repeat":"repeat","background-position":"center center","background-size":"auto","background-attachment":"scroll","background-type":"","background-media":"","overlay-type":"","overlay-color":"","overlay-opacity":"","overlay-gradient":""},"tablet":{"background-color":"","background-image":"","background-repeat":"repeat","background-position":"center center","background-size":"auto","background-attachment":"scroll","background-type":"","background-media":"","overlay-type":"","overlay-color":"","overlay-opacity":"","overlay-gradient":""},"mobile":{"background-color":"","background-image":"","background-repeat":"repeat","background-position":"center center","background-size":"auto","background-attachment":"scroll","background-type":"","background-media":"","overlay-type":"","overlay-color":"","overlay-opacity":"","overlay-gradient":""}},"ast-content-background-meta":{"desktop":{"background-color":"var(--ast-global-color-4)","background-image":"","background-repeat":"repeat","background-position":"center center","background-size":"auto","background-attachment":"scroll","background-type":"","background-media":"","overlay-type":"","overlay-color":"","overlay-opacity":"","overlay-gradient":""},"tablet":{"background-color":"var(--ast-global-color-4)","background-image":"","background-repeat":"repeat","background-position":"center center","background-size":"auto","background-attachment":"scroll","background-type":"","background-media":"","overlay-type":"","overlay-color":"","overlay-opacity":"","overlay-gradient":""},"mobile":{"background-color":"var(--ast-global-color-4)","background-image":"","background-repeat":"repeat","background-position":"center center","background-size":"auto","background-attachment":"scroll","background-type":"","background-media":"","overlay-type":"","overlay-color":"","overlay-opacity":"","overlay-gradient":""}}},"product_brand":[],"product_cat":[22],"product_tag":[],"class_list":{"0":"post-139","1":"product","2":"type-product","3":"status-publish","4":"has-post-thumbnail","6":"product_cat-boucles-doreilles","7":"desktop-align-left","8":"tablet-align-left","9":"mobile-align-left","11":"first","12":"instock","13":"purchasable","14":"product-type-variable"},"jetpack_sharing_enabled":true,"_links":{"self":[{"href":"https:\/\/creasdemy.fr\/index.php\/wp-json\/wp\/v2\/product\/139","targetHints":{"allow":["GET"]}}],"collection":[{"href":"https:\/\/creasdemy.fr\/index.php\/wp-json\/wp\/v2\/product"}],"about":[{"href":"https:\/\/creasdemy.fr\/index.php\/wp-json\/wp\/v2\/types\/product"}],"replies":[{"embeddable":true,"href":"https:\/\/creasdemy.fr\/index.php\/wp-json\/wp\/v2\/comments?post=139"}],"wp:featuredmedia":[{"embeddable":true,"href":"https:\/\/creasdemy.fr\/index.php\/wp-json\/wp\/v2\/media\/134"}],"wp:attachment":[{"href":"https:\/\/creasdemy.fr\/index.php\/wp-json\/wp\/v2\/media?parent=139"}],"wp:term":[{"taxonomy":"product_brand","embeddable":true,"href":"https:\/\/creasdemy.fr\/index.php\/wp-json\/wp\/v2\/product_brand?post=139"},{"taxonomy":"product_cat","embeddable":true,"href":"https:\/\/creasdemy.fr\/index.php\/wp-json\/wp\/v2\/product_cat?post=139"},{"taxonomy":"product_tag","embeddable":true,"href":"https:\/\/creasdemy.fr\/index.php\/wp-json\/wp\/v2\/product_tag?post=139"}],"curies":[{"name":"wp","href":"https:\/\/api.w.org\/{rel}","templated":true}]}}