{"id":141,"date":"2026-02-25T16:43:52","date_gmt":"2026-02-25T16:43:52","guid":{"rendered":"https:\/\/creasdemy.fr\/?post_type=product&#038;p=141"},"modified":"2026-03-07T15:13:54","modified_gmt":"2026-03-07T15:13:54","slug":"boucles-doreilles-hibou","status":"publish","type":"product","link":"https:\/\/creasdemy.fr\/index.php\/product\/boucles-doreilles-hibou\/","title":{"rendered":"Boucles d&#8217;oreilles &#8220;hibou&#8221;"},"content":{"rendered":"<h2 data-start=\"66\" data-end=\"98\">\ud83e\udd89 Boucles d\u2019oreilles \u201cHibou\u201d<\/h2>\n<p data-start=\"100\" data-end=\"317\">Ajoutez une touche de myst\u00e8re et d\u2019\u00e9l\u00e9gance \u00e0 votre style avec ces boucles d\u2019oreilles en forme de hibou. Symbole de sagesse et de protection, le hibou apporte une dimension unique et pleine de caract\u00e8re \u00e0 votre tenue.<\/p>\n<p data-start=\"319\" data-end=\"441\">L\u00e9g\u00e8res et confortables, elles sont id\u00e9ales pour un look original, que ce soit au quotidien ou pour une occasion sp\u00e9ciale.<\/p>\n<p data-start=\"443\" data-end=\"658\">\u2728 Design fin et d\u00e9taill\u00e9<br data-start=\"467\" data-end=\"470\" \/>\u2728 L\u00e9g\u00e8res et agr\u00e9ables \u00e0 porter<br data-start=\"501\" data-end=\"504\" \/>\u2728 Impression 3D soign\u00e9e<br data-start=\"527\" data-end=\"530\" \/>\u2728 <strong data-start=\"532\" data-end=\"612\">Fermoir en acier inoxydable hypoallerg\u00e9nique, id\u00e9al pour les peaux sensibles<\/strong><br data-start=\"612\" data-end=\"615\" \/>\u2728 Id\u00e9ales pour offrir ou se faire plaisir<\/p>\n<p data-start=\"660\" data-end=\"753\">Un bijou plein de charme pour celles et ceux qui aiment les accessoires qui ont du sens \ud83e\udd89\u2728<\/p>\n","protected":false},"excerpt":{"rendered":"<p>\ud83e\udd89 Boucles d\u2019oreilles \u201cHibou\u201d Ajoutez une touche de myst\u00e8re et d\u2019\u00e9l\u00e9gance \u00e0 votre style avec ces boucles d\u2019oreilles en forme [&hellip;]<\/p>\n","protected":false},"featured_media":137,"comment_status":"open","ping_status":"closed","template":"","meta":{"site-sidebar-layout":"default","site-content-layout":"","ast-site-content-layout":"default","site-content-style":"default","site-sidebar-style":"default","ast-global-header-display":"","ast-banner-title-visibility":"","ast-main-header-display":"","ast-hfb-above-header-display":"","ast-hfb-below-header-display":"","ast-hfb-mobile-header-display":"","site-post-title":"","ast-breadcrumbs-content":"","ast-featured-img":"","footer-sml-layout":"","ast-disable-related-posts":"","theme-transparent-header-meta":"default","adv-header-id-meta":"","stick-header-meta":"","header-above-stick-meta":"","header-main-stick-meta":"","header-below-stick-meta":"","astra-migrate-meta-layouts":"set","ast-page-background-enabled":"default","ast-page-background-meta":{"desktop":{"background-color":"var(--ast-global-color-5)","background-image":"","background-repeat":"repeat","background-position":"center center","background-size":"auto","background-attachment":"scroll","background-type":"","background-media":"","overlay-type":"","overlay-color":"","overlay-opacity":"","overlay-gradient":""},"tablet":{"background-color":"","background-image":"","background-repeat":"repeat","background-position":"center center","background-size":"auto","background-attachment":"scroll","background-type":"","background-media":"","overlay-type":"","overlay-color":"","overlay-opacity":"","overlay-gradient":""},"mobile":{"background-color":"","background-image":"","background-repeat":"repeat","background-position":"center center","background-size":"auto","background-attachment":"scroll","background-type":"","background-media":"","overlay-type":"","overlay-color":"","overlay-opacity":"","overlay-gradient":""}},"ast-content-background-meta":{"desktop":{"background-color":"var(--ast-global-color-4)","background-image":"","background-repeat":"repeat","background-position":"center center","background-size":"auto","background-attachment":"scroll","background-type":"","background-media":"","overlay-type":"","overlay-color":"","overlay-opacity":"","overlay-gradient":""},"tablet":{"background-color":"var(--ast-global-color-4)","background-image":"","background-repeat":"repeat","background-position":"center center","background-size":"auto","background-attachment":"scroll","background-type":"","background-media":"","overlay-type":"","overlay-color":"","overlay-opacity":"","overlay-gradient":""},"mobile":{"background-color":"var(--ast-global-color-4)","background-image":"","background-repeat":"repeat","background-position":"center center","background-size":"auto","background-attachment":"scroll","background-type":"","background-media":"","overlay-type":"","overlay-color":"","overlay-opacity":"","overlay-gradient":""}}},"product_brand":[],"product_cat":[22],"product_tag":[],"class_list":{"0":"post-141","1":"product","2":"type-product","3":"status-publish","4":"has-post-thumbnail","6":"product_cat-boucles-doreilles","7":"desktop-align-left","8":"tablet-align-left","9":"mobile-align-left","11":"first","12":"instock","13":"purchasable","14":"product-type-variable"},"jetpack_sharing_enabled":true,"_links":{"self":[{"href":"https:\/\/creasdemy.fr\/index.php\/wp-json\/wp\/v2\/product\/141","targetHints":{"allow":["GET"]}}],"collection":[{"href":"https:\/\/creasdemy.fr\/index.php\/wp-json\/wp\/v2\/product"}],"about":[{"href":"https:\/\/creasdemy.fr\/index.php\/wp-json\/wp\/v2\/types\/product"}],"replies":[{"embeddable":true,"href":"https:\/\/creasdemy.fr\/index.php\/wp-json\/wp\/v2\/comments?post=141"}],"wp:featuredmedia":[{"embeddable":true,"href":"https:\/\/creasdemy.fr\/index.php\/wp-json\/wp\/v2\/media\/137"}],"wp:attachment":[{"href":"https:\/\/creasdemy.fr\/index.php\/wp-json\/wp\/v2\/media?parent=141"}],"wp:term":[{"taxonomy":"product_brand","embeddable":true,"href":"https:\/\/creasdemy.fr\/index.php\/wp-json\/wp\/v2\/product_brand?post=141"},{"taxonomy":"product_cat","embeddable":true,"href":"https:\/\/creasdemy.fr\/index.php\/wp-json\/wp\/v2\/product_cat?post=141"},{"taxonomy":"product_tag","embeddable":true,"href":"https:\/\/creasdemy.fr\/index.php\/wp-json\/wp\/v2\/product_tag?post=141"}],"curies":[{"name":"wp","href":"https:\/\/api.w.org\/{rel}","templated":true}]}}