{"id":179,"date":"2026-02-25T16:53:51","date_gmt":"2026-02-25T16:53:51","guid":{"rendered":"https:\/\/creasdemy.fr\/?post_type=product&#038;p=179"},"modified":"2026-03-07T15:12:58","modified_gmt":"2026-03-07T15:12:58","slug":"boucles-doreilles-biere","status":"publish","type":"product","link":"https:\/\/creasdemy.fr\/index.php\/product\/boucles-doreilles-biere\/","title":{"rendered":"Boucles d&#8217;oreilles &#8220;biere&#8221;"},"content":{"rendered":"<h2 data-start=\"56\" data-end=\"97\">\ud83c\udf7a Boucles d\u2019oreilles \u201cVerre de bi\u00e8re\u201d<\/h2>\n<p data-start=\"99\" data-end=\"330\">Affichez votre esprit festif avec ces boucles d\u2019oreilles en forme de verre de bi\u00e8re, originales et pleines de caract\u00e8re. Un accessoire fun et d\u00e9cal\u00e9, parfait pour les amateurs de convivialit\u00e9 et les amoureux des moments entre amis.<\/p>\n<p data-start=\"332\" data-end=\"512\">L\u00e9g\u00e8res et confortables, elles apportent une touche humoristique et tendance \u00e0 votre tenue, que ce soit pour une soir\u00e9e, un festival ou simplement pour affirmer votre personnalit\u00e9.<\/p>\n<p data-start=\"514\" data-end=\"734\">\u2728 Design original et d\u00e9taill\u00e9<br data-start=\"543\" data-end=\"546\" \/>\u2728 L\u00e9g\u00e8res et agr\u00e9ables \u00e0 porter<br data-start=\"577\" data-end=\"580\" \/>\u2728 Impression 3D soign\u00e9e<br data-start=\"603\" data-end=\"606\" \/>\u2728 <strong data-start=\"608\" data-end=\"688\">Fermoir en acier inoxydable hypoallerg\u00e9nique, id\u00e9al pour les peaux sensibles<\/strong><br data-start=\"688\" data-end=\"691\" \/>\u2728 Id\u00e9ales pour offrir ou se faire plaisir<\/p>\n<p data-start=\"736\" data-end=\"803\">Un petit bijou plein de bonne humeur pour trinquer avec style \ud83c\udf7b\u2728<\/p>\n","protected":false},"excerpt":{"rendered":"<p>\ud83c\udf7a Boucles d\u2019oreilles \u201cVerre de bi\u00e8re\u201d Affichez votre esprit festif avec ces boucles d\u2019oreilles en forme de verre de bi\u00e8re, [&hellip;]<\/p>\n","protected":false},"featured_media":145,"comment_status":"open","ping_status":"closed","template":"","meta":{"site-sidebar-layout":"default","site-content-layout":"","ast-site-content-layout":"default","site-content-style":"default","site-sidebar-style":"default","ast-global-header-display":"","ast-banner-title-visibility":"","ast-main-header-display":"","ast-hfb-above-header-display":"","ast-hfb-below-header-display":"","ast-hfb-mobile-header-display":"","site-post-title":"","ast-breadcrumbs-content":"","ast-featured-img":"","footer-sml-layout":"","ast-disable-related-posts":"","theme-transparent-header-meta":"default","adv-header-id-meta":"","stick-header-meta":"","header-above-stick-meta":"","header-main-stick-meta":"","header-below-stick-meta":"","astra-migrate-meta-layouts":"set","ast-page-background-enabled":"default","ast-page-background-meta":{"desktop":{"background-color":"var(--ast-global-color-5)","background-image":"","background-repeat":"repeat","background-position":"center center","background-size":"auto","background-attachment":"scroll","background-type":"","background-media":"","overlay-type":"","overlay-color":"","overlay-opacity":"","overlay-gradient":""},"tablet":{"background-color":"","background-image":"","background-repeat":"repeat","background-position":"center center","background-size":"auto","background-attachment":"scroll","background-type":"","background-media":"","overlay-type":"","overlay-color":"","overlay-opacity":"","overlay-gradient":""},"mobile":{"background-color":"","background-image":"","background-repeat":"repeat","background-position":"center center","background-size":"auto","background-attachment":"scroll","background-type":"","background-media":"","overlay-type":"","overlay-color":"","overlay-opacity":"","overlay-gradient":""}},"ast-content-background-meta":{"desktop":{"background-color":"var(--ast-global-color-4)","background-image":"","background-repeat":"repeat","background-position":"center center","background-size":"auto","background-attachment":"scroll","background-type":"","background-media":"","overlay-type":"","overlay-color":"","overlay-opacity":"","overlay-gradient":""},"tablet":{"background-color":"var(--ast-global-color-4)","background-image":"","background-repeat":"repeat","background-position":"center center","background-size":"auto","background-attachment":"scroll","background-type":"","background-media":"","overlay-type":"","overlay-color":"","overlay-opacity":"","overlay-gradient":""},"mobile":{"background-color":"var(--ast-global-color-4)","background-image":"","background-repeat":"repeat","background-position":"center center","background-size":"auto","background-attachment":"scroll","background-type":"","background-media":"","overlay-type":"","overlay-color":"","overlay-opacity":"","overlay-gradient":""}}},"product_brand":[],"product_cat":[22],"product_tag":[],"class_list":{"0":"post-179","1":"product","2":"type-product","3":"status-publish","4":"has-post-thumbnail","6":"product_cat-boucles-doreilles","7":"desktop-align-left","8":"tablet-align-left","9":"mobile-align-left","11":"first","12":"instock","13":"purchasable","14":"product-type-variable"},"jetpack_sharing_enabled":true,"_links":{"self":[{"href":"https:\/\/creasdemy.fr\/index.php\/wp-json\/wp\/v2\/product\/179","targetHints":{"allow":["GET"]}}],"collection":[{"href":"https:\/\/creasdemy.fr\/index.php\/wp-json\/wp\/v2\/product"}],"about":[{"href":"https:\/\/creasdemy.fr\/index.php\/wp-json\/wp\/v2\/types\/product"}],"replies":[{"embeddable":true,"href":"https:\/\/creasdemy.fr\/index.php\/wp-json\/wp\/v2\/comments?post=179"}],"wp:featuredmedia":[{"embeddable":true,"href":"https:\/\/creasdemy.fr\/index.php\/wp-json\/wp\/v2\/media\/145"}],"wp:attachment":[{"href":"https:\/\/creasdemy.fr\/index.php\/wp-json\/wp\/v2\/media?parent=179"}],"wp:term":[{"taxonomy":"product_brand","embeddable":true,"href":"https:\/\/creasdemy.fr\/index.php\/wp-json\/wp\/v2\/product_brand?post=179"},{"taxonomy":"product_cat","embeddable":true,"href":"https:\/\/creasdemy.fr\/index.php\/wp-json\/wp\/v2\/product_cat?post=179"},{"taxonomy":"product_tag","embeddable":true,"href":"https:\/\/creasdemy.fr\/index.php\/wp-json\/wp\/v2\/product_tag?post=179"}],"curies":[{"name":"wp","href":"https:\/\/api.w.org\/{rel}","templated":true}]}}