{"id":180,"date":"2026-03-02T16:18:50","date_gmt":"2026-03-02T16:18:50","guid":{"rendered":"https:\/\/creasdemy.fr\/?post_type=product&#038;p=180"},"modified":"2026-03-14T17:49:43","modified_gmt":"2026-03-14T17:49:43","slug":"boucles-doreilles-verre-de-spritz","status":"publish","type":"product","link":"https:\/\/creasdemy.fr\/index.php\/product\/boucles-doreilles-verre-de-spritz\/","title":{"rendered":"Boucles d&#8217;oreilles &#8220;verre de spritz&#8221;"},"content":{"rendered":"<h2 data-start=\"56\" data-end=\"98\">\ud83c\udf79 Boucles d\u2019oreilles \u201cVerre de Spritz\u201d<\/h2>\n<p data-start=\"100\" data-end=\"338\">Apportez une touche p\u00e9tillante et estivale \u00e0 votre style avec ces boucles d\u2019oreilles en forme de verre de Spritz. Inspir\u00e9es du c\u00e9l\u00e8bre cocktail aux notes ensoleill\u00e9es, elles incarnent la convivialit\u00e9, les soir\u00e9es d\u2019\u00e9t\u00e9 et la bonne humeur.<\/p>\n<p data-start=\"340\" data-end=\"481\">Originales et l\u00e9g\u00e8res, elles sont parfaites pour accessoiriser une tenue festive ou ajouter une touche fun et color\u00e9e \u00e0 votre look quotidien.<\/p>\n<p data-start=\"483\" data-end=\"705\">\u2728 Design d\u00e9taill\u00e9 et \u00e9l\u00e9gant<br data-start=\"511\" data-end=\"514\" \/>\u2728 L\u00e9g\u00e8res et confortables \u00e0 porter<br data-start=\"548\" data-end=\"551\" \/>\u2728 Impression 3D soign\u00e9e<br data-start=\"574\" data-end=\"577\" \/>\u2728 <strong data-start=\"579\" data-end=\"659\">Fermoir en acier inoxydable hypoallerg\u00e9nique, id\u00e9al pour les peaux sensibles<\/strong><br data-start=\"659\" data-end=\"662\" \/>\u2728 Id\u00e9ales pour offrir ou se faire plaisir<\/p>\n<p data-start=\"707\" data-end=\"783\">Un bijou p\u00e9tillant pour briller lors de vos ap\u00e9ritifs et soir\u00e9es d\u2019\u00e9t\u00e9 \ud83c\udf4a\u2728<\/p>\n","protected":false},"excerpt":{"rendered":"<p>\ud83c\udf79 Boucles d\u2019oreilles \u201cVerre de Spritz\u201d Apportez une touche p\u00e9tillante et estivale \u00e0 votre style avec ces boucles d\u2019oreilles en [&hellip;]<\/p>\n","protected":false},"featured_media":146,"comment_status":"open","ping_status":"closed","template":"","meta":{"site-sidebar-layout":"default","site-content-layout":"","ast-site-content-layout":"default","site-content-style":"default","site-sidebar-style":"default","ast-global-header-display":"","ast-banner-title-visibility":"","ast-main-header-display":"","ast-hfb-above-header-display":"","ast-hfb-below-header-display":"","ast-hfb-mobile-header-display":"","site-post-title":"","ast-breadcrumbs-content":"","ast-featured-img":"","footer-sml-layout":"","ast-disable-related-posts":"","theme-transparent-header-meta":"default","adv-header-id-meta":"","stick-header-meta":"","header-above-stick-meta":"","header-main-stick-meta":"","header-below-stick-meta":"","astra-migrate-meta-layouts":"set","ast-page-background-enabled":"default","ast-page-background-meta":{"desktop":{"background-color":"var(--ast-global-color-5)","background-image":"","background-repeat":"repeat","background-position":"center center","background-size":"auto","background-attachment":"scroll","background-type":"","background-media":"","overlay-type":"","overlay-color":"","overlay-opacity":"","overlay-gradient":""},"tablet":{"background-color":"","background-image":"","background-repeat":"repeat","background-position":"center center","background-size":"auto","background-attachment":"scroll","background-type":"","background-media":"","overlay-type":"","overlay-color":"","overlay-opacity":"","overlay-gradient":""},"mobile":{"background-color":"","background-image":"","background-repeat":"repeat","background-position":"center center","background-size":"auto","background-attachment":"scroll","background-type":"","background-media":"","overlay-type":"","overlay-color":"","overlay-opacity":"","overlay-gradient":""}},"ast-content-background-meta":{"desktop":{"background-color":"var(--ast-global-color-4)","background-image":"","background-repeat":"repeat","background-position":"center center","background-size":"auto","background-attachment":"scroll","background-type":"","background-media":"","overlay-type":"","overlay-color":"","overlay-opacity":"","overlay-gradient":""},"tablet":{"background-color":"var(--ast-global-color-4)","background-image":"","background-repeat":"repeat","background-position":"center center","background-size":"auto","background-attachment":"scroll","background-type":"","background-media":"","overlay-type":"","overlay-color":"","overlay-opacity":"","overlay-gradient":""},"mobile":{"background-color":"var(--ast-global-color-4)","background-image":"","background-repeat":"repeat","background-position":"center center","background-size":"auto","background-attachment":"scroll","background-type":"","background-media":"","overlay-type":"","overlay-color":"","overlay-opacity":"","overlay-gradient":""}}},"product_brand":[],"product_cat":[22],"product_tag":[],"class_list":{"0":"post-180","1":"product","2":"type-product","3":"status-publish","4":"has-post-thumbnail","6":"product_cat-boucles-doreilles","7":"desktop-align-left","8":"tablet-align-left","9":"mobile-align-left","11":"first","12":"instock","13":"shipping-taxable","14":"purchasable","15":"product-type-variable"},"jetpack_sharing_enabled":true,"_links":{"self":[{"href":"https:\/\/creasdemy.fr\/index.php\/wp-json\/wp\/v2\/product\/180","targetHints":{"allow":["GET"]}}],"collection":[{"href":"https:\/\/creasdemy.fr\/index.php\/wp-json\/wp\/v2\/product"}],"about":[{"href":"https:\/\/creasdemy.fr\/index.php\/wp-json\/wp\/v2\/types\/product"}],"replies":[{"embeddable":true,"href":"https:\/\/creasdemy.fr\/index.php\/wp-json\/wp\/v2\/comments?post=180"}],"wp:featuredmedia":[{"embeddable":true,"href":"https:\/\/creasdemy.fr\/index.php\/wp-json\/wp\/v2\/media\/146"}],"wp:attachment":[{"href":"https:\/\/creasdemy.fr\/index.php\/wp-json\/wp\/v2\/media?parent=180"}],"wp:term":[{"taxonomy":"product_brand","embeddable":true,"href":"https:\/\/creasdemy.fr\/index.php\/wp-json\/wp\/v2\/product_brand?post=180"},{"taxonomy":"product_cat","embeddable":true,"href":"https:\/\/creasdemy.fr\/index.php\/wp-json\/wp\/v2\/product_cat?post=180"},{"taxonomy":"product_tag","embeddable":true,"href":"https:\/\/creasdemy.fr\/index.php\/wp-json\/wp\/v2\/product_tag?post=180"}],"curies":[{"name":"wp","href":"https:\/\/api.w.org\/{rel}","templated":true}]}}