{"id":183,"date":"2026-02-25T17:11:52","date_gmt":"2026-02-25T17:11:52","guid":{"rendered":"https:\/\/creasdemy.fr\/?post_type=product&#038;p=183"},"modified":"2026-03-02T16:17:39","modified_gmt":"2026-03-02T16:17:39","slug":"boucles-doreilles-love","status":"publish","type":"product","link":"https:\/\/creasdemy.fr\/index.php\/product\/boucles-doreilles-love\/","title":{"rendered":"Boucles d&#8217;oreilles &#8220;love&#8221;"},"content":{"rendered":"<h2 data-start=\"66\" data-end=\"97\">\u2764\ufe0f Boucles d\u2019oreilles \u201cLove\u201d<\/h2>\n<p data-start=\"99\" data-end=\"299\">Exprimez vos sentiments avec \u00e9l\u00e9gance gr\u00e2ce \u00e0 ces boucles d\u2019oreilles \u201cLove\u201d, un bijou symbole d\u2019amour et de tendresse. Leur design d\u00e9licat apporte une touche romantique et moderne \u00e0 toutes vos tenues.<\/p>\n<p data-start=\"301\" data-end=\"427\">L\u00e9g\u00e8res et agr\u00e9ables \u00e0 porter, elles sont parfaites pour le quotidien ou pour sublimer une tenue lors d\u2019une occasion sp\u00e9ciale.<\/p>\n<p data-start=\"429\" data-end=\"647\">\u2728 Design romantique et intemporel<br data-start=\"462\" data-end=\"465\" \/>\u2728 L\u00e9g\u00e8res et confortables<br data-start=\"490\" data-end=\"493\" \/>\u2728 Impression 3D soign\u00e9e<br data-start=\"516\" data-end=\"519\" \/>\u2728 <strong data-start=\"521\" data-end=\"601\">Fermoir en acier inoxydable hypoallerg\u00e9nique, id\u00e9al pour les peaux sensibles<\/strong><br data-start=\"601\" data-end=\"604\" \/>\u2728 Id\u00e9ales pour offrir ou se faire plaisir<\/p>\n<p data-start=\"649\" data-end=\"710\">Un bijou plein de douceur pour dire \u201cLove\u201d au quotidien \u2764\ufe0f\u2728<\/p>\n","protected":false},"excerpt":{"rendered":"<p>\u2764\ufe0f Boucles d\u2019oreilles \u201cLove\u201d Exprimez vos sentiments avec \u00e9l\u00e9gance gr\u00e2ce \u00e0 ces boucles d\u2019oreilles \u201cLove\u201d, un bijou symbole d\u2019amour et [&hellip;]<\/p>\n","protected":false},"featured_media":148,"comment_status":"open","ping_status":"closed","template":"","meta":{"site-sidebar-layout":"default","site-content-layout":"","ast-site-content-layout":"default","site-content-style":"default","site-sidebar-style":"default","ast-global-header-display":"","ast-banner-title-visibility":"","ast-main-header-display":"","ast-hfb-above-header-display":"","ast-hfb-below-header-display":"","ast-hfb-mobile-header-display":"","site-post-title":"","ast-breadcrumbs-content":"","ast-featured-img":"","footer-sml-layout":"","ast-disable-related-posts":"","theme-transparent-header-meta":"default","adv-header-id-meta":"","stick-header-meta":"","header-above-stick-meta":"","header-main-stick-meta":"","header-below-stick-meta":"","astra-migrate-meta-layouts":"set","ast-page-background-enabled":"default","ast-page-background-meta":{"desktop":{"background-color":"var(--ast-global-color-5)","background-image":"","background-repeat":"repeat","background-position":"center center","background-size":"auto","background-attachment":"scroll","background-type":"","background-media":"","overlay-type":"","overlay-color":"","overlay-opacity":"","overlay-gradient":""},"tablet":{"background-color":"","background-image":"","background-repeat":"repeat","background-position":"center center","background-size":"auto","background-attachment":"scroll","background-type":"","background-media":"","overlay-type":"","overlay-color":"","overlay-opacity":"","overlay-gradient":""},"mobile":{"background-color":"","background-image":"","background-repeat":"repeat","background-position":"center center","background-size":"auto","background-attachment":"scroll","background-type":"","background-media":"","overlay-type":"","overlay-color":"","overlay-opacity":"","overlay-gradient":""}},"ast-content-background-meta":{"desktop":{"background-color":"var(--ast-global-color-4)","background-image":"","background-repeat":"repeat","background-position":"center center","background-size":"auto","background-attachment":"scroll","background-type":"","background-media":"","overlay-type":"","overlay-color":"","overlay-opacity":"","overlay-gradient":""},"tablet":{"background-color":"var(--ast-global-color-4)","background-image":"","background-repeat":"repeat","background-position":"center center","background-size":"auto","background-attachment":"scroll","background-type":"","background-media":"","overlay-type":"","overlay-color":"","overlay-opacity":"","overlay-gradient":""},"mobile":{"background-color":"var(--ast-global-color-4)","background-image":"","background-repeat":"repeat","background-position":"center center","background-size":"auto","background-attachment":"scroll","background-type":"","background-media":"","overlay-type":"","overlay-color":"","overlay-opacity":"","overlay-gradient":""}}},"product_brand":[],"product_cat":[22],"product_tag":[],"class_list":{"0":"post-183","1":"product","2":"type-product","3":"status-publish","4":"has-post-thumbnail","6":"product_cat-boucles-doreilles","7":"desktop-align-left","8":"tablet-align-left","9":"mobile-align-left","11":"first","12":"instock","13":"purchasable","14":"product-type-variable"},"jetpack_sharing_enabled":true,"_links":{"self":[{"href":"https:\/\/creasdemy.fr\/index.php\/wp-json\/wp\/v2\/product\/183","targetHints":{"allow":["GET"]}}],"collection":[{"href":"https:\/\/creasdemy.fr\/index.php\/wp-json\/wp\/v2\/product"}],"about":[{"href":"https:\/\/creasdemy.fr\/index.php\/wp-json\/wp\/v2\/types\/product"}],"replies":[{"embeddable":true,"href":"https:\/\/creasdemy.fr\/index.php\/wp-json\/wp\/v2\/comments?post=183"}],"wp:featuredmedia":[{"embeddable":true,"href":"https:\/\/creasdemy.fr\/index.php\/wp-json\/wp\/v2\/media\/148"}],"wp:attachment":[{"href":"https:\/\/creasdemy.fr\/index.php\/wp-json\/wp\/v2\/media?parent=183"}],"wp:term":[{"taxonomy":"product_brand","embeddable":true,"href":"https:\/\/creasdemy.fr\/index.php\/wp-json\/wp\/v2\/product_brand?post=183"},{"taxonomy":"product_cat","embeddable":true,"href":"https:\/\/creasdemy.fr\/index.php\/wp-json\/wp\/v2\/product_cat?post=183"},{"taxonomy":"product_tag","embeddable":true,"href":"https:\/\/creasdemy.fr\/index.php\/wp-json\/wp\/v2\/product_tag?post=183"}],"curies":[{"name":"wp","href":"https:\/\/api.w.org\/{rel}","templated":true}]}}