{"id":184,"date":"2026-02-25T17:14:48","date_gmt":"2026-02-25T17:14:48","guid":{"rendered":"https:\/\/creasdemy.fr\/?post_type=product&#038;p=184"},"modified":"2026-03-14T17:59:12","modified_gmt":"2026-03-14T17:59:12","slug":"boucles-doreilles-verre-de-vin-rouge","status":"publish","type":"product","link":"https:\/\/creasdemy.fr\/index.php\/product\/boucles-doreilles-verre-de-vin-rouge\/","title":{"rendered":"Boucles d&#8217;oreilles &#8220;verre de vin rouge&#8221;"},"content":{"rendered":"<h2 data-start=\"56\" data-end=\"101\">\ud83c\udf77 Boucles d\u2019oreilles \u201cVerre de vin rouge\u201d<\/h2>\n<p data-start=\"103\" data-end=\"341\">Apportez une touche d\u2019\u00e9l\u00e9gance et de caract\u00e8re \u00e0 votre style avec ces boucles d\u2019oreilles en forme de verre de vin rouge. Un bijou original qui \u00e9voque les moments de convivialit\u00e9, les soir\u00e9es entre amis et le plaisir des instants partag\u00e9s.<\/p>\n<p data-start=\"343\" data-end=\"498\">L\u00e9g\u00e8res et agr\u00e9ables \u00e0 porter, elles ajoutent une note raffin\u00e9e et d\u00e9cal\u00e9e \u00e0 votre tenue, parfaite pour les amateurs de vin et les personnalit\u00e9s affirm\u00e9es.<\/p>\n<p data-start=\"500\" data-end=\"713\">\u2728 Design \u00e9l\u00e9gant et d\u00e9taill\u00e9<br data-start=\"528\" data-end=\"531\" \/>\u2728 L\u00e9g\u00e8res et confortables<br data-start=\"556\" data-end=\"559\" \/>\u2728 Impression 3D soign\u00e9e<br data-start=\"582\" data-end=\"585\" \/>\u2728 <strong data-start=\"587\" data-end=\"667\">Fermoir en acier inoxydable hypoallerg\u00e9nique, id\u00e9al pour les peaux sensibles<\/strong><br data-start=\"667\" data-end=\"670\" \/>\u2728 Id\u00e9ales pour offrir ou se faire plaisir<\/p>\n<p data-start=\"715\" data-end=\"776\">Un accessoire chic et original pour trinquer avec style \ud83c\udf77\u2728<\/p>\n","protected":false},"excerpt":{"rendered":"<p>\ud83c\udf77 Boucles d\u2019oreilles \u201cVerre de vin rouge\u201d Apportez une touche d\u2019\u00e9l\u00e9gance et de caract\u00e8re \u00e0 votre style avec ces boucles [&hellip;]<\/p>\n","protected":false},"featured_media":147,"comment_status":"open","ping_status":"closed","template":"","meta":{"site-sidebar-layout":"default","site-content-layout":"","ast-site-content-layout":"default","site-content-style":"default","site-sidebar-style":"default","ast-global-header-display":"","ast-banner-title-visibility":"","ast-main-header-display":"","ast-hfb-above-header-display":"","ast-hfb-below-header-display":"","ast-hfb-mobile-header-display":"","site-post-title":"","ast-breadcrumbs-content":"","ast-featured-img":"","footer-sml-layout":"","ast-disable-related-posts":"","theme-transparent-header-meta":"default","adv-header-id-meta":"","stick-header-meta":"","header-above-stick-meta":"","header-main-stick-meta":"","header-below-stick-meta":"","astra-migrate-meta-layouts":"set","ast-page-background-enabled":"default","ast-page-background-meta":{"desktop":{"background-color":"var(--ast-global-color-5)","background-image":"","background-repeat":"repeat","background-position":"center center","background-size":"auto","background-attachment":"scroll","background-type":"","background-media":"","overlay-type":"","overlay-color":"","overlay-opacity":"","overlay-gradient":""},"tablet":{"background-color":"","background-image":"","background-repeat":"repeat","background-position":"center center","background-size":"auto","background-attachment":"scroll","background-type":"","background-media":"","overlay-type":"","overlay-color":"","overlay-opacity":"","overlay-gradient":""},"mobile":{"background-color":"","background-image":"","background-repeat":"repeat","background-position":"center center","background-size":"auto","background-attachment":"scroll","background-type":"","background-media":"","overlay-type":"","overlay-color":"","overlay-opacity":"","overlay-gradient":""}},"ast-content-background-meta":{"desktop":{"background-color":"var(--ast-global-color-4)","background-image":"","background-repeat":"repeat","background-position":"center center","background-size":"auto","background-attachment":"scroll","background-type":"","background-media":"","overlay-type":"","overlay-color":"","overlay-opacity":"","overlay-gradient":""},"tablet":{"background-color":"var(--ast-global-color-4)","background-image":"","background-repeat":"repeat","background-position":"center center","background-size":"auto","background-attachment":"scroll","background-type":"","background-media":"","overlay-type":"","overlay-color":"","overlay-opacity":"","overlay-gradient":""},"mobile":{"background-color":"var(--ast-global-color-4)","background-image":"","background-repeat":"repeat","background-position":"center center","background-size":"auto","background-attachment":"scroll","background-type":"","background-media":"","overlay-type":"","overlay-color":"","overlay-opacity":"","overlay-gradient":""}}},"product_brand":[],"product_cat":[22],"product_tag":[],"class_list":{"0":"post-184","1":"product","2":"type-product","3":"status-publish","4":"has-post-thumbnail","6":"product_cat-boucles-doreilles","7":"desktop-align-left","8":"tablet-align-left","9":"mobile-align-left","11":"first","12":"instock","13":"purchasable","14":"product-type-variable"},"jetpack_sharing_enabled":true,"_links":{"self":[{"href":"https:\/\/creasdemy.fr\/index.php\/wp-json\/wp\/v2\/product\/184","targetHints":{"allow":["GET"]}}],"collection":[{"href":"https:\/\/creasdemy.fr\/index.php\/wp-json\/wp\/v2\/product"}],"about":[{"href":"https:\/\/creasdemy.fr\/index.php\/wp-json\/wp\/v2\/types\/product"}],"replies":[{"embeddable":true,"href":"https:\/\/creasdemy.fr\/index.php\/wp-json\/wp\/v2\/comments?post=184"}],"wp:featuredmedia":[{"embeddable":true,"href":"https:\/\/creasdemy.fr\/index.php\/wp-json\/wp\/v2\/media\/147"}],"wp:attachment":[{"href":"https:\/\/creasdemy.fr\/index.php\/wp-json\/wp\/v2\/media?parent=184"}],"wp:term":[{"taxonomy":"product_brand","embeddable":true,"href":"https:\/\/creasdemy.fr\/index.php\/wp-json\/wp\/v2\/product_brand?post=184"},{"taxonomy":"product_cat","embeddable":true,"href":"https:\/\/creasdemy.fr\/index.php\/wp-json\/wp\/v2\/product_cat?post=184"},{"taxonomy":"product_tag","embeddable":true,"href":"https:\/\/creasdemy.fr\/index.php\/wp-json\/wp\/v2\/product_tag?post=184"}],"curies":[{"name":"wp","href":"https:\/\/api.w.org\/{rel}","templated":true}]}}