{"id":185,"date":"2026-02-25T17:18:47","date_gmt":"2026-02-25T17:18:47","guid":{"rendered":"https:\/\/creasdemy.fr\/?post_type=product&#038;p=185"},"modified":"2026-03-02T16:16:19","modified_gmt":"2026-03-02T16:16:19","slug":"boucles-doreilles-noeud-papillon","status":"publish","type":"product","link":"https:\/\/creasdemy.fr\/index.php\/product\/boucles-doreilles-noeud-papillon\/","title":{"rendered":"Boucles d&#8217;oreilles &#8220;n\u0153ud papillon&#8221;"},"content":{"rendered":"<h2 data-start=\"83\" data-end=\"123\">\ud83c\udf80 Boucles d\u2019oreilles \u201cN\u0153ud papillon\u201d<\/h2>\n<p data-start=\"125\" data-end=\"334\">Ajoutez une touche d\u2019\u00e9l\u00e9gance et d\u2019originalit\u00e9 \u00e0 votre style avec ces boucles d\u2019oreilles en forme de n\u0153ud papillon. Chic et intemporelles, elles apportent une note raffin\u00e9e tout en restant modernes et l\u00e9g\u00e8res.<\/p>\n<p data-start=\"336\" data-end=\"488\">Parfaites pour une tenue habill\u00e9e, une c\u00e9r\u00e9monie ou simplement pour affirmer votre personnalit\u00e9 avec subtilit\u00e9, elles s\u2019adaptent \u00e0 toutes les occasions.<\/p>\n<p data-start=\"490\" data-end=\"773\">\u2728 Design \u00e9l\u00e9gant et soign\u00e9<br data-start=\"516\" data-end=\"519\" \/>\u2728 L\u00e9g\u00e8res et confortables \u00e0 porter<br data-start=\"553\" data-end=\"556\" \/>\u2728 Impression 3D pr\u00e9cise et d\u00e9taill\u00e9e<br data-start=\"592\" data-end=\"595\" \/>\ud83c\udfa8 <strong data-start=\"598\" data-end=\"642\">Couleur personnalisable selon vos envies<\/strong><br data-start=\"642\" data-end=\"645\" \/>\u2728 <strong data-start=\"647\" data-end=\"727\">Fermoir en acier inoxydable hypoallerg\u00e9nique, id\u00e9al pour les peaux sensibles<\/strong><br data-start=\"727\" data-end=\"730\" \/>\u2728 Id\u00e9ales pour offrir ou se faire plaisir<\/p>\n<p data-start=\"775\" data-end=\"840\">Un petit bijou styl\u00e9 et unique qui fait toute la diff\u00e9rence \ud83c\udf80\u2728<\/p>\n","protected":false},"excerpt":{"rendered":"<p>\ud83c\udf80 Boucles d\u2019oreilles \u201cN\u0153ud papillon\u201d Ajoutez une touche d\u2019\u00e9l\u00e9gance et d\u2019originalit\u00e9 \u00e0 votre style avec ces boucles d\u2019oreilles en forme [&hellip;]<\/p>\n","protected":false},"featured_media":149,"comment_status":"open","ping_status":"closed","template":"","meta":{"site-sidebar-layout":"default","site-content-layout":"","ast-site-content-layout":"default","site-content-style":"default","site-sidebar-style":"default","ast-global-header-display":"","ast-banner-title-visibility":"","ast-main-header-display":"","ast-hfb-above-header-display":"","ast-hfb-below-header-display":"","ast-hfb-mobile-header-display":"","site-post-title":"","ast-breadcrumbs-content":"","ast-featured-img":"","footer-sml-layout":"","ast-disable-related-posts":"","theme-transparent-header-meta":"default","adv-header-id-meta":"","stick-header-meta":"","header-above-stick-meta":"","header-main-stick-meta":"","header-below-stick-meta":"","astra-migrate-meta-layouts":"set","ast-page-background-enabled":"default","ast-page-background-meta":{"desktop":{"background-color":"var(--ast-global-color-5)","background-image":"","background-repeat":"repeat","background-position":"center center","background-size":"auto","background-attachment":"scroll","background-type":"","background-media":"","overlay-type":"","overlay-color":"","overlay-opacity":"","overlay-gradient":""},"tablet":{"background-color":"","background-image":"","background-repeat":"repeat","background-position":"center center","background-size":"auto","background-attachment":"scroll","background-type":"","background-media":"","overlay-type":"","overlay-color":"","overlay-opacity":"","overlay-gradient":""},"mobile":{"background-color":"","background-image":"","background-repeat":"repeat","background-position":"center center","background-size":"auto","background-attachment":"scroll","background-type":"","background-media":"","overlay-type":"","overlay-color":"","overlay-opacity":"","overlay-gradient":""}},"ast-content-background-meta":{"desktop":{"background-color":"var(--ast-global-color-4)","background-image":"","background-repeat":"repeat","background-position":"center center","background-size":"auto","background-attachment":"scroll","background-type":"","background-media":"","overlay-type":"","overlay-color":"","overlay-opacity":"","overlay-gradient":""},"tablet":{"background-color":"var(--ast-global-color-4)","background-image":"","background-repeat":"repeat","background-position":"center center","background-size":"auto","background-attachment":"scroll","background-type":"","background-media":"","overlay-type":"","overlay-color":"","overlay-opacity":"","overlay-gradient":""},"mobile":{"background-color":"var(--ast-global-color-4)","background-image":"","background-repeat":"repeat","background-position":"center center","background-size":"auto","background-attachment":"scroll","background-type":"","background-media":"","overlay-type":"","overlay-color":"","overlay-opacity":"","overlay-gradient":""}}},"product_brand":[],"product_cat":[22],"product_tag":[],"class_list":{"0":"post-185","1":"product","2":"type-product","3":"status-publish","4":"has-post-thumbnail","6":"product_cat-boucles-doreilles","7":"desktop-align-left","8":"tablet-align-left","9":"mobile-align-left","11":"first","12":"instock","13":"purchasable","14":"product-type-variable"},"jetpack_sharing_enabled":true,"_links":{"self":[{"href":"https:\/\/creasdemy.fr\/index.php\/wp-json\/wp\/v2\/product\/185","targetHints":{"allow":["GET"]}}],"collection":[{"href":"https:\/\/creasdemy.fr\/index.php\/wp-json\/wp\/v2\/product"}],"about":[{"href":"https:\/\/creasdemy.fr\/index.php\/wp-json\/wp\/v2\/types\/product"}],"replies":[{"embeddable":true,"href":"https:\/\/creasdemy.fr\/index.php\/wp-json\/wp\/v2\/comments?post=185"}],"wp:featuredmedia":[{"embeddable":true,"href":"https:\/\/creasdemy.fr\/index.php\/wp-json\/wp\/v2\/media\/149"}],"wp:attachment":[{"href":"https:\/\/creasdemy.fr\/index.php\/wp-json\/wp\/v2\/media?parent=185"}],"wp:term":[{"taxonomy":"product_brand","embeddable":true,"href":"https:\/\/creasdemy.fr\/index.php\/wp-json\/wp\/v2\/product_brand?post=185"},{"taxonomy":"product_cat","embeddable":true,"href":"https:\/\/creasdemy.fr\/index.php\/wp-json\/wp\/v2\/product_cat?post=185"},{"taxonomy":"product_tag","embeddable":true,"href":"https:\/\/creasdemy.fr\/index.php\/wp-json\/wp\/v2\/product_tag?post=185"}],"curies":[{"name":"wp","href":"https:\/\/api.w.org\/{rel}","templated":true}]}}