{"id":186,"date":"2026-02-25T17:22:23","date_gmt":"2026-02-25T17:22:23","guid":{"rendered":"https:\/\/creasdemy.fr\/?post_type=product&#038;p=186"},"modified":"2026-03-07T11:28:18","modified_gmt":"2026-03-07T11:28:18","slug":"boucles-doreilles-coeur-tisse","status":"publish","type":"product","link":"https:\/\/creasdemy.fr\/index.php\/product\/boucles-doreilles-coeur-tisse\/","title":{"rendered":"Boucles d&#8217;oreilles &#8220;c\u0153ur tiss\u00e9&#8221;"},"content":{"rendered":"<h2 data-start=\"56\" data-end=\"93\">\u2764\ufe0f Boucles d\u2019oreilles \u201cC\u0153ur tiss\u00e9\u201d<\/h2>\n<p data-start=\"95\" data-end=\"326\">Laissez parler votre douceur avec ces boucles d\u2019oreilles en forme de c\u0153ur tiss\u00e9, symbole d\u2019amour et de d\u00e9licatesse. Leur design travaill\u00e9 apporte une touche \u00e9l\u00e9gante et romantique \u00e0 votre style, tout en restant moderne et original.<\/p>\n<p data-start=\"328\" data-end=\"433\">L\u00e9g\u00e8res et agr\u00e9ables \u00e0 porter, elles subliment aussi bien une tenue quotidienne qu\u2019une occasion sp\u00e9ciale.<\/p>\n<p data-start=\"435\" data-end=\"705\">\u2728 Design fin et effet tiss\u00e9 raffin\u00e9<br data-start=\"470\" data-end=\"473\" \/>\u2728 L\u00e9g\u00e8res et confortables<br data-start=\"498\" data-end=\"501\" \/>\u2728 Impression 3D soign\u00e9e<br data-start=\"524\" data-end=\"527\" \/>\ud83c\udfa8 <strong data-start=\"530\" data-end=\"574\">Couleur personnalisable selon vos envies<\/strong><br data-start=\"574\" data-end=\"577\" \/>\u2728 <strong data-start=\"579\" data-end=\"659\">Fermoir en acier inoxydable hypoallerg\u00e9nique, id\u00e9al pour les peaux sensibles<\/strong><br data-start=\"659\" data-end=\"662\" \/>\u2728 Id\u00e9ales pour offrir ou se faire plaisir<\/p>\n<p data-start=\"707\" data-end=\"773\">Un bijou plein de tendresse pour porter l\u2019amour au quotidien \u2764\ufe0f\u2728<\/p>\n","protected":false},"excerpt":{"rendered":"<p>\u2764\ufe0f Boucles d\u2019oreilles \u201cC\u0153ur tiss\u00e9\u201d Laissez parler votre douceur avec ces boucles d\u2019oreilles en forme de c\u0153ur tiss\u00e9, symbole d\u2019amour [&hellip;]<\/p>\n","protected":false},"featured_media":150,"comment_status":"open","ping_status":"closed","template":"","meta":{"site-sidebar-layout":"default","site-content-layout":"","ast-site-content-layout":"default","site-content-style":"default","site-sidebar-style":"default","ast-global-header-display":"","ast-banner-title-visibility":"","ast-main-header-display":"","ast-hfb-above-header-display":"","ast-hfb-below-header-display":"","ast-hfb-mobile-header-display":"","site-post-title":"","ast-breadcrumbs-content":"","ast-featured-img":"","footer-sml-layout":"","ast-disable-related-posts":"","theme-transparent-header-meta":"default","adv-header-id-meta":"","stick-header-meta":"","header-above-stick-meta":"","header-main-stick-meta":"","header-below-stick-meta":"","astra-migrate-meta-layouts":"set","ast-page-background-enabled":"default","ast-page-background-meta":{"desktop":{"background-color":"var(--ast-global-color-5)","background-image":"","background-repeat":"repeat","background-position":"center center","background-size":"auto","background-attachment":"scroll","background-type":"","background-media":"","overlay-type":"","overlay-color":"","overlay-opacity":"","overlay-gradient":""},"tablet":{"background-color":"","background-image":"","background-repeat":"repeat","background-position":"center center","background-size":"auto","background-attachment":"scroll","background-type":"","background-media":"","overlay-type":"","overlay-color":"","overlay-opacity":"","overlay-gradient":""},"mobile":{"background-color":"","background-image":"","background-repeat":"repeat","background-position":"center center","background-size":"auto","background-attachment":"scroll","background-type":"","background-media":"","overlay-type":"","overlay-color":"","overlay-opacity":"","overlay-gradient":""}},"ast-content-background-meta":{"desktop":{"background-color":"var(--ast-global-color-4)","background-image":"","background-repeat":"repeat","background-position":"center center","background-size":"auto","background-attachment":"scroll","background-type":"","background-media":"","overlay-type":"","overlay-color":"","overlay-opacity":"","overlay-gradient":""},"tablet":{"background-color":"var(--ast-global-color-4)","background-image":"","background-repeat":"repeat","background-position":"center center","background-size":"auto","background-attachment":"scroll","background-type":"","background-media":"","overlay-type":"","overlay-color":"","overlay-opacity":"","overlay-gradient":""},"mobile":{"background-color":"var(--ast-global-color-4)","background-image":"","background-repeat":"repeat","background-position":"center center","background-size":"auto","background-attachment":"scroll","background-type":"","background-media":"","overlay-type":"","overlay-color":"","overlay-opacity":"","overlay-gradient":""}}},"product_brand":[],"product_cat":[22],"product_tag":[],"class_list":{"0":"post-186","1":"product","2":"type-product","3":"status-publish","4":"has-post-thumbnail","6":"product_cat-boucles-doreilles","7":"desktop-align-left","8":"tablet-align-left","9":"mobile-align-left","11":"first","12":"instock","13":"purchasable","14":"product-type-variable"},"jetpack_sharing_enabled":true,"_links":{"self":[{"href":"https:\/\/creasdemy.fr\/index.php\/wp-json\/wp\/v2\/product\/186","targetHints":{"allow":["GET"]}}],"collection":[{"href":"https:\/\/creasdemy.fr\/index.php\/wp-json\/wp\/v2\/product"}],"about":[{"href":"https:\/\/creasdemy.fr\/index.php\/wp-json\/wp\/v2\/types\/product"}],"replies":[{"embeddable":true,"href":"https:\/\/creasdemy.fr\/index.php\/wp-json\/wp\/v2\/comments?post=186"}],"wp:featuredmedia":[{"embeddable":true,"href":"https:\/\/creasdemy.fr\/index.php\/wp-json\/wp\/v2\/media\/150"}],"wp:attachment":[{"href":"https:\/\/creasdemy.fr\/index.php\/wp-json\/wp\/v2\/media?parent=186"}],"wp:term":[{"taxonomy":"product_brand","embeddable":true,"href":"https:\/\/creasdemy.fr\/index.php\/wp-json\/wp\/v2\/product_brand?post=186"},{"taxonomy":"product_cat","embeddable":true,"href":"https:\/\/creasdemy.fr\/index.php\/wp-json\/wp\/v2\/product_cat?post=186"},{"taxonomy":"product_tag","embeddable":true,"href":"https:\/\/creasdemy.fr\/index.php\/wp-json\/wp\/v2\/product_tag?post=186"}],"curies":[{"name":"wp","href":"https:\/\/api.w.org\/{rel}","templated":true}]}}