{"id":187,"date":"2026-02-25T17:24:30","date_gmt":"2026-02-25T17:24:30","guid":{"rendered":"https:\/\/creasdemy.fr\/?post_type=product&#038;p=187"},"modified":"2026-03-07T11:25:39","modified_gmt":"2026-03-07T11:25:39","slug":"boucles-doreilles-bouche","status":"publish","type":"product","link":"https:\/\/creasdemy.fr\/index.php\/product\/boucles-doreilles-bouche\/","title":{"rendered":"Boucles d&#8217;oreilles &#8220;bouche&#8221;"},"content":{"rendered":"<h2 data-start=\"56\" data-end=\"89\">\ud83d\udc8b Boucles d\u2019oreilles \u201cBouche\u201d<\/h2>\n<p data-start=\"91\" data-end=\"314\">Affirmez votre style avec ces boucles d\u2019oreilles en forme de bouche, audacieuses et pleines de caract\u00e8re. Symbole de f\u00e9minit\u00e9, de glamour et d\u2019assurance, elles apportent une touche tendance et originale \u00e0 toutes vos tenues.<\/p>\n<p data-start=\"316\" data-end=\"415\">L\u00e9g\u00e8res et agr\u00e9ables \u00e0 porter, elles sont parfaites pour un look moderne, fun ou l\u00e9g\u00e8rement d\u00e9cal\u00e9.<\/p>\n<p data-start=\"417\" data-end=\"682\">\u2728 Design expressif et d\u00e9taill\u00e9<br data-start=\"447\" data-end=\"450\" \/>\u2728 L\u00e9g\u00e8res et confortables<br data-start=\"475\" data-end=\"478\" \/>\u2728 Impression 3D soign\u00e9e<br data-start=\"501\" data-end=\"504\" \/>\ud83c\udfa8 <strong data-start=\"507\" data-end=\"551\">Couleur personnalisable selon vos envies<\/strong><br data-start=\"551\" data-end=\"554\" \/>\u2728 <strong data-start=\"556\" data-end=\"636\">Fermoir en acier inoxydable hypoallerg\u00e9nique, id\u00e9al pour les peaux sensibles<\/strong><br data-start=\"636\" data-end=\"639\" \/>\u2728 Id\u00e9ales pour offrir ou se faire plaisir<\/p>\n<p data-start=\"684\" data-end=\"751\">Un bijou qui ne passe pas inaper\u00e7u\u2026 et qui fait parler de lui \ud83d\udc8b\u2728<\/p>\n","protected":false},"excerpt":{"rendered":"<p>\ud83d\udc8b Boucles d\u2019oreilles \u201cBouche\u201d Affirmez votre style avec ces boucles d\u2019oreilles en forme de bouche, audacieuses et pleines de caract\u00e8re. [&hellip;]<\/p>\n","protected":false},"featured_media":151,"comment_status":"open","ping_status":"closed","template":"","meta":{"site-sidebar-layout":"default","site-content-layout":"","ast-site-content-layout":"default","site-content-style":"default","site-sidebar-style":"default","ast-global-header-display":"","ast-banner-title-visibility":"","ast-main-header-display":"","ast-hfb-above-header-display":"","ast-hfb-below-header-display":"","ast-hfb-mobile-header-display":"","site-post-title":"","ast-breadcrumbs-content":"","ast-featured-img":"","footer-sml-layout":"","ast-disable-related-posts":"","theme-transparent-header-meta":"default","adv-header-id-meta":"","stick-header-meta":"","header-above-stick-meta":"","header-main-stick-meta":"","header-below-stick-meta":"","astra-migrate-meta-layouts":"set","ast-page-background-enabled":"default","ast-page-background-meta":{"desktop":{"background-color":"var(--ast-global-color-5)","background-image":"","background-repeat":"repeat","background-position":"center center","background-size":"auto","background-attachment":"scroll","background-type":"","background-media":"","overlay-type":"","overlay-color":"","overlay-opacity":"","overlay-gradient":""},"tablet":{"background-color":"","background-image":"","background-repeat":"repeat","background-position":"center center","background-size":"auto","background-attachment":"scroll","background-type":"","background-media":"","overlay-type":"","overlay-color":"","overlay-opacity":"","overlay-gradient":""},"mobile":{"background-color":"","background-image":"","background-repeat":"repeat","background-position":"center center","background-size":"auto","background-attachment":"scroll","background-type":"","background-media":"","overlay-type":"","overlay-color":"","overlay-opacity":"","overlay-gradient":""}},"ast-content-background-meta":{"desktop":{"background-color":"var(--ast-global-color-4)","background-image":"","background-repeat":"repeat","background-position":"center center","background-size":"auto","background-attachment":"scroll","background-type":"","background-media":"","overlay-type":"","overlay-color":"","overlay-opacity":"","overlay-gradient":""},"tablet":{"background-color":"var(--ast-global-color-4)","background-image":"","background-repeat":"repeat","background-position":"center center","background-size":"auto","background-attachment":"scroll","background-type":"","background-media":"","overlay-type":"","overlay-color":"","overlay-opacity":"","overlay-gradient":""},"mobile":{"background-color":"var(--ast-global-color-4)","background-image":"","background-repeat":"repeat","background-position":"center center","background-size":"auto","background-attachment":"scroll","background-type":"","background-media":"","overlay-type":"","overlay-color":"","overlay-opacity":"","overlay-gradient":""}}},"product_brand":[],"product_cat":[22],"product_tag":[],"class_list":{"0":"post-187","1":"product","2":"type-product","3":"status-publish","4":"has-post-thumbnail","6":"product_cat-boucles-doreilles","7":"desktop-align-left","8":"tablet-align-left","9":"mobile-align-left","11":"first","12":"instock","13":"purchasable","14":"product-type-variable"},"jetpack_sharing_enabled":true,"_links":{"self":[{"href":"https:\/\/creasdemy.fr\/index.php\/wp-json\/wp\/v2\/product\/187","targetHints":{"allow":["GET"]}}],"collection":[{"href":"https:\/\/creasdemy.fr\/index.php\/wp-json\/wp\/v2\/product"}],"about":[{"href":"https:\/\/creasdemy.fr\/index.php\/wp-json\/wp\/v2\/types\/product"}],"replies":[{"embeddable":true,"href":"https:\/\/creasdemy.fr\/index.php\/wp-json\/wp\/v2\/comments?post=187"}],"wp:featuredmedia":[{"embeddable":true,"href":"https:\/\/creasdemy.fr\/index.php\/wp-json\/wp\/v2\/media\/151"}],"wp:attachment":[{"href":"https:\/\/creasdemy.fr\/index.php\/wp-json\/wp\/v2\/media?parent=187"}],"wp:term":[{"taxonomy":"product_brand","embeddable":true,"href":"https:\/\/creasdemy.fr\/index.php\/wp-json\/wp\/v2\/product_brand?post=187"},{"taxonomy":"product_cat","embeddable":true,"href":"https:\/\/creasdemy.fr\/index.php\/wp-json\/wp\/v2\/product_cat?post=187"},{"taxonomy":"product_tag","embeddable":true,"href":"https:\/\/creasdemy.fr\/index.php\/wp-json\/wp\/v2\/product_tag?post=187"}],"curies":[{"name":"wp","href":"https:\/\/api.w.org\/{rel}","templated":true}]}}