{"id":1879,"date":"2026-03-14T18:17:30","date_gmt":"2026-03-14T18:17:30","guid":{"rendered":"https:\/\/creasdemy.fr\/?post_type=product&#038;p=1879"},"modified":"2026-03-21T15:55:27","modified_gmt":"2026-03-21T15:55:27","slug":"porte-cle-chien","status":"publish","type":"product","link":"https:\/\/creasdemy.fr\/index.php\/product\/porte-cle-chien\/","title":{"rendered":"Porte-cl\u00e9 Chien"},"content":{"rendered":"<h3 data-section-id=\"u8ygew\" data-start=\"0\" data-end=\"19\">Porte-cl\u00e9 Chien<\/h3>\n<p data-start=\"21\" data-end=\"268\">Craquez pour ce <strong data-start=\"37\" data-end=\"68\">porte-cl\u00e9 en forme de chien<\/strong>, un accessoire original et plein de charme pour accompagner vos cl\u00e9s au quotidien. Son design adorable plaira \u00e0 tous les amoureux des chiens et apportera une touche de personnalit\u00e9 \u00e0 votre trousseau.<\/p>\n<p data-start=\"270\" data-end=\"487\">L\u00e9ger et pratique, ce porte-cl\u00e9 est parfait pour garder vos cl\u00e9s toujours \u00e0 port\u00e9e de main tout en ajoutant une note d\u00e9corative. Il peut \u00e9galement \u00eatre accroch\u00e9 \u00e0 un sac ou \u00e0 une fermeture \u00e9clair pour un style unique.<\/p>\n<p data-start=\"489\" data-end=\"515\">\u2728 <strong data-start=\"491\" data-end=\"513\">Caract\u00e9ristiques :<\/strong><\/p>\n<ul data-start=\"516\" data-end=\"668\">\n<li data-section-id=\"vdche1\" data-start=\"516\" data-end=\"553\">\n<p data-start=\"518\" data-end=\"553\">Design chien original et adorable<\/p>\n<\/li>\n<li data-section-id=\"1ujfupo\" data-start=\"554\" data-end=\"587\">\n<p data-start=\"556\" data-end=\"587\">L\u00e9ger et facile \u00e0 transporter<\/p>\n<\/li>\n<li data-section-id=\"h7b35z\" data-start=\"588\" data-end=\"626\">\n<p data-start=\"590\" data-end=\"626\">Id\u00e9al pour les amoureux des chiens<\/p>\n<\/li>\n<li data-section-id=\"19mf09p\" data-start=\"627\" data-end=\"668\">\n<p data-start=\"629\" data-end=\"668\">Parfait pour cl\u00e9s, sac ou accessoires<\/p>\n<\/li>\n<\/ul>\n<p data-start=\"670\" data-end=\"804\" data-is-last-node=\"\" data-is-only-node=\"\">Une <strong data-start=\"674\" data-end=\"705\">petite id\u00e9e cadeau parfaite<\/strong> pour faire plaisir aux passionn\u00e9s de chiens ou pour ajouter une touche fun \u00e0 votre quotidien. \ud83d\udc36\ud83d\udd11<\/p>\n","protected":false},"excerpt":{"rendered":"<p>Porte-cl\u00e9 Chien Craquez pour ce porte-cl\u00e9 en forme de chien, un accessoire original et plein de charme pour accompagner vos [&hellip;]<\/p>\n","protected":false},"featured_media":1893,"comment_status":"open","ping_status":"closed","template":"","meta":{"site-sidebar-layout":"default","site-content-layout":"","ast-site-content-layout":"default","site-content-style":"default","site-sidebar-style":"default","ast-global-header-display":"","ast-banner-title-visibility":"","ast-main-header-display":"","ast-hfb-above-header-display":"","ast-hfb-below-header-display":"","ast-hfb-mobile-header-display":"","site-post-title":"","ast-breadcrumbs-content":"","ast-featured-img":"","footer-sml-layout":"","ast-disable-related-posts":"","theme-transparent-header-meta":"default","adv-header-id-meta":"","stick-header-meta":"","header-above-stick-meta":"","header-main-stick-meta":"","header-below-stick-meta":"","astra-migrate-meta-layouts":"set","ast-page-background-enabled":"default","ast-page-background-meta":{"desktop":{"background-color":"var(--ast-global-color-5)","background-image":"","background-repeat":"repeat","background-position":"center center","background-size":"auto","background-attachment":"scroll","background-type":"","background-media":"","overlay-type":"","overlay-color":"","overlay-opacity":"","overlay-gradient":""},"tablet":{"background-color":"","background-image":"","background-repeat":"repeat","background-position":"center center","background-size":"auto","background-attachment":"scroll","background-type":"","background-media":"","overlay-type":"","overlay-color":"","overlay-opacity":"","overlay-gradient":""},"mobile":{"background-color":"","background-image":"","background-repeat":"repeat","background-position":"center center","background-size":"auto","background-attachment":"scroll","background-type":"","background-media":"","overlay-type":"","overlay-color":"","overlay-opacity":"","overlay-gradient":""}},"ast-content-background-meta":{"desktop":{"background-color":"var(--ast-global-color-4)","background-image":"","background-repeat":"repeat","background-position":"center center","background-size":"auto","background-attachment":"scroll","background-type":"","background-media":"","overlay-type":"","overlay-color":"","overlay-opacity":"","overlay-gradient":""},"tablet":{"background-color":"var(--ast-global-color-4)","background-image":"","background-repeat":"repeat","background-position":"center center","background-size":"auto","background-attachment":"scroll","background-type":"","background-media":"","overlay-type":"","overlay-color":"","overlay-opacity":"","overlay-gradient":""},"mobile":{"background-color":"var(--ast-global-color-4)","background-image":"","background-repeat":"repeat","background-position":"center center","background-size":"auto","background-attachment":"scroll","background-type":"","background-media":"","overlay-type":"","overlay-color":"","overlay-opacity":"","overlay-gradient":""}}},"product_brand":[],"product_cat":[23],"product_tag":[],"class_list":{"0":"post-1879","1":"product","2":"type-product","3":"status-publish","4":"has-post-thumbnail","6":"product_cat-porte-cles","7":"desktop-align-left","8":"tablet-align-left","9":"mobile-align-left","11":"first","12":"instock","13":"shipping-taxable","14":"purchasable","15":"product-type-variable"},"jetpack_sharing_enabled":true,"_links":{"self":[{"href":"https:\/\/creasdemy.fr\/index.php\/wp-json\/wp\/v2\/product\/1879","targetHints":{"allow":["GET"]}}],"collection":[{"href":"https:\/\/creasdemy.fr\/index.php\/wp-json\/wp\/v2\/product"}],"about":[{"href":"https:\/\/creasdemy.fr\/index.php\/wp-json\/wp\/v2\/types\/product"}],"replies":[{"embeddable":true,"href":"https:\/\/creasdemy.fr\/index.php\/wp-json\/wp\/v2\/comments?post=1879"}],"wp:featuredmedia":[{"embeddable":true,"href":"https:\/\/creasdemy.fr\/index.php\/wp-json\/wp\/v2\/media\/1893"}],"wp:attachment":[{"href":"https:\/\/creasdemy.fr\/index.php\/wp-json\/wp\/v2\/media?parent=1879"}],"wp:term":[{"taxonomy":"product_brand","embeddable":true,"href":"https:\/\/creasdemy.fr\/index.php\/wp-json\/wp\/v2\/product_brand?post=1879"},{"taxonomy":"product_cat","embeddable":true,"href":"https:\/\/creasdemy.fr\/index.php\/wp-json\/wp\/v2\/product_cat?post=1879"},{"taxonomy":"product_tag","embeddable":true,"href":"https:\/\/creasdemy.fr\/index.php\/wp-json\/wp\/v2\/product_tag?post=1879"}],"curies":[{"name":"wp","href":"https:\/\/api.w.org\/{rel}","templated":true}]}}