{"id":189,"date":"2026-02-25T17:27:50","date_gmt":"2026-02-25T17:27:50","guid":{"rendered":"https:\/\/creasdemy.fr\/?post_type=product&#038;p=189"},"modified":"2026-03-07T11:21:36","modified_gmt":"2026-03-07T11:21:36","slug":"boucles-doreilles-plume","status":"publish","type":"product","link":"https:\/\/creasdemy.fr\/index.php\/product\/boucles-doreilles-plume\/","title":{"rendered":"Boucles d&#8217;oreilles &#8220;plume&#8221;"},"content":{"rendered":"<h2 data-start=\"56\" data-end=\"88\">\ud83e\udeb6 Boucles d\u2019oreilles \u201cPlume\u201d<\/h2>\n<p data-start=\"90\" data-end=\"294\">L\u00e9g\u00e8res et \u00e9l\u00e9gantes, ces boucles d\u2019oreilles en forme de plume apportent une touche de finesse et de libert\u00e9 \u00e0 votre style. Inspir\u00e9es par la nature, elles symbolisent la douceur, l\u2019\u00e9vasion et la l\u00e9g\u00e8ret\u00e9.<\/p>\n<p data-start=\"296\" data-end=\"419\">Faciles \u00e0 porter au quotidien comme pour une occasion sp\u00e9ciale, elles subliment votre tenue avec discr\u00e9tion et raffinement.<\/p>\n<p data-start=\"421\" data-end=\"679\">\u2728 Design fin et d\u00e9licat<br data-start=\"444\" data-end=\"447\" \/>\u2728 L\u00e9g\u00e8res et confortables<br data-start=\"472\" data-end=\"475\" \/>\u2728 Impression 3D soign\u00e9e<br data-start=\"498\" data-end=\"501\" \/>\ud83c\udfa8 <strong data-start=\"504\" data-end=\"548\">Couleur personnalisable selon vos envies<\/strong><br data-start=\"548\" data-end=\"551\" \/>\u2728 <strong data-start=\"553\" data-end=\"633\">Fermoir en acier inoxydable hypoallerg\u00e9nique, id\u00e9al pour les peaux sensibles<\/strong><br data-start=\"633\" data-end=\"636\" \/>\u2728 Id\u00e9ales pour offrir ou se faire plaisir<\/p>\n<p data-start=\"681\" data-end=\"744\">Un bijou a\u00e9rien et \u00e9l\u00e9gant pour un style tout en l\u00e9g\u00e8ret\u00e9 \ud83e\udeb6\u2728<\/p>\n","protected":false},"excerpt":{"rendered":"<p>\ud83e\udeb6 Boucles d\u2019oreilles \u201cPlume\u201d L\u00e9g\u00e8res et \u00e9l\u00e9gantes, ces boucles d\u2019oreilles en forme de plume apportent une touche de finesse et [&hellip;]<\/p>\n","protected":false},"featured_media":153,"comment_status":"open","ping_status":"closed","template":"","meta":{"site-sidebar-layout":"default","site-content-layout":"","ast-site-content-layout":"default","site-content-style":"default","site-sidebar-style":"default","ast-global-header-display":"","ast-banner-title-visibility":"","ast-main-header-display":"","ast-hfb-above-header-display":"","ast-hfb-below-header-display":"","ast-hfb-mobile-header-display":"","site-post-title":"","ast-breadcrumbs-content":"","ast-featured-img":"","footer-sml-layout":"","ast-disable-related-posts":"","theme-transparent-header-meta":"default","adv-header-id-meta":"","stick-header-meta":"","header-above-stick-meta":"","header-main-stick-meta":"","header-below-stick-meta":"","astra-migrate-meta-layouts":"set","ast-page-background-enabled":"default","ast-page-background-meta":{"desktop":{"background-color":"var(--ast-global-color-5)","background-image":"","background-repeat":"repeat","background-position":"center center","background-size":"auto","background-attachment":"scroll","background-type":"","background-media":"","overlay-type":"","overlay-color":"","overlay-opacity":"","overlay-gradient":""},"tablet":{"background-color":"","background-image":"","background-repeat":"repeat","background-position":"center center","background-size":"auto","background-attachment":"scroll","background-type":"","background-media":"","overlay-type":"","overlay-color":"","overlay-opacity":"","overlay-gradient":""},"mobile":{"background-color":"","background-image":"","background-repeat":"repeat","background-position":"center center","background-size":"auto","background-attachment":"scroll","background-type":"","background-media":"","overlay-type":"","overlay-color":"","overlay-opacity":"","overlay-gradient":""}},"ast-content-background-meta":{"desktop":{"background-color":"var(--ast-global-color-4)","background-image":"","background-repeat":"repeat","background-position":"center center","background-size":"auto","background-attachment":"scroll","background-type":"","background-media":"","overlay-type":"","overlay-color":"","overlay-opacity":"","overlay-gradient":""},"tablet":{"background-color":"var(--ast-global-color-4)","background-image":"","background-repeat":"repeat","background-position":"center center","background-size":"auto","background-attachment":"scroll","background-type":"","background-media":"","overlay-type":"","overlay-color":"","overlay-opacity":"","overlay-gradient":""},"mobile":{"background-color":"var(--ast-global-color-4)","background-image":"","background-repeat":"repeat","background-position":"center center","background-size":"auto","background-attachment":"scroll","background-type":"","background-media":"","overlay-type":"","overlay-color":"","overlay-opacity":"","overlay-gradient":""}}},"product_brand":[],"product_cat":[22],"product_tag":[],"class_list":{"0":"post-189","1":"product","2":"type-product","3":"status-publish","4":"has-post-thumbnail","6":"product_cat-boucles-doreilles","7":"desktop-align-left","8":"tablet-align-left","9":"mobile-align-left","11":"first","12":"instock","13":"purchasable","14":"product-type-variable"},"jetpack_sharing_enabled":true,"_links":{"self":[{"href":"https:\/\/creasdemy.fr\/index.php\/wp-json\/wp\/v2\/product\/189","targetHints":{"allow":["GET"]}}],"collection":[{"href":"https:\/\/creasdemy.fr\/index.php\/wp-json\/wp\/v2\/product"}],"about":[{"href":"https:\/\/creasdemy.fr\/index.php\/wp-json\/wp\/v2\/types\/product"}],"replies":[{"embeddable":true,"href":"https:\/\/creasdemy.fr\/index.php\/wp-json\/wp\/v2\/comments?post=189"}],"wp:featuredmedia":[{"embeddable":true,"href":"https:\/\/creasdemy.fr\/index.php\/wp-json\/wp\/v2\/media\/153"}],"wp:attachment":[{"href":"https:\/\/creasdemy.fr\/index.php\/wp-json\/wp\/v2\/media?parent=189"}],"wp:term":[{"taxonomy":"product_brand","embeddable":true,"href":"https:\/\/creasdemy.fr\/index.php\/wp-json\/wp\/v2\/product_brand?post=189"},{"taxonomy":"product_cat","embeddable":true,"href":"https:\/\/creasdemy.fr\/index.php\/wp-json\/wp\/v2\/product_cat?post=189"},{"taxonomy":"product_tag","embeddable":true,"href":"https:\/\/creasdemy.fr\/index.php\/wp-json\/wp\/v2\/product_tag?post=189"}],"curies":[{"name":"wp","href":"https:\/\/api.w.org\/{rel}","templated":true}]}}