{"id":1895,"date":"2026-03-18T10:07:00","date_gmt":"2026-03-18T10:07:00","guid":{"rendered":"https:\/\/creasdemy.fr\/?post_type=product&#038;p=1895"},"modified":"2026-03-18T10:07:00","modified_gmt":"2026-03-18T10:07:00","slug":"porte-cle-cameleon-articule","status":"publish","type":"product","link":"https:\/\/creasdemy.fr\/index.php\/product\/porte-cle-cameleon-articule\/","title":{"rendered":"Porte-cl\u00e9 cam\u00e9l\u00e9on articul\u00e9"},"content":{"rendered":"<p data-start=\"67\" data-end=\"120\"><strong data-start=\"67\" data-end=\"120\">Porte-cl\u00e9 cam\u00e9l\u00e9on articul\u00e9 \u2013 Original et ludique<\/strong><\/p>\n<p data-start=\"122\" data-end=\"358\">Ajoute une touche d\u2019originalit\u00e9 \u00e0 ton quotidien avec ce porte-cl\u00e9 cam\u00e9l\u00e9on articul\u00e9 ! Enti\u00e8rement con\u00e7u pour bouger, il offre une sensation agr\u00e9able en main gr\u00e2ce \u00e0 ses segments flexibles qui imitent les mouvements naturels du cam\u00e9l\u00e9on.<\/p>\n<p data-start=\"360\" data-end=\"586\">Id\u00e9al pour accrocher \u00e0 tes cl\u00e9s, ton sac ou m\u00eame comme petit objet anti-stress, ce porte-cl\u00e9 est \u00e0 la fois pratique et amusant. Son design d\u00e9taill\u00e9 et moderne en fait \u00e9galement une excellente id\u00e9e cadeau pour petits et grands.<\/p>\n<p data-start=\"588\" data-end=\"738\">\u2714\ufe0f Structure articul\u00e9e pour un effet r\u00e9aliste<br data-start=\"633\" data-end=\"636\" \/>\u2714\ufe0f L\u00e9ger, r\u00e9sistant et durable<br data-start=\"666\" data-end=\"669\" \/>\u2714\ufe0f Parfait comme porte-cl\u00e9 ou objet d\u00e9co<br data-start=\"709\" data-end=\"712\" \/>\u2714\ufe0f Id\u00e9e cadeau originale<\/p>\n<p data-start=\"740\" data-end=\"797\">Adopte ce petit cam\u00e9l\u00e9on et emporte-le partout avec toi !<\/p>\n","protected":false},"excerpt":{"rendered":"<p>Porte-cl\u00e9 cam\u00e9l\u00e9on articul\u00e9 \u2013 Original et ludique Ajoute une touche d\u2019originalit\u00e9 \u00e0 ton quotidien avec ce porte-cl\u00e9 cam\u00e9l\u00e9on articul\u00e9 ! [&hellip;]<\/p>\n","protected":false},"featured_media":1910,"comment_status":"open","ping_status":"closed","template":"","meta":{"site-sidebar-layout":"default","site-content-layout":"","ast-site-content-layout":"default","site-content-style":"default","site-sidebar-style":"default","ast-global-header-display":"","ast-banner-title-visibility":"","ast-main-header-display":"","ast-hfb-above-header-display":"","ast-hfb-below-header-display":"","ast-hfb-mobile-header-display":"","site-post-title":"","ast-breadcrumbs-content":"","ast-featured-img":"","footer-sml-layout":"","ast-disable-related-posts":"","theme-transparent-header-meta":"default","adv-header-id-meta":"","stick-header-meta":"","header-above-stick-meta":"","header-main-stick-meta":"","header-below-stick-meta":"","astra-migrate-meta-layouts":"set","ast-page-background-enabled":"default","ast-page-background-meta":{"desktop":{"background-color":"var(--ast-global-color-5)","background-image":"","background-repeat":"repeat","background-position":"center center","background-size":"auto","background-attachment":"scroll","background-type":"","background-media":"","overlay-type":"","overlay-color":"","overlay-opacity":"","overlay-gradient":""},"tablet":{"background-color":"","background-image":"","background-repeat":"repeat","background-position":"center center","background-size":"auto","background-attachment":"scroll","background-type":"","background-media":"","overlay-type":"","overlay-color":"","overlay-opacity":"","overlay-gradient":""},"mobile":{"background-color":"","background-image":"","background-repeat":"repeat","background-position":"center center","background-size":"auto","background-attachment":"scroll","background-type":"","background-media":"","overlay-type":"","overlay-color":"","overlay-opacity":"","overlay-gradient":""}},"ast-content-background-meta":{"desktop":{"background-color":"var(--ast-global-color-4)","background-image":"","background-repeat":"repeat","background-position":"center center","background-size":"auto","background-attachment":"scroll","background-type":"","background-media":"","overlay-type":"","overlay-color":"","overlay-opacity":"","overlay-gradient":""},"tablet":{"background-color":"var(--ast-global-color-4)","background-image":"","background-repeat":"repeat","background-position":"center center","background-size":"auto","background-attachment":"scroll","background-type":"","background-media":"","overlay-type":"","overlay-color":"","overlay-opacity":"","overlay-gradient":""},"mobile":{"background-color":"var(--ast-global-color-4)","background-image":"","background-repeat":"repeat","background-position":"center center","background-size":"auto","background-attachment":"scroll","background-type":"","background-media":"","overlay-type":"","overlay-color":"","overlay-opacity":"","overlay-gradient":""}}},"product_brand":[],"product_cat":[23],"product_tag":[],"class_list":{"0":"post-1895","1":"product","2":"type-product","3":"status-publish","4":"has-post-thumbnail","6":"product_cat-porte-cles","7":"desktop-align-left","8":"tablet-align-left","9":"mobile-align-left","11":"first","12":"instock","13":"shipping-taxable","14":"purchasable","15":"product-type-variable"},"jetpack_sharing_enabled":true,"_links":{"self":[{"href":"https:\/\/creasdemy.fr\/index.php\/wp-json\/wp\/v2\/product\/1895","targetHints":{"allow":["GET"]}}],"collection":[{"href":"https:\/\/creasdemy.fr\/index.php\/wp-json\/wp\/v2\/product"}],"about":[{"href":"https:\/\/creasdemy.fr\/index.php\/wp-json\/wp\/v2\/types\/product"}],"replies":[{"embeddable":true,"href":"https:\/\/creasdemy.fr\/index.php\/wp-json\/wp\/v2\/comments?post=1895"}],"wp:featuredmedia":[{"embeddable":true,"href":"https:\/\/creasdemy.fr\/index.php\/wp-json\/wp\/v2\/media\/1910"}],"wp:attachment":[{"href":"https:\/\/creasdemy.fr\/index.php\/wp-json\/wp\/v2\/media?parent=1895"}],"wp:term":[{"taxonomy":"product_brand","embeddable":true,"href":"https:\/\/creasdemy.fr\/index.php\/wp-json\/wp\/v2\/product_brand?post=1895"},{"taxonomy":"product_cat","embeddable":true,"href":"https:\/\/creasdemy.fr\/index.php\/wp-json\/wp\/v2\/product_cat?post=1895"},{"taxonomy":"product_tag","embeddable":true,"href":"https:\/\/creasdemy.fr\/index.php\/wp-json\/wp\/v2\/product_tag?post=1895"}],"curies":[{"name":"wp","href":"https:\/\/api.w.org\/{rel}","templated":true}]}}