{"id":191,"date":"2026-02-25T17:31:00","date_gmt":"2026-02-25T17:31:00","guid":{"rendered":"https:\/\/creasdemy.fr\/?post_type=product&#038;p=191"},"modified":"2026-03-02T16:14:36","modified_gmt":"2026-03-02T16:14:36","slug":"boucles-doreilles-papillon","status":"publish","type":"product","link":"https:\/\/creasdemy.fr\/index.php\/product\/boucles-doreilles-papillon\/","title":{"rendered":"Boucles d&#8217;oreilles &#8220;papillon&#8221;"},"content":{"rendered":"<h2 data-start=\"56\" data-end=\"91\">\ud83e\udd8b Boucles d\u2019oreilles \u201cPapillon\u201d<\/h2>\n<p data-start=\"93\" data-end=\"310\">Symbole de transformation et de libert\u00e9, ces boucles d\u2019oreilles en forme de papillon apportent une touche de d\u00e9licatesse et d\u2019\u00e9l\u00e9gance \u00e0 votre style. Leur design raffin\u00e9 illumine votre tenue avec l\u00e9g\u00e8ret\u00e9 et f\u00e9minit\u00e9.<\/p>\n<p data-start=\"312\" data-end=\"443\">Faciles \u00e0 porter au quotidien comme pour une occasion sp\u00e9ciale, elles subliment votre look tout en restant confortables et l\u00e9g\u00e8res.<\/p>\n<p data-start=\"445\" data-end=\"710\">\u2728 Design fin et d\u00e9taill\u00e9<br data-start=\"469\" data-end=\"472\" \/>\u2728 L\u00e9g\u00e8res et agr\u00e9ables \u00e0 porter<br data-start=\"503\" data-end=\"506\" \/>\u2728 Impression 3D soign\u00e9e<br data-start=\"529\" data-end=\"532\" \/>\ud83c\udfa8 <strong data-start=\"535\" data-end=\"579\">Couleur personnalisable selon vos envies<\/strong><br data-start=\"579\" data-end=\"582\" \/>\u2728 <strong data-start=\"584\" data-end=\"664\">Fermoir en acier inoxydable hypoallerg\u00e9nique, id\u00e9al pour les peaux sensibles<\/strong><br data-start=\"664\" data-end=\"667\" \/>\u2728 Id\u00e9ales pour offrir ou se faire plaisir<\/p>\n<p data-start=\"712\" data-end=\"779\">Un bijou d\u00e9licat et intemporel pour un style tout en l\u00e9g\u00e8ret\u00e9 \ud83e\udd8b\u2728<\/p>\n","protected":false},"excerpt":{"rendered":"<p>\ud83e\udd8b Boucles d\u2019oreilles \u201cPapillon\u201d Symbole de transformation et de libert\u00e9, ces boucles d\u2019oreilles en forme de papillon apportent une touche [&hellip;]<\/p>\n","protected":false},"featured_media":155,"comment_status":"open","ping_status":"closed","template":"","meta":{"site-sidebar-layout":"default","site-content-layout":"","ast-site-content-layout":"default","site-content-style":"default","site-sidebar-style":"default","ast-global-header-display":"","ast-banner-title-visibility":"","ast-main-header-display":"","ast-hfb-above-header-display":"","ast-hfb-below-header-display":"","ast-hfb-mobile-header-display":"","site-post-title":"","ast-breadcrumbs-content":"","ast-featured-img":"","footer-sml-layout":"","ast-disable-related-posts":"","theme-transparent-header-meta":"default","adv-header-id-meta":"","stick-header-meta":"","header-above-stick-meta":"","header-main-stick-meta":"","header-below-stick-meta":"","astra-migrate-meta-layouts":"set","ast-page-background-enabled":"default","ast-page-background-meta":{"desktop":{"background-color":"var(--ast-global-color-5)","background-image":"","background-repeat":"repeat","background-position":"center center","background-size":"auto","background-attachment":"scroll","background-type":"","background-media":"","overlay-type":"","overlay-color":"","overlay-opacity":"","overlay-gradient":""},"tablet":{"background-color":"","background-image":"","background-repeat":"repeat","background-position":"center center","background-size":"auto","background-attachment":"scroll","background-type":"","background-media":"","overlay-type":"","overlay-color":"","overlay-opacity":"","overlay-gradient":""},"mobile":{"background-color":"","background-image":"","background-repeat":"repeat","background-position":"center center","background-size":"auto","background-attachment":"scroll","background-type":"","background-media":"","overlay-type":"","overlay-color":"","overlay-opacity":"","overlay-gradient":""}},"ast-content-background-meta":{"desktop":{"background-color":"var(--ast-global-color-4)","background-image":"","background-repeat":"repeat","background-position":"center center","background-size":"auto","background-attachment":"scroll","background-type":"","background-media":"","overlay-type":"","overlay-color":"","overlay-opacity":"","overlay-gradient":""},"tablet":{"background-color":"var(--ast-global-color-4)","background-image":"","background-repeat":"repeat","background-position":"center center","background-size":"auto","background-attachment":"scroll","background-type":"","background-media":"","overlay-type":"","overlay-color":"","overlay-opacity":"","overlay-gradient":""},"mobile":{"background-color":"var(--ast-global-color-4)","background-image":"","background-repeat":"repeat","background-position":"center center","background-size":"auto","background-attachment":"scroll","background-type":"","background-media":"","overlay-type":"","overlay-color":"","overlay-opacity":"","overlay-gradient":""}}},"product_brand":[],"product_cat":[22],"product_tag":[],"class_list":{"0":"post-191","1":"product","2":"type-product","3":"status-publish","4":"has-post-thumbnail","6":"product_cat-boucles-doreilles","7":"desktop-align-left","8":"tablet-align-left","9":"mobile-align-left","11":"first","12":"instock","13":"purchasable","14":"product-type-variable"},"jetpack_sharing_enabled":true,"_links":{"self":[{"href":"https:\/\/creasdemy.fr\/index.php\/wp-json\/wp\/v2\/product\/191","targetHints":{"allow":["GET"]}}],"collection":[{"href":"https:\/\/creasdemy.fr\/index.php\/wp-json\/wp\/v2\/product"}],"about":[{"href":"https:\/\/creasdemy.fr\/index.php\/wp-json\/wp\/v2\/types\/product"}],"replies":[{"embeddable":true,"href":"https:\/\/creasdemy.fr\/index.php\/wp-json\/wp\/v2\/comments?post=191"}],"wp:featuredmedia":[{"embeddable":true,"href":"https:\/\/creasdemy.fr\/index.php\/wp-json\/wp\/v2\/media\/155"}],"wp:attachment":[{"href":"https:\/\/creasdemy.fr\/index.php\/wp-json\/wp\/v2\/media?parent=191"}],"wp:term":[{"taxonomy":"product_brand","embeddable":true,"href":"https:\/\/creasdemy.fr\/index.php\/wp-json\/wp\/v2\/product_brand?post=191"},{"taxonomy":"product_cat","embeddable":true,"href":"https:\/\/creasdemy.fr\/index.php\/wp-json\/wp\/v2\/product_cat?post=191"},{"taxonomy":"product_tag","embeddable":true,"href":"https:\/\/creasdemy.fr\/index.php\/wp-json\/wp\/v2\/product_tag?post=191"}],"curies":[{"name":"wp","href":"https:\/\/api.w.org\/{rel}","templated":true}]}}