{"id":193,"date":"2026-02-25T17:35:03","date_gmt":"2026-02-25T17:35:03","guid":{"rendered":"https:\/\/creasdemy.fr\/?post_type=product&#038;p=193"},"modified":"2026-03-02T16:11:45","modified_gmt":"2026-03-02T16:11:45","slug":"boucles-doreilles-clous-jonquille","status":"publish","type":"product","link":"https:\/\/creasdemy.fr\/index.php\/product\/boucles-doreilles-clous-jonquille\/","title":{"rendered":"Boucles d\u2019oreilles clous \u201cJonquille\u201d"},"content":{"rendered":"<h2 data-start=\"56\" data-end=\"98\">\ud83c\udf3c Boucles d\u2019oreilles clous \u201cJonquille\u201d<\/h2>\n<p data-start=\"100\" data-end=\"319\">Fra\u00eeches et lumineuses, ces boucles d\u2019oreilles clous en forme de jonquille apportent une touche printani\u00e8re et \u00e9l\u00e9gante \u00e0 votre style. Symbole de renouveau et de joie, la jonquille illumine votre tenue avec d\u00e9licatesse.<\/p>\n<p data-start=\"321\" data-end=\"444\">Gr\u00e2ce \u00e0 leur format clou, elles sont discr\u00e8tes, confortables et parfaites pour un port quotidien tout en restant raffin\u00e9es.<\/p>\n<p data-start=\"446\" data-end=\"724\">\u2728 Design floral fin et d\u00e9taill\u00e9<br data-start=\"477\" data-end=\"480\" \/>\u2728 Format discret et agr\u00e9able \u00e0 porter<br data-start=\"517\" data-end=\"520\" \/>\u2728 Impression 3D soign\u00e9e<br data-start=\"543\" data-end=\"546\" \/>\ud83c\udfa8 <strong data-start=\"549\" data-end=\"593\">Couleur personnalisable selon vos envies<\/strong><br data-start=\"593\" data-end=\"596\" \/>\u2728 <strong data-start=\"598\" data-end=\"678\">Fermoir en acier inoxydable hypoallerg\u00e9nique, id\u00e9al pour les peaux sensibles<\/strong><br data-start=\"678\" data-end=\"681\" \/>\u2728 Id\u00e9ales pour offrir ou se faire plaisir<\/p>\n<p data-start=\"726\" data-end=\"803\">Un bijou d\u00e9licat et ensoleill\u00e9 pour c\u00e9l\u00e9brer le printemps toute l\u2019ann\u00e9e \ud83c\udf3c\u2728<\/p>\n","protected":false},"excerpt":{"rendered":"<p>\ud83c\udf3c Boucles d\u2019oreilles clous \u201cJonquille\u201d Fra\u00eeches et lumineuses, ces boucles d\u2019oreilles clous en forme de jonquille apportent une touche printani\u00e8re [&hellip;]<\/p>\n","protected":false},"featured_media":157,"comment_status":"open","ping_status":"closed","template":"","meta":{"site-sidebar-layout":"default","site-content-layout":"","ast-site-content-layout":"default","site-content-style":"default","site-sidebar-style":"default","ast-global-header-display":"","ast-banner-title-visibility":"","ast-main-header-display":"","ast-hfb-above-header-display":"","ast-hfb-below-header-display":"","ast-hfb-mobile-header-display":"","site-post-title":"","ast-breadcrumbs-content":"","ast-featured-img":"","footer-sml-layout":"","ast-disable-related-posts":"","theme-transparent-header-meta":"default","adv-header-id-meta":"","stick-header-meta":"","header-above-stick-meta":"","header-main-stick-meta":"","header-below-stick-meta":"","astra-migrate-meta-layouts":"set","ast-page-background-enabled":"default","ast-page-background-meta":{"desktop":{"background-color":"var(--ast-global-color-5)","background-image":"","background-repeat":"repeat","background-position":"center center","background-size":"auto","background-attachment":"scroll","background-type":"","background-media":"","overlay-type":"","overlay-color":"","overlay-opacity":"","overlay-gradient":""},"tablet":{"background-color":"","background-image":"","background-repeat":"repeat","background-position":"center center","background-size":"auto","background-attachment":"scroll","background-type":"","background-media":"","overlay-type":"","overlay-color":"","overlay-opacity":"","overlay-gradient":""},"mobile":{"background-color":"","background-image":"","background-repeat":"repeat","background-position":"center center","background-size":"auto","background-attachment":"scroll","background-type":"","background-media":"","overlay-type":"","overlay-color":"","overlay-opacity":"","overlay-gradient":""}},"ast-content-background-meta":{"desktop":{"background-color":"var(--ast-global-color-4)","background-image":"","background-repeat":"repeat","background-position":"center center","background-size":"auto","background-attachment":"scroll","background-type":"","background-media":"","overlay-type":"","overlay-color":"","overlay-opacity":"","overlay-gradient":""},"tablet":{"background-color":"var(--ast-global-color-4)","background-image":"","background-repeat":"repeat","background-position":"center center","background-size":"auto","background-attachment":"scroll","background-type":"","background-media":"","overlay-type":"","overlay-color":"","overlay-opacity":"","overlay-gradient":""},"mobile":{"background-color":"var(--ast-global-color-4)","background-image":"","background-repeat":"repeat","background-position":"center center","background-size":"auto","background-attachment":"scroll","background-type":"","background-media":"","overlay-type":"","overlay-color":"","overlay-opacity":"","overlay-gradient":""}}},"product_brand":[],"product_cat":[22],"product_tag":[],"class_list":{"0":"post-193","1":"product","2":"type-product","3":"status-publish","4":"has-post-thumbnail","6":"product_cat-boucles-doreilles","7":"desktop-align-left","8":"tablet-align-left","9":"mobile-align-left","11":"first","12":"instock","13":"purchasable","14":"product-type-variable"},"jetpack_sharing_enabled":true,"_links":{"self":[{"href":"https:\/\/creasdemy.fr\/index.php\/wp-json\/wp\/v2\/product\/193","targetHints":{"allow":["GET"]}}],"collection":[{"href":"https:\/\/creasdemy.fr\/index.php\/wp-json\/wp\/v2\/product"}],"about":[{"href":"https:\/\/creasdemy.fr\/index.php\/wp-json\/wp\/v2\/types\/product"}],"replies":[{"embeddable":true,"href":"https:\/\/creasdemy.fr\/index.php\/wp-json\/wp\/v2\/comments?post=193"}],"wp:featuredmedia":[{"embeddable":true,"href":"https:\/\/creasdemy.fr\/index.php\/wp-json\/wp\/v2\/media\/157"}],"wp:attachment":[{"href":"https:\/\/creasdemy.fr\/index.php\/wp-json\/wp\/v2\/media?parent=193"}],"wp:term":[{"taxonomy":"product_brand","embeddable":true,"href":"https:\/\/creasdemy.fr\/index.php\/wp-json\/wp\/v2\/product_brand?post=193"},{"taxonomy":"product_cat","embeddable":true,"href":"https:\/\/creasdemy.fr\/index.php\/wp-json\/wp\/v2\/product_cat?post=193"},{"taxonomy":"product_tag","embeddable":true,"href":"https:\/\/creasdemy.fr\/index.php\/wp-json\/wp\/v2\/product_tag?post=193"}],"curies":[{"name":"wp","href":"https:\/\/api.w.org\/{rel}","templated":true}]}}