{"id":194,"date":"2026-02-25T17:36:16","date_gmt":"2026-02-25T17:36:16","guid":{"rendered":"https:\/\/creasdemy.fr\/?post_type=product&#038;p=194"},"modified":"2026-03-02T16:09:20","modified_gmt":"2026-03-02T16:09:20","slug":"boucles-doreilles-clous-rose","status":"publish","type":"product","link":"https:\/\/creasdemy.fr\/index.php\/product\/boucles-doreilles-clous-rose\/","title":{"rendered":"Boucles d\u2019oreilles clous \u201cRose\u201d"},"content":{"rendered":"<h2 data-start=\"56\" data-end=\"93\">\ud83c\udf39 Boucles d\u2019oreilles clous \u201cRose\u201d<\/h2>\n<p data-start=\"95\" data-end=\"304\">\u00c9l\u00e9gantes et intemporelles, ces boucles d\u2019oreilles clous en forme de rose apportent une touche romantique et raffin\u00e9e \u00e0 votre style. Symbole d\u2019amour et de passion, la rose sublime votre tenue avec d\u00e9licatesse.<\/p>\n<p data-start=\"306\" data-end=\"446\">Gr\u00e2ce \u00e0 leur format clou, elles sont discr\u00e8tes, confortables et parfaites pour un port quotidien tout en restant f\u00e9minines et sophistiqu\u00e9es.<\/p>\n<p data-start=\"448\" data-end=\"726\">\u2728 Design floral fin et d\u00e9taill\u00e9<br data-start=\"479\" data-end=\"482\" \/>\u2728 Format discret et agr\u00e9able \u00e0 porter<br data-start=\"519\" data-end=\"522\" \/>\u2728 Impression 3D soign\u00e9e<br data-start=\"545\" data-end=\"548\" \/>\ud83c\udfa8 <strong data-start=\"551\" data-end=\"595\">Couleur personnalisable selon vos envies<\/strong><br data-start=\"595\" data-end=\"598\" \/>\u2728 <strong data-start=\"600\" data-end=\"680\">Fermoir en acier inoxydable hypoallerg\u00e9nique, id\u00e9al pour les peaux sensibles<\/strong><br data-start=\"680\" data-end=\"683\" \/>\u2728 Id\u00e9ales pour offrir ou se faire plaisir<\/p>\n<p data-start=\"728\" data-end=\"795\">Un bijou romantique et d\u00e9licat pour illuminer votre quotidien \ud83c\udf39\u2728<\/p>\n","protected":false},"excerpt":{"rendered":"<p>\ud83c\udf39 Boucles d\u2019oreilles clous \u201cRose\u201d \u00c9l\u00e9gantes et intemporelles, ces boucles d\u2019oreilles clous en forme de rose apportent une touche romantique [&hellip;]<\/p>\n","protected":false},"featured_media":158,"comment_status":"open","ping_status":"closed","template":"","meta":{"site-sidebar-layout":"default","site-content-layout":"","ast-site-content-layout":"default","site-content-style":"default","site-sidebar-style":"default","ast-global-header-display":"","ast-banner-title-visibility":"","ast-main-header-display":"","ast-hfb-above-header-display":"","ast-hfb-below-header-display":"","ast-hfb-mobile-header-display":"","site-post-title":"","ast-breadcrumbs-content":"","ast-featured-img":"","footer-sml-layout":"","ast-disable-related-posts":"","theme-transparent-header-meta":"default","adv-header-id-meta":"","stick-header-meta":"","header-above-stick-meta":"","header-main-stick-meta":"","header-below-stick-meta":"","astra-migrate-meta-layouts":"set","ast-page-background-enabled":"default","ast-page-background-meta":{"desktop":{"background-color":"var(--ast-global-color-5)","background-image":"","background-repeat":"repeat","background-position":"center center","background-size":"auto","background-attachment":"scroll","background-type":"","background-media":"","overlay-type":"","overlay-color":"","overlay-opacity":"","overlay-gradient":""},"tablet":{"background-color":"","background-image":"","background-repeat":"repeat","background-position":"center center","background-size":"auto","background-attachment":"scroll","background-type":"","background-media":"","overlay-type":"","overlay-color":"","overlay-opacity":"","overlay-gradient":""},"mobile":{"background-color":"","background-image":"","background-repeat":"repeat","background-position":"center center","background-size":"auto","background-attachment":"scroll","background-type":"","background-media":"","overlay-type":"","overlay-color":"","overlay-opacity":"","overlay-gradient":""}},"ast-content-background-meta":{"desktop":{"background-color":"var(--ast-global-color-4)","background-image":"","background-repeat":"repeat","background-position":"center center","background-size":"auto","background-attachment":"scroll","background-type":"","background-media":"","overlay-type":"","overlay-color":"","overlay-opacity":"","overlay-gradient":""},"tablet":{"background-color":"var(--ast-global-color-4)","background-image":"","background-repeat":"repeat","background-position":"center center","background-size":"auto","background-attachment":"scroll","background-type":"","background-media":"","overlay-type":"","overlay-color":"","overlay-opacity":"","overlay-gradient":""},"mobile":{"background-color":"var(--ast-global-color-4)","background-image":"","background-repeat":"repeat","background-position":"center center","background-size":"auto","background-attachment":"scroll","background-type":"","background-media":"","overlay-type":"","overlay-color":"","overlay-opacity":"","overlay-gradient":""}}},"product_brand":[],"product_cat":[22],"product_tag":[],"class_list":{"0":"post-194","1":"product","2":"type-product","3":"status-publish","4":"has-post-thumbnail","6":"product_cat-boucles-doreilles","7":"desktop-align-left","8":"tablet-align-left","9":"mobile-align-left","11":"first","12":"instock","13":"purchasable","14":"product-type-variable"},"jetpack_sharing_enabled":true,"_links":{"self":[{"href":"https:\/\/creasdemy.fr\/index.php\/wp-json\/wp\/v2\/product\/194","targetHints":{"allow":["GET"]}}],"collection":[{"href":"https:\/\/creasdemy.fr\/index.php\/wp-json\/wp\/v2\/product"}],"about":[{"href":"https:\/\/creasdemy.fr\/index.php\/wp-json\/wp\/v2\/types\/product"}],"replies":[{"embeddable":true,"href":"https:\/\/creasdemy.fr\/index.php\/wp-json\/wp\/v2\/comments?post=194"}],"wp:featuredmedia":[{"embeddable":true,"href":"https:\/\/creasdemy.fr\/index.php\/wp-json\/wp\/v2\/media\/158"}],"wp:attachment":[{"href":"https:\/\/creasdemy.fr\/index.php\/wp-json\/wp\/v2\/media?parent=194"}],"wp:term":[{"taxonomy":"product_brand","embeddable":true,"href":"https:\/\/creasdemy.fr\/index.php\/wp-json\/wp\/v2\/product_brand?post=194"},{"taxonomy":"product_cat","embeddable":true,"href":"https:\/\/creasdemy.fr\/index.php\/wp-json\/wp\/v2\/product_cat?post=194"},{"taxonomy":"product_tag","embeddable":true,"href":"https:\/\/creasdemy.fr\/index.php\/wp-json\/wp\/v2\/product_tag?post=194"}],"curies":[{"name":"wp","href":"https:\/\/api.w.org\/{rel}","templated":true}]}}