{"id":196,"date":"2026-02-25T17:39:23","date_gmt":"2026-02-25T17:39:23","guid":{"rendered":"https:\/\/creasdemy.fr\/?post_type=product&#038;p=196"},"modified":"2026-03-03T00:51:14","modified_gmt":"2026-03-03T00:51:14","slug":"boucles-doreilles-clous-trefle","status":"publish","type":"product","link":"https:\/\/creasdemy.fr\/index.php\/product\/boucles-doreilles-clous-trefle\/","title":{"rendered":"Boucles d\u2019oreilles clous \u201cTr\u00e8fle\u201d"},"content":{"rendered":"<h2 data-start=\"56\" data-end=\"95\">\ud83c\udf40 Boucles d\u2019oreilles clous \u201cTr\u00e8fle\u201d<\/h2>\n<p data-start=\"97\" data-end=\"320\">Portez un symbole de chance et de positivit\u00e9 avec ces boucles d\u2019oreilles clous en forme de tr\u00e8fle. D\u00e9licates et intemporelles, elles apportent une touche \u00e9l\u00e9gante tout en conservant une signification forte et porte-bonheur.<\/p>\n<p data-start=\"322\" data-end=\"466\">Gr\u00e2ce \u00e0 leur format clou, elles sont discr\u00e8tes, l\u00e9g\u00e8res et parfaites pour un port quotidien, tout en ajoutant une note symbolique \u00e0 votre style.<\/p>\n<p data-start=\"468\" data-end=\"733\">\u2728 Design fin et d\u00e9taill\u00e9<br data-start=\"492\" data-end=\"495\" \/>\u2728 Format discret et confortable<br data-start=\"526\" data-end=\"529\" \/>\u2728 Impression 3D soign\u00e9e<br data-start=\"552\" data-end=\"555\" \/>\ud83c\udfa8 <strong data-start=\"558\" data-end=\"602\">Couleur personnalisable selon vos envies<\/strong><br data-start=\"602\" data-end=\"605\" \/>\u2728 <strong data-start=\"607\" data-end=\"687\">Fermoir en acier inoxydable hypoallerg\u00e9nique, id\u00e9al pour les peaux sensibles<\/strong><br data-start=\"687\" data-end=\"690\" \/>\u2728 Id\u00e9ales pour offrir ou se faire plaisir<\/p>\n<p data-start=\"735\" data-end=\"805\">Un petit bijou plein de chance et de charme \u00e0 porter chaque jour \ud83c\udf40\u2728<\/p>\n","protected":false},"excerpt":{"rendered":"<p>\ud83c\udf40 Boucles d\u2019oreilles clous \u201cTr\u00e8fle\u201d Portez un symbole de chance et de positivit\u00e9 avec ces boucles d\u2019oreilles clous en forme [&hellip;]<\/p>\n","protected":false},"featured_media":160,"comment_status":"open","ping_status":"closed","template":"","meta":{"site-sidebar-layout":"default","site-content-layout":"","ast-site-content-layout":"default","site-content-style":"default","site-sidebar-style":"default","ast-global-header-display":"","ast-banner-title-visibility":"","ast-main-header-display":"","ast-hfb-above-header-display":"","ast-hfb-below-header-display":"","ast-hfb-mobile-header-display":"","site-post-title":"","ast-breadcrumbs-content":"","ast-featured-img":"","footer-sml-layout":"","ast-disable-related-posts":"","theme-transparent-header-meta":"default","adv-header-id-meta":"","stick-header-meta":"","header-above-stick-meta":"","header-main-stick-meta":"","header-below-stick-meta":"","astra-migrate-meta-layouts":"set","ast-page-background-enabled":"default","ast-page-background-meta":{"desktop":{"background-color":"var(--ast-global-color-5)","background-image":"","background-repeat":"repeat","background-position":"center center","background-size":"auto","background-attachment":"scroll","background-type":"","background-media":"","overlay-type":"","overlay-color":"","overlay-opacity":"","overlay-gradient":""},"tablet":{"background-color":"","background-image":"","background-repeat":"repeat","background-position":"center center","background-size":"auto","background-attachment":"scroll","background-type":"","background-media":"","overlay-type":"","overlay-color":"","overlay-opacity":"","overlay-gradient":""},"mobile":{"background-color":"","background-image":"","background-repeat":"repeat","background-position":"center center","background-size":"auto","background-attachment":"scroll","background-type":"","background-media":"","overlay-type":"","overlay-color":"","overlay-opacity":"","overlay-gradient":""}},"ast-content-background-meta":{"desktop":{"background-color":"var(--ast-global-color-4)","background-image":"","background-repeat":"repeat","background-position":"center center","background-size":"auto","background-attachment":"scroll","background-type":"","background-media":"","overlay-type":"","overlay-color":"","overlay-opacity":"","overlay-gradient":""},"tablet":{"background-color":"var(--ast-global-color-4)","background-image":"","background-repeat":"repeat","background-position":"center center","background-size":"auto","background-attachment":"scroll","background-type":"","background-media":"","overlay-type":"","overlay-color":"","overlay-opacity":"","overlay-gradient":""},"mobile":{"background-color":"var(--ast-global-color-4)","background-image":"","background-repeat":"repeat","background-position":"center center","background-size":"auto","background-attachment":"scroll","background-type":"","background-media":"","overlay-type":"","overlay-color":"","overlay-opacity":"","overlay-gradient":""}}},"product_brand":[],"product_cat":[22],"product_tag":[],"class_list":{"0":"post-196","1":"product","2":"type-product","3":"status-publish","4":"has-post-thumbnail","6":"product_cat-boucles-doreilles","7":"desktop-align-left","8":"tablet-align-left","9":"mobile-align-left","11":"first","12":"instock","13":"purchasable","14":"product-type-variable"},"jetpack_sharing_enabled":true,"_links":{"self":[{"href":"https:\/\/creasdemy.fr\/index.php\/wp-json\/wp\/v2\/product\/196","targetHints":{"allow":["GET"]}}],"collection":[{"href":"https:\/\/creasdemy.fr\/index.php\/wp-json\/wp\/v2\/product"}],"about":[{"href":"https:\/\/creasdemy.fr\/index.php\/wp-json\/wp\/v2\/types\/product"}],"replies":[{"embeddable":true,"href":"https:\/\/creasdemy.fr\/index.php\/wp-json\/wp\/v2\/comments?post=196"}],"wp:featuredmedia":[{"embeddable":true,"href":"https:\/\/creasdemy.fr\/index.php\/wp-json\/wp\/v2\/media\/160"}],"wp:attachment":[{"href":"https:\/\/creasdemy.fr\/index.php\/wp-json\/wp\/v2\/media?parent=196"}],"wp:term":[{"taxonomy":"product_brand","embeddable":true,"href":"https:\/\/creasdemy.fr\/index.php\/wp-json\/wp\/v2\/product_brand?post=196"},{"taxonomy":"product_cat","embeddable":true,"href":"https:\/\/creasdemy.fr\/index.php\/wp-json\/wp\/v2\/product_cat?post=196"},{"taxonomy":"product_tag","embeddable":true,"href":"https:\/\/creasdemy.fr\/index.php\/wp-json\/wp\/v2\/product_tag?post=196"}],"curies":[{"name":"wp","href":"https:\/\/api.w.org\/{rel}","templated":true}]}}