{"id":199,"date":"2026-02-25T17:45:24","date_gmt":"2026-02-25T17:45:24","guid":{"rendered":"https:\/\/creasdemy.fr\/?post_type=product&#038;p=199"},"modified":"2026-03-14T17:53:40","modified_gmt":"2026-03-14T17:53:40","slug":"boucles-doreilles-noeud-descalade","status":"publish","type":"product","link":"https:\/\/creasdemy.fr\/index.php\/product\/boucles-doreilles-noeud-descalade\/","title":{"rendered":"Boucles d\u2019oreilles \u201cN\u0153ud d\u2019escalade\u201d"},"content":{"rendered":"<h2 data-start=\"56\" data-end=\"98\">\ud83e\uddd7 Boucles d\u2019oreilles \u201cN\u0153ud d\u2019escalade\u201d<\/h2>\n<p data-start=\"100\" data-end=\"315\">Affirmez votre passion pour l\u2019aventure avec ces boucles d\u2019oreilles en forme de n\u0153ud d\u2019escalade. Inspir\u00e9es du c\u00e9l\u00e8bre n\u0153ud utilis\u00e9 par les grimpeurs, elles symbolisent la force, la confiance et le d\u00e9passement de soi.<\/p>\n<p data-start=\"317\" data-end=\"461\">Originales et l\u00e9g\u00e8res, elles sont parfaites pour les amateurs d\u2019escalade, de montagne ou pour celles et ceux qui aiment les bijoux avec du sens.<\/p>\n<p data-start=\"463\" data-end=\"767\">\u2728 Design pr\u00e9cis et inspir\u00e9 du monde de l\u2019escalade<br data-start=\"512\" data-end=\"515\" \/>\u2728 L\u00e9g\u00e8res et confortables \u00e0 porter<br data-start=\"549\" data-end=\"552\" \/>\u2728 Impression 3D soign\u00e9e<br data-start=\"575\" data-end=\"578\" \/>\ud83c\udfa8 <strong data-start=\"581\" data-end=\"625\">Couleur personnalisable selon vos envies<\/strong><br data-start=\"625\" data-end=\"628\" \/>\u2728 <strong data-start=\"630\" data-end=\"710\">Fermoir en acier inoxydable hypoallerg\u00e9nique, id\u00e9al pour les peaux sensibles<\/strong><br data-start=\"710\" data-end=\"713\" \/>\u2728 Id\u00e9ales pour offrir \u00e0 un(e) passionn\u00e9(e) de grimpe<\/p>\n<p data-start=\"769\" data-end=\"851\">Un bijou symbolique et original pour garder l\u2019esprit d\u2019aventure au quotidien \ud83e\uddd7\u2728<\/p>\n","protected":false},"excerpt":{"rendered":"<p>\ud83e\uddd7 Boucles d\u2019oreilles \u201cN\u0153ud d\u2019escalade\u201d Affirmez votre passion pour l\u2019aventure avec ces boucles d\u2019oreilles en forme de n\u0153ud d\u2019escalade. Inspir\u00e9es [&hellip;]<\/p>\n","protected":false},"featured_media":163,"comment_status":"open","ping_status":"closed","template":"","meta":{"site-sidebar-layout":"default","site-content-layout":"","ast-site-content-layout":"default","site-content-style":"default","site-sidebar-style":"default","ast-global-header-display":"","ast-banner-title-visibility":"","ast-main-header-display":"","ast-hfb-above-header-display":"","ast-hfb-below-header-display":"","ast-hfb-mobile-header-display":"","site-post-title":"","ast-breadcrumbs-content":"","ast-featured-img":"","footer-sml-layout":"","ast-disable-related-posts":"","theme-transparent-header-meta":"default","adv-header-id-meta":"","stick-header-meta":"","header-above-stick-meta":"","header-main-stick-meta":"","header-below-stick-meta":"","astra-migrate-meta-layouts":"set","ast-page-background-enabled":"default","ast-page-background-meta":{"desktop":{"background-color":"var(--ast-global-color-5)","background-image":"","background-repeat":"repeat","background-position":"center center","background-size":"auto","background-attachment":"scroll","background-type":"","background-media":"","overlay-type":"","overlay-color":"","overlay-opacity":"","overlay-gradient":""},"tablet":{"background-color":"","background-image":"","background-repeat":"repeat","background-position":"center center","background-size":"auto","background-attachment":"scroll","background-type":"","background-media":"","overlay-type":"","overlay-color":"","overlay-opacity":"","overlay-gradient":""},"mobile":{"background-color":"","background-image":"","background-repeat":"repeat","background-position":"center center","background-size":"auto","background-attachment":"scroll","background-type":"","background-media":"","overlay-type":"","overlay-color":"","overlay-opacity":"","overlay-gradient":""}},"ast-content-background-meta":{"desktop":{"background-color":"var(--ast-global-color-4)","background-image":"","background-repeat":"repeat","background-position":"center center","background-size":"auto","background-attachment":"scroll","background-type":"","background-media":"","overlay-type":"","overlay-color":"","overlay-opacity":"","overlay-gradient":""},"tablet":{"background-color":"var(--ast-global-color-4)","background-image":"","background-repeat":"repeat","background-position":"center center","background-size":"auto","background-attachment":"scroll","background-type":"","background-media":"","overlay-type":"","overlay-color":"","overlay-opacity":"","overlay-gradient":""},"mobile":{"background-color":"var(--ast-global-color-4)","background-image":"","background-repeat":"repeat","background-position":"center center","background-size":"auto","background-attachment":"scroll","background-type":"","background-media":"","overlay-type":"","overlay-color":"","overlay-opacity":"","overlay-gradient":""}}},"product_brand":[],"product_cat":[22],"product_tag":[],"class_list":{"0":"post-199","1":"product","2":"type-product","3":"status-publish","4":"has-post-thumbnail","6":"product_cat-boucles-doreilles","7":"desktop-align-left","8":"tablet-align-left","9":"mobile-align-left","11":"first","12":"instock","13":"purchasable","14":"product-type-variable"},"jetpack_sharing_enabled":true,"_links":{"self":[{"href":"https:\/\/creasdemy.fr\/index.php\/wp-json\/wp\/v2\/product\/199","targetHints":{"allow":["GET"]}}],"collection":[{"href":"https:\/\/creasdemy.fr\/index.php\/wp-json\/wp\/v2\/product"}],"about":[{"href":"https:\/\/creasdemy.fr\/index.php\/wp-json\/wp\/v2\/types\/product"}],"replies":[{"embeddable":true,"href":"https:\/\/creasdemy.fr\/index.php\/wp-json\/wp\/v2\/comments?post=199"}],"wp:featuredmedia":[{"embeddable":true,"href":"https:\/\/creasdemy.fr\/index.php\/wp-json\/wp\/v2\/media\/163"}],"wp:attachment":[{"href":"https:\/\/creasdemy.fr\/index.php\/wp-json\/wp\/v2\/media?parent=199"}],"wp:term":[{"taxonomy":"product_brand","embeddable":true,"href":"https:\/\/creasdemy.fr\/index.php\/wp-json\/wp\/v2\/product_brand?post=199"},{"taxonomy":"product_cat","embeddable":true,"href":"https:\/\/creasdemy.fr\/index.php\/wp-json\/wp\/v2\/product_cat?post=199"},{"taxonomy":"product_tag","embeddable":true,"href":"https:\/\/creasdemy.fr\/index.php\/wp-json\/wp\/v2\/product_tag?post=199"}],"curies":[{"name":"wp","href":"https:\/\/api.w.org\/{rel}","templated":true}]}}