{"id":200,"date":"2026-02-25T17:46:55","date_gmt":"2026-02-25T17:46:55","guid":{"rendered":"https:\/\/creasdemy.fr\/?post_type=product&#038;p=200"},"modified":"2026-03-03T00:51:14","modified_gmt":"2026-03-03T00:51:14","slug":"boucles-doreilles-ananas","status":"publish","type":"product","link":"https:\/\/creasdemy.fr\/index.php\/product\/boucles-doreilles-ananas\/","title":{"rendered":"Boucles d\u2019oreilles \u201cAnanas\u201d"},"content":{"rendered":"<h2 data-start=\"56\" data-end=\"89\">\ud83c\udf4d Boucles d\u2019oreilles \u201cAnanas\u201d<\/h2>\n<p data-start=\"91\" data-end=\"316\">Ajoutez une touche exotique et p\u00e9tillante \u00e0 votre style avec ces boucles d\u2019oreilles en forme d\u2019ananas. Symbole de soleil, de convivialit\u00e9 et de bonne humeur, elles apportent une note estivale et originale \u00e0 toutes vos tenues.<\/p>\n<p data-start=\"318\" data-end=\"435\">L\u00e9g\u00e8res et agr\u00e9ables \u00e0 porter, elles sont parfaites pour un look fun, color\u00e9 et tendance, en \u00e9t\u00e9 comme toute l\u2019ann\u00e9e.<\/p>\n<p data-start=\"437\" data-end=\"701\">\u2728 Design tropical et d\u00e9taill\u00e9<br data-start=\"466\" data-end=\"469\" \/>\u2728 L\u00e9g\u00e8res et confortables<br data-start=\"494\" data-end=\"497\" \/>\u2728 Impression 3D soign\u00e9e<br data-start=\"520\" data-end=\"523\" \/>\ud83c\udfa8 <strong data-start=\"526\" data-end=\"570\">Couleur personnalisable selon vos envies<\/strong><br data-start=\"570\" data-end=\"573\" \/>\u2728 <strong data-start=\"575\" data-end=\"655\">Fermoir en acier inoxydable hypoallerg\u00e9nique, id\u00e9al pour les peaux sensibles<\/strong><br data-start=\"655\" data-end=\"658\" \/>\u2728 Id\u00e9ales pour offrir ou se faire plaisir<\/p>\n<p data-start=\"703\" data-end=\"773\">Un bijou ensoleill\u00e9 pour un style frais et plein de bonne humeur \ud83c\udf4d\u2728<\/p>\n","protected":false},"excerpt":{"rendered":"<p>\ud83c\udf4d Boucles d\u2019oreilles \u201cAnanas\u201d Ajoutez une touche exotique et p\u00e9tillante \u00e0 votre style avec ces boucles d\u2019oreilles en forme d\u2019ananas. [&hellip;]<\/p>\n","protected":false},"featured_media":164,"comment_status":"open","ping_status":"closed","template":"","meta":{"site-sidebar-layout":"default","site-content-layout":"","ast-site-content-layout":"default","site-content-style":"default","site-sidebar-style":"default","ast-global-header-display":"","ast-banner-title-visibility":"","ast-main-header-display":"","ast-hfb-above-header-display":"","ast-hfb-below-header-display":"","ast-hfb-mobile-header-display":"","site-post-title":"","ast-breadcrumbs-content":"","ast-featured-img":"","footer-sml-layout":"","ast-disable-related-posts":"","theme-transparent-header-meta":"default","adv-header-id-meta":"","stick-header-meta":"","header-above-stick-meta":"","header-main-stick-meta":"","header-below-stick-meta":"","astra-migrate-meta-layouts":"set","ast-page-background-enabled":"default","ast-page-background-meta":{"desktop":{"background-color":"var(--ast-global-color-5)","background-image":"","background-repeat":"repeat","background-position":"center center","background-size":"auto","background-attachment":"scroll","background-type":"","background-media":"","overlay-type":"","overlay-color":"","overlay-opacity":"","overlay-gradient":""},"tablet":{"background-color":"","background-image":"","background-repeat":"repeat","background-position":"center center","background-size":"auto","background-attachment":"scroll","background-type":"","background-media":"","overlay-type":"","overlay-color":"","overlay-opacity":"","overlay-gradient":""},"mobile":{"background-color":"","background-image":"","background-repeat":"repeat","background-position":"center center","background-size":"auto","background-attachment":"scroll","background-type":"","background-media":"","overlay-type":"","overlay-color":"","overlay-opacity":"","overlay-gradient":""}},"ast-content-background-meta":{"desktop":{"background-color":"var(--ast-global-color-4)","background-image":"","background-repeat":"repeat","background-position":"center center","background-size":"auto","background-attachment":"scroll","background-type":"","background-media":"","overlay-type":"","overlay-color":"","overlay-opacity":"","overlay-gradient":""},"tablet":{"background-color":"var(--ast-global-color-4)","background-image":"","background-repeat":"repeat","background-position":"center center","background-size":"auto","background-attachment":"scroll","background-type":"","background-media":"","overlay-type":"","overlay-color":"","overlay-opacity":"","overlay-gradient":""},"mobile":{"background-color":"var(--ast-global-color-4)","background-image":"","background-repeat":"repeat","background-position":"center center","background-size":"auto","background-attachment":"scroll","background-type":"","background-media":"","overlay-type":"","overlay-color":"","overlay-opacity":"","overlay-gradient":""}}},"product_brand":[],"product_cat":[22],"product_tag":[],"class_list":{"0":"post-200","1":"product","2":"type-product","3":"status-publish","4":"has-post-thumbnail","6":"product_cat-boucles-doreilles","7":"desktop-align-left","8":"tablet-align-left","9":"mobile-align-left","11":"first","12":"instock","13":"purchasable","14":"product-type-variable"},"jetpack_sharing_enabled":true,"_links":{"self":[{"href":"https:\/\/creasdemy.fr\/index.php\/wp-json\/wp\/v2\/product\/200","targetHints":{"allow":["GET"]}}],"collection":[{"href":"https:\/\/creasdemy.fr\/index.php\/wp-json\/wp\/v2\/product"}],"about":[{"href":"https:\/\/creasdemy.fr\/index.php\/wp-json\/wp\/v2\/types\/product"}],"replies":[{"embeddable":true,"href":"https:\/\/creasdemy.fr\/index.php\/wp-json\/wp\/v2\/comments?post=200"}],"wp:featuredmedia":[{"embeddable":true,"href":"https:\/\/creasdemy.fr\/index.php\/wp-json\/wp\/v2\/media\/164"}],"wp:attachment":[{"href":"https:\/\/creasdemy.fr\/index.php\/wp-json\/wp\/v2\/media?parent=200"}],"wp:term":[{"taxonomy":"product_brand","embeddable":true,"href":"https:\/\/creasdemy.fr\/index.php\/wp-json\/wp\/v2\/product_brand?post=200"},{"taxonomy":"product_cat","embeddable":true,"href":"https:\/\/creasdemy.fr\/index.php\/wp-json\/wp\/v2\/product_cat?post=200"},{"taxonomy":"product_tag","embeddable":true,"href":"https:\/\/creasdemy.fr\/index.php\/wp-json\/wp\/v2\/product_tag?post=200"}],"curies":[{"name":"wp","href":"https:\/\/api.w.org\/{rel}","templated":true}]}}