{"id":201,"date":"2026-02-25T17:48:42","date_gmt":"2026-02-25T17:48:42","guid":{"rendered":"https:\/\/creasdemy.fr\/?post_type=product&#038;p=201"},"modified":"2026-03-03T00:51:13","modified_gmt":"2026-03-03T00:51:13","slug":"boucles-doreilles-zizi","status":"publish","type":"product","link":"https:\/\/creasdemy.fr\/index.php\/product\/boucles-doreilles-zizi\/","title":{"rendered":"Boucles d\u2019oreilles \u201cZizi\u201d"},"content":{"rendered":"<h2 data-start=\"85\" data-end=\"116\">Boucles d\u2019oreilles \u201cZizi\u201d<\/h2>\n<p data-start=\"118\" data-end=\"360\">Originales, humoristiques et totalement assum\u00e9es, ces boucles d\u2019oreilles apportent une touche fun et audacieuse \u00e0 votre style. Parfaites pour une soir\u00e9e entre amis, un EVJF ou simplement pour celles et ceux qui aiment les accessoires d\u00e9cal\u00e9s.<\/p>\n<p data-start=\"362\" data-end=\"463\">L\u00e9g\u00e8res et confortables, elles attirent les regards tout en gardant un esprit festif et second degr\u00e9.<\/p>\n<p data-start=\"465\" data-end=\"751\">\u2728 Design original et plein d\u2019humour<br data-start=\"500\" data-end=\"503\" \/>\u2728 L\u00e9g\u00e8res et agr\u00e9ables \u00e0 porter<br data-start=\"534\" data-end=\"537\" \/>\u2728 Impression 3D soign\u00e9e<br data-start=\"560\" data-end=\"563\" \/>\ud83c\udfa8 <strong data-start=\"566\" data-end=\"610\">Couleur personnalisable selon vos envies<\/strong><br data-start=\"610\" data-end=\"613\" \/>\u2728 <strong data-start=\"615\" data-end=\"695\">Fermoir en acier inoxydable hypoallerg\u00e9nique, id\u00e9al pour les peaux sensibles<\/strong><br data-start=\"695\" data-end=\"698\" \/>\u2728 Id\u00e9ales pour offrir ou pour une occasion sp\u00e9ciale<\/p>\n<p data-start=\"753\" data-end=\"797\">Un bijou fun qui ne passe pas inaper\u00e7u \ud83d\ude04\u2728<\/p>\n","protected":false},"excerpt":{"rendered":"<p>Boucles d\u2019oreilles \u201cZizi\u201d Originales, humoristiques et totalement assum\u00e9es, ces boucles d\u2019oreilles apportent une touche fun et audacieuse \u00e0 votre style. [&hellip;]<\/p>\n","protected":false},"featured_media":165,"comment_status":"open","ping_status":"closed","template":"","meta":{"site-sidebar-layout":"default","site-content-layout":"","ast-site-content-layout":"default","site-content-style":"default","site-sidebar-style":"default","ast-global-header-display":"","ast-banner-title-visibility":"","ast-main-header-display":"","ast-hfb-above-header-display":"","ast-hfb-below-header-display":"","ast-hfb-mobile-header-display":"","site-post-title":"","ast-breadcrumbs-content":"","ast-featured-img":"","footer-sml-layout":"","ast-disable-related-posts":"","theme-transparent-header-meta":"default","adv-header-id-meta":"","stick-header-meta":"","header-above-stick-meta":"","header-main-stick-meta":"","header-below-stick-meta":"","astra-migrate-meta-layouts":"set","ast-page-background-enabled":"default","ast-page-background-meta":{"desktop":{"background-color":"var(--ast-global-color-5)","background-image":"","background-repeat":"repeat","background-position":"center center","background-size":"auto","background-attachment":"scroll","background-type":"","background-media":"","overlay-type":"","overlay-color":"","overlay-opacity":"","overlay-gradient":""},"tablet":{"background-color":"","background-image":"","background-repeat":"repeat","background-position":"center center","background-size":"auto","background-attachment":"scroll","background-type":"","background-media":"","overlay-type":"","overlay-color":"","overlay-opacity":"","overlay-gradient":""},"mobile":{"background-color":"","background-image":"","background-repeat":"repeat","background-position":"center center","background-size":"auto","background-attachment":"scroll","background-type":"","background-media":"","overlay-type":"","overlay-color":"","overlay-opacity":"","overlay-gradient":""}},"ast-content-background-meta":{"desktop":{"background-color":"var(--ast-global-color-4)","background-image":"","background-repeat":"repeat","background-position":"center center","background-size":"auto","background-attachment":"scroll","background-type":"","background-media":"","overlay-type":"","overlay-color":"","overlay-opacity":"","overlay-gradient":""},"tablet":{"background-color":"var(--ast-global-color-4)","background-image":"","background-repeat":"repeat","background-position":"center center","background-size":"auto","background-attachment":"scroll","background-type":"","background-media":"","overlay-type":"","overlay-color":"","overlay-opacity":"","overlay-gradient":""},"mobile":{"background-color":"var(--ast-global-color-4)","background-image":"","background-repeat":"repeat","background-position":"center center","background-size":"auto","background-attachment":"scroll","background-type":"","background-media":"","overlay-type":"","overlay-color":"","overlay-opacity":"","overlay-gradient":""}}},"product_brand":[],"product_cat":[22],"product_tag":[],"class_list":{"0":"post-201","1":"product","2":"type-product","3":"status-publish","4":"has-post-thumbnail","6":"product_cat-boucles-doreilles","7":"desktop-align-left","8":"tablet-align-left","9":"mobile-align-left","11":"first","12":"instock","13":"purchasable","14":"product-type-variable"},"jetpack_sharing_enabled":true,"_links":{"self":[{"href":"https:\/\/creasdemy.fr\/index.php\/wp-json\/wp\/v2\/product\/201","targetHints":{"allow":["GET"]}}],"collection":[{"href":"https:\/\/creasdemy.fr\/index.php\/wp-json\/wp\/v2\/product"}],"about":[{"href":"https:\/\/creasdemy.fr\/index.php\/wp-json\/wp\/v2\/types\/product"}],"replies":[{"embeddable":true,"href":"https:\/\/creasdemy.fr\/index.php\/wp-json\/wp\/v2\/comments?post=201"}],"wp:featuredmedia":[{"embeddable":true,"href":"https:\/\/creasdemy.fr\/index.php\/wp-json\/wp\/v2\/media\/165"}],"wp:attachment":[{"href":"https:\/\/creasdemy.fr\/index.php\/wp-json\/wp\/v2\/media?parent=201"}],"wp:term":[{"taxonomy":"product_brand","embeddable":true,"href":"https:\/\/creasdemy.fr\/index.php\/wp-json\/wp\/v2\/product_brand?post=201"},{"taxonomy":"product_cat","embeddable":true,"href":"https:\/\/creasdemy.fr\/index.php\/wp-json\/wp\/v2\/product_cat?post=201"},{"taxonomy":"product_tag","embeddable":true,"href":"https:\/\/creasdemy.fr\/index.php\/wp-json\/wp\/v2\/product_tag?post=201"}],"curies":[{"name":"wp","href":"https:\/\/api.w.org\/{rel}","templated":true}]}}