{"id":202,"date":"2026-02-25T17:50:01","date_gmt":"2026-02-25T17:50:01","guid":{"rendered":"https:\/\/creasdemy.fr\/?post_type=product&#038;p=202"},"modified":"2026-03-03T00:51:13","modified_gmt":"2026-03-03T00:51:13","slug":"boucles-doreilles-ciseaux","status":"publish","type":"product","link":"https:\/\/creasdemy.fr\/index.php\/product\/boucles-doreilles-ciseaux\/","title":{"rendered":"Boucles d\u2019oreilles \u201cCiseaux\u201d"},"content":{"rendered":"<h2 data-start=\"56\" data-end=\"90\">\u2702\ufe0f Boucles d\u2019oreilles \u201cCiseaux\u201d<\/h2>\n<p data-start=\"92\" data-end=\"328\">Originales et pleines de caract\u00e8re, ces boucles d\u2019oreilles en forme de ciseaux sont parfaites pour les passionn\u00e9s de coiffure, de couture ou de cr\u00e9ation. Un bijou symbolique qui repr\u00e9sente le savoir-faire, la pr\u00e9cision et la cr\u00e9ativit\u00e9.<\/p>\n<p data-start=\"330\" data-end=\"464\">L\u00e9g\u00e8res et confortables, elles apportent une touche professionnelle et tendance \u00e0 votre style, que ce soit au travail ou au quotidien.<\/p>\n<p data-start=\"466\" data-end=\"748\">\u2728 Design d\u00e9taill\u00e9 et pr\u00e9cis<br data-start=\"493\" data-end=\"496\" \/>\u2728 L\u00e9g\u00e8res et agr\u00e9ables \u00e0 porter<br data-start=\"527\" data-end=\"530\" \/>\u2728 Impression 3D soign\u00e9e<br data-start=\"553\" data-end=\"556\" \/>\ud83c\udfa8 <strong data-start=\"559\" data-end=\"603\">Couleur personnalisable selon vos envies<\/strong><br data-start=\"603\" data-end=\"606\" \/>\u2728 <strong data-start=\"608\" data-end=\"688\">Fermoir en acier inoxydable hypoallerg\u00e9nique, id\u00e9al pour les peaux sensibles<\/strong><br data-start=\"688\" data-end=\"691\" \/>\u2728 Id\u00e9ales pour offrir \u00e0 un(e) cr\u00e9atif(ve) ou artisan(e)<\/p>\n<p data-start=\"750\" data-end=\"817\">Un accessoire styl\u00e9 pour afficher votre passion avec \u00e9l\u00e9gance \u2702\ufe0f\u2728<\/p>\n","protected":false},"excerpt":{"rendered":"<p>\u2702\ufe0f Boucles d\u2019oreilles \u201cCiseaux\u201d Originales et pleines de caract\u00e8re, ces boucles d\u2019oreilles en forme de ciseaux sont parfaites pour les [&hellip;]<\/p>\n","protected":false},"featured_media":166,"comment_status":"open","ping_status":"closed","template":"","meta":{"site-sidebar-layout":"default","site-content-layout":"","ast-site-content-layout":"default","site-content-style":"default","site-sidebar-style":"default","ast-global-header-display":"","ast-banner-title-visibility":"","ast-main-header-display":"","ast-hfb-above-header-display":"","ast-hfb-below-header-display":"","ast-hfb-mobile-header-display":"","site-post-title":"","ast-breadcrumbs-content":"","ast-featured-img":"","footer-sml-layout":"","ast-disable-related-posts":"","theme-transparent-header-meta":"default","adv-header-id-meta":"","stick-header-meta":"","header-above-stick-meta":"","header-main-stick-meta":"","header-below-stick-meta":"","astra-migrate-meta-layouts":"set","ast-page-background-enabled":"default","ast-page-background-meta":{"desktop":{"background-color":"var(--ast-global-color-5)","background-image":"","background-repeat":"repeat","background-position":"center center","background-size":"auto","background-attachment":"scroll","background-type":"","background-media":"","overlay-type":"","overlay-color":"","overlay-opacity":"","overlay-gradient":""},"tablet":{"background-color":"","background-image":"","background-repeat":"repeat","background-position":"center center","background-size":"auto","background-attachment":"scroll","background-type":"","background-media":"","overlay-type":"","overlay-color":"","overlay-opacity":"","overlay-gradient":""},"mobile":{"background-color":"","background-image":"","background-repeat":"repeat","background-position":"center center","background-size":"auto","background-attachment":"scroll","background-type":"","background-media":"","overlay-type":"","overlay-color":"","overlay-opacity":"","overlay-gradient":""}},"ast-content-background-meta":{"desktop":{"background-color":"var(--ast-global-color-4)","background-image":"","background-repeat":"repeat","background-position":"center center","background-size":"auto","background-attachment":"scroll","background-type":"","background-media":"","overlay-type":"","overlay-color":"","overlay-opacity":"","overlay-gradient":""},"tablet":{"background-color":"var(--ast-global-color-4)","background-image":"","background-repeat":"repeat","background-position":"center center","background-size":"auto","background-attachment":"scroll","background-type":"","background-media":"","overlay-type":"","overlay-color":"","overlay-opacity":"","overlay-gradient":""},"mobile":{"background-color":"var(--ast-global-color-4)","background-image":"","background-repeat":"repeat","background-position":"center center","background-size":"auto","background-attachment":"scroll","background-type":"","background-media":"","overlay-type":"","overlay-color":"","overlay-opacity":"","overlay-gradient":""}}},"product_brand":[],"product_cat":[22],"product_tag":[],"class_list":{"0":"post-202","1":"product","2":"type-product","3":"status-publish","4":"has-post-thumbnail","6":"product_cat-boucles-doreilles","7":"desktop-align-left","8":"tablet-align-left","9":"mobile-align-left","11":"first","12":"instock","13":"purchasable","14":"product-type-variable"},"jetpack_sharing_enabled":true,"_links":{"self":[{"href":"https:\/\/creasdemy.fr\/index.php\/wp-json\/wp\/v2\/product\/202","targetHints":{"allow":["GET"]}}],"collection":[{"href":"https:\/\/creasdemy.fr\/index.php\/wp-json\/wp\/v2\/product"}],"about":[{"href":"https:\/\/creasdemy.fr\/index.php\/wp-json\/wp\/v2\/types\/product"}],"replies":[{"embeddable":true,"href":"https:\/\/creasdemy.fr\/index.php\/wp-json\/wp\/v2\/comments?post=202"}],"wp:featuredmedia":[{"embeddable":true,"href":"https:\/\/creasdemy.fr\/index.php\/wp-json\/wp\/v2\/media\/166"}],"wp:attachment":[{"href":"https:\/\/creasdemy.fr\/index.php\/wp-json\/wp\/v2\/media?parent=202"}],"wp:term":[{"taxonomy":"product_brand","embeddable":true,"href":"https:\/\/creasdemy.fr\/index.php\/wp-json\/wp\/v2\/product_brand?post=202"},{"taxonomy":"product_cat","embeddable":true,"href":"https:\/\/creasdemy.fr\/index.php\/wp-json\/wp\/v2\/product_cat?post=202"},{"taxonomy":"product_tag","embeddable":true,"href":"https:\/\/creasdemy.fr\/index.php\/wp-json\/wp\/v2\/product_tag?post=202"}],"curies":[{"name":"wp","href":"https:\/\/api.w.org\/{rel}","templated":true}]}}