{"id":2021,"date":"2026-03-18T17:15:57","date_gmt":"2026-03-18T17:15:57","guid":{"rendered":"https:\/\/creasdemy.fr\/?post_type=product&#038;p=2021"},"modified":"2026-03-18T17:15:57","modified_gmt":"2026-03-18T17:15:57","slug":"bague-ajustable-coccinelle","status":"publish","type":"product","link":"https:\/\/creasdemy.fr\/index.php\/product\/bague-ajustable-coccinelle\/","title":{"rendered":"Bague ajustable coccinelle"},"content":{"rendered":"<p data-start=\"59\" data-end=\"121\"><strong data-start=\"59\" data-end=\"121\">Bague ajustable coccinelle \u2013 \u00c9l\u00e9gance et porte-bonheur \ud83d\udc1e\u2728<\/strong><\/p>\n<p data-start=\"123\" data-end=\"368\">Laissez-vous s\u00e9duire par cette bague ajustable coccinelle, un bijou \u00e0 la fois pratique et plein de charme. Symbole de chance, de bonheur et de protection, la coccinelle apporte une touche positive \u00e0 votre quotidien tout en sublimant votre style.<\/p>\n<p data-start=\"370\" data-end=\"610\">Gr\u00e2ce \u00e0 son syst\u00e8me ajustable, cette bague s\u2019adapte facilement \u00e0 toutes les tailles de doigts, offrant un confort optimal sans compromis sur l\u2019\u00e9l\u00e9gance. Son design d\u00e9licat et original en fait un accessoire parfait pour toutes les occasions.<\/p>\n<p data-start=\"612\" data-end=\"638\">\u2728 <strong data-start=\"614\" data-end=\"636\">Caract\u00e9ristiques :<\/strong><\/p>\n<ul data-start=\"639\" data-end=\"826\">\n<li data-section-id=\"1amkzz3\" data-start=\"639\" data-end=\"688\">\n<p data-start=\"641\" data-end=\"688\">Taille ajustable : convient \u00e0 tous les doigts<\/p>\n<\/li>\n<li data-section-id=\"12mz3jm\" data-start=\"689\" data-end=\"725\">\n<p data-start=\"691\" data-end=\"725\">Motif coccinelle fin et d\u00e9taill\u00e9<\/p>\n<\/li>\n<li data-section-id=\"1q0sfad\" data-start=\"726\" data-end=\"759\">\n<p data-start=\"728\" data-end=\"759\">L\u00e9ger et confortable \u00e0 porter<\/p>\n<\/li>\n<li data-section-id=\"9ynnik\" data-start=\"760\" data-end=\"789\">\n<p data-start=\"762\" data-end=\"789\">Style \u00e9l\u00e9gant et tendance<\/p>\n<\/li>\n<li data-section-id=\"1s6qy1z\" data-start=\"790\" data-end=\"826\">\n<p data-start=\"792\" data-end=\"826\">Id\u00e9al comme cadeau porte-bonheur<\/p>\n<\/li>\n<\/ul>\n<p data-start=\"828\" data-end=\"967\">Que ce soit pour offrir ou pour se faire plaisir, cette bague coccinelle ajustable est le bijou parfait pour allier style et symbolique \ud83d\udc1e\u2728<\/p>\n","protected":false},"excerpt":{"rendered":"<p>Bague ajustable coccinelle \u2013 \u00c9l\u00e9gance et porte-bonheur \ud83d\udc1e\u2728 Laissez-vous s\u00e9duire par cette bague ajustable coccinelle, un bijou \u00e0 la fois [&hellip;]<\/p>\n","protected":false},"featured_media":1969,"comment_status":"open","ping_status":"closed","template":"","meta":{"site-sidebar-layout":"default","site-content-layout":"","ast-site-content-layout":"default","site-content-style":"default","site-sidebar-style":"default","ast-global-header-display":"","ast-banner-title-visibility":"","ast-main-header-display":"","ast-hfb-above-header-display":"","ast-hfb-below-header-display":"","ast-hfb-mobile-header-display":"","site-post-title":"","ast-breadcrumbs-content":"","ast-featured-img":"","footer-sml-layout":"","ast-disable-related-posts":"","theme-transparent-header-meta":"default","adv-header-id-meta":"","stick-header-meta":"","header-above-stick-meta":"","header-main-stick-meta":"","header-below-stick-meta":"","astra-migrate-meta-layouts":"set","ast-page-background-enabled":"default","ast-page-background-meta":{"desktop":{"background-color":"var(--ast-global-color-5)","background-image":"","background-repeat":"repeat","background-position":"center center","background-size":"auto","background-attachment":"scroll","background-type":"","background-media":"","overlay-type":"","overlay-color":"","overlay-opacity":"","overlay-gradient":""},"tablet":{"background-color":"","background-image":"","background-repeat":"repeat","background-position":"center center","background-size":"auto","background-attachment":"scroll","background-type":"","background-media":"","overlay-type":"","overlay-color":"","overlay-opacity":"","overlay-gradient":""},"mobile":{"background-color":"","background-image":"","background-repeat":"repeat","background-position":"center center","background-size":"auto","background-attachment":"scroll","background-type":"","background-media":"","overlay-type":"","overlay-color":"","overlay-opacity":"","overlay-gradient":""}},"ast-content-background-meta":{"desktop":{"background-color":"var(--ast-global-color-4)","background-image":"","background-repeat":"repeat","background-position":"center center","background-size":"auto","background-attachment":"scroll","background-type":"","background-media":"","overlay-type":"","overlay-color":"","overlay-opacity":"","overlay-gradient":""},"tablet":{"background-color":"var(--ast-global-color-4)","background-image":"","background-repeat":"repeat","background-position":"center center","background-size":"auto","background-attachment":"scroll","background-type":"","background-media":"","overlay-type":"","overlay-color":"","overlay-opacity":"","overlay-gradient":""},"mobile":{"background-color":"var(--ast-global-color-4)","background-image":"","background-repeat":"repeat","background-position":"center center","background-size":"auto","background-attachment":"scroll","background-type":"","background-media":"","overlay-type":"","overlay-color":"","overlay-opacity":"","overlay-gradient":""}}},"product_brand":[],"product_cat":[70],"product_tag":[],"class_list":{"0":"post-2021","1":"product","2":"type-product","3":"status-publish","4":"has-post-thumbnail","6":"product_cat-bague","7":"desktop-align-left","8":"tablet-align-left","9":"mobile-align-left","11":"first","12":"instock","13":"shipping-taxable","14":"purchasable","15":"product-type-variable"},"jetpack_sharing_enabled":true,"_links":{"self":[{"href":"https:\/\/creasdemy.fr\/index.php\/wp-json\/wp\/v2\/product\/2021","targetHints":{"allow":["GET"]}}],"collection":[{"href":"https:\/\/creasdemy.fr\/index.php\/wp-json\/wp\/v2\/product"}],"about":[{"href":"https:\/\/creasdemy.fr\/index.php\/wp-json\/wp\/v2\/types\/product"}],"replies":[{"embeddable":true,"href":"https:\/\/creasdemy.fr\/index.php\/wp-json\/wp\/v2\/comments?post=2021"}],"wp:featuredmedia":[{"embeddable":true,"href":"https:\/\/creasdemy.fr\/index.php\/wp-json\/wp\/v2\/media\/1969"}],"wp:attachment":[{"href":"https:\/\/creasdemy.fr\/index.php\/wp-json\/wp\/v2\/media?parent=2021"}],"wp:term":[{"taxonomy":"product_brand","embeddable":true,"href":"https:\/\/creasdemy.fr\/index.php\/wp-json\/wp\/v2\/product_brand?post=2021"},{"taxonomy":"product_cat","embeddable":true,"href":"https:\/\/creasdemy.fr\/index.php\/wp-json\/wp\/v2\/product_cat?post=2021"},{"taxonomy":"product_tag","embeddable":true,"href":"https:\/\/creasdemy.fr\/index.php\/wp-json\/wp\/v2\/product_tag?post=2021"}],"curies":[{"name":"wp","href":"https:\/\/api.w.org\/{rel}","templated":true}]}}