{"id":203,"date":"2026-02-25T17:53:24","date_gmt":"2026-02-25T17:53:24","guid":{"rendered":"https:\/\/creasdemy.fr\/?post_type=product&#038;p=203"},"modified":"2026-03-03T00:51:13","modified_gmt":"2026-03-03T00:51:13","slug":"boucles-doreilles-abeille-nid","status":"publish","type":"product","link":"https:\/\/creasdemy.fr\/index.php\/product\/boucles-doreilles-abeille-nid\/","title":{"rendered":"Boucles d\u2019oreilles \u201cAbeille &#038; Nid\u201d"},"content":{"rendered":"<h2 data-start=\"56\" data-end=\"96\">\ud83d\udc1d Boucles d\u2019oreilles \u201cAbeille &amp; Nid\u201d<\/h2>\n<p data-start=\"98\" data-end=\"318\">Craquez pour ces boucles d\u2019oreilles originales repr\u00e9sentant une abeille accompagn\u00e9e de son nid. Symboles de nature, d\u2019harmonie et de travail passionn\u00e9, elles apportent une touche d\u00e9licate et pleine de sens \u00e0 votre style.<\/p>\n<p data-start=\"320\" data-end=\"471\">Leur design d\u00e9taill\u00e9 et \u00e9quilibr\u00e9 en fait un bijou \u00e0 la fois tendance et symbolique, parfait pour les amoureux de la nature et des accessoires uniques.<\/p>\n<p data-start=\"473\" data-end=\"741\">\u2728 Design fin et d\u00e9taill\u00e9<br data-start=\"497\" data-end=\"500\" \/>\u2728 L\u00e9g\u00e8res et confortables \u00e0 porter<br data-start=\"534\" data-end=\"537\" \/>\u2728 Impression 3D soign\u00e9e<br data-start=\"560\" data-end=\"563\" \/>\ud83c\udfa8 <strong data-start=\"566\" data-end=\"610\">Couleur personnalisable selon vos envies<\/strong><br data-start=\"610\" data-end=\"613\" \/>\u2728 <strong data-start=\"615\" data-end=\"695\">Fermoir en acier inoxydable hypoallerg\u00e9nique, id\u00e9al pour les peaux sensibles<\/strong><br data-start=\"695\" data-end=\"698\" \/>\u2728 Id\u00e9ales pour offrir ou se faire plaisir<\/p>\n<p data-start=\"743\" data-end=\"824\">Un bijou plein de douceur et de caract\u00e8re pour un style naturel et lumineux \ud83d\udc1d\u2728<\/p>\n","protected":false},"excerpt":{"rendered":"<p>\ud83d\udc1d Boucles d\u2019oreilles \u201cAbeille &amp; Nid\u201d Craquez pour ces boucles d\u2019oreilles originales repr\u00e9sentant une abeille accompagn\u00e9e de son nid. Symboles [&hellip;]<\/p>\n","protected":false},"featured_media":167,"comment_status":"open","ping_status":"closed","template":"","meta":{"site-sidebar-layout":"default","site-content-layout":"","ast-site-content-layout":"default","site-content-style":"default","site-sidebar-style":"default","ast-global-header-display":"","ast-banner-title-visibility":"","ast-main-header-display":"","ast-hfb-above-header-display":"","ast-hfb-below-header-display":"","ast-hfb-mobile-header-display":"","site-post-title":"","ast-breadcrumbs-content":"","ast-featured-img":"","footer-sml-layout":"","ast-disable-related-posts":"","theme-transparent-header-meta":"default","adv-header-id-meta":"","stick-header-meta":"","header-above-stick-meta":"","header-main-stick-meta":"","header-below-stick-meta":"","astra-migrate-meta-layouts":"set","ast-page-background-enabled":"default","ast-page-background-meta":{"desktop":{"background-color":"var(--ast-global-color-5)","background-image":"","background-repeat":"repeat","background-position":"center center","background-size":"auto","background-attachment":"scroll","background-type":"","background-media":"","overlay-type":"","overlay-color":"","overlay-opacity":"","overlay-gradient":""},"tablet":{"background-color":"","background-image":"","background-repeat":"repeat","background-position":"center center","background-size":"auto","background-attachment":"scroll","background-type":"","background-media":"","overlay-type":"","overlay-color":"","overlay-opacity":"","overlay-gradient":""},"mobile":{"background-color":"","background-image":"","background-repeat":"repeat","background-position":"center center","background-size":"auto","background-attachment":"scroll","background-type":"","background-media":"","overlay-type":"","overlay-color":"","overlay-opacity":"","overlay-gradient":""}},"ast-content-background-meta":{"desktop":{"background-color":"var(--ast-global-color-4)","background-image":"","background-repeat":"repeat","background-position":"center center","background-size":"auto","background-attachment":"scroll","background-type":"","background-media":"","overlay-type":"","overlay-color":"","overlay-opacity":"","overlay-gradient":""},"tablet":{"background-color":"var(--ast-global-color-4)","background-image":"","background-repeat":"repeat","background-position":"center center","background-size":"auto","background-attachment":"scroll","background-type":"","background-media":"","overlay-type":"","overlay-color":"","overlay-opacity":"","overlay-gradient":""},"mobile":{"background-color":"var(--ast-global-color-4)","background-image":"","background-repeat":"repeat","background-position":"center center","background-size":"auto","background-attachment":"scroll","background-type":"","background-media":"","overlay-type":"","overlay-color":"","overlay-opacity":"","overlay-gradient":""}}},"product_brand":[],"product_cat":[22],"product_tag":[],"class_list":{"0":"post-203","1":"product","2":"type-product","3":"status-publish","4":"has-post-thumbnail","6":"product_cat-boucles-doreilles","7":"desktop-align-left","8":"tablet-align-left","9":"mobile-align-left","11":"first","12":"instock","13":"purchasable","14":"product-type-variable"},"jetpack_sharing_enabled":true,"_links":{"self":[{"href":"https:\/\/creasdemy.fr\/index.php\/wp-json\/wp\/v2\/product\/203","targetHints":{"allow":["GET"]}}],"collection":[{"href":"https:\/\/creasdemy.fr\/index.php\/wp-json\/wp\/v2\/product"}],"about":[{"href":"https:\/\/creasdemy.fr\/index.php\/wp-json\/wp\/v2\/types\/product"}],"replies":[{"embeddable":true,"href":"https:\/\/creasdemy.fr\/index.php\/wp-json\/wp\/v2\/comments?post=203"}],"wp:featuredmedia":[{"embeddable":true,"href":"https:\/\/creasdemy.fr\/index.php\/wp-json\/wp\/v2\/media\/167"}],"wp:attachment":[{"href":"https:\/\/creasdemy.fr\/index.php\/wp-json\/wp\/v2\/media?parent=203"}],"wp:term":[{"taxonomy":"product_brand","embeddable":true,"href":"https:\/\/creasdemy.fr\/index.php\/wp-json\/wp\/v2\/product_brand?post=203"},{"taxonomy":"product_cat","embeddable":true,"href":"https:\/\/creasdemy.fr\/index.php\/wp-json\/wp\/v2\/product_cat?post=203"},{"taxonomy":"product_tag","embeddable":true,"href":"https:\/\/creasdemy.fr\/index.php\/wp-json\/wp\/v2\/product_tag?post=203"}],"curies":[{"name":"wp","href":"https:\/\/api.w.org\/{rel}","templated":true}]}}