{"id":206,"date":"2026-02-25T17:56:35","date_gmt":"2026-02-25T17:56:35","guid":{"rendered":"https:\/\/creasdemy.fr\/?post_type=product&#038;p=206"},"modified":"2026-03-03T00:51:13","modified_gmt":"2026-03-03T00:51:13","slug":"boucles-doreilles-forme-geometrique-3","status":"publish","type":"product","link":"https:\/\/creasdemy.fr\/index.php\/product\/boucles-doreilles-forme-geometrique-3\/","title":{"rendered":"Boucles d\u2019oreilles \u201cForme g\u00e9om\u00e9trique\u201d"},"content":{"rendered":"<h2 data-start=\"56\" data-end=\"100\">\ud83d\udd37 Boucles d\u2019oreilles \u201cForme g\u00e9om\u00e9trique\u201d<\/h2>\n<p data-start=\"102\" data-end=\"334\">Modernes et \u00e9l\u00e9gantes, ces boucles d\u2019oreilles aux formes g\u00e9om\u00e9triques apportent une touche contemporaine et minimaliste \u00e0 votre style. Lignes \u00e9pur\u00e9es, \u00e9quilibre des formes et design structur\u00e9 en font un bijou tendance et intemporel.<\/p>\n<p data-start=\"336\" data-end=\"443\">L\u00e9g\u00e8res et faciles \u00e0 porter, elles s\u2019adaptent aussi bien \u00e0 un look casual qu\u2019\u00e0 une tenue plus sophistiqu\u00e9e.<\/p>\n<p data-start=\"445\" data-end=\"709\">\u2728 Design moderne et structur\u00e9<br data-start=\"474\" data-end=\"477\" \/>\u2728 L\u00e9g\u00e8res et confortables<br data-start=\"502\" data-end=\"505\" \/>\u2728 Impression 3D soign\u00e9e<br data-start=\"528\" data-end=\"531\" \/>\ud83c\udfa8 <strong data-start=\"534\" data-end=\"578\">Couleur personnalisable selon vos envies<\/strong><br data-start=\"578\" data-end=\"581\" \/>\u2728 <strong data-start=\"583\" data-end=\"663\">Fermoir en acier inoxydable hypoallerg\u00e9nique, id\u00e9al pour les peaux sensibles<\/strong><br data-start=\"663\" data-end=\"666\" \/>\u2728 Id\u00e9ales pour offrir ou se faire plaisir<\/p>\n<p data-start=\"711\" data-end=\"784\">Un bijou graphique et \u00e9l\u00e9gant pour un style affirm\u00e9 et contemporain \ud83d\udd37\u2728<\/p>\n","protected":false},"excerpt":{"rendered":"<p>\ud83d\udd37 Boucles d\u2019oreilles \u201cForme g\u00e9om\u00e9trique\u201d Modernes et \u00e9l\u00e9gantes, ces boucles d\u2019oreilles aux formes g\u00e9om\u00e9triques apportent une touche contemporaine et minimaliste [&hellip;]<\/p>\n","protected":false},"featured_media":170,"comment_status":"open","ping_status":"closed","template":"","meta":{"site-sidebar-layout":"default","site-content-layout":"","ast-site-content-layout":"default","site-content-style":"default","site-sidebar-style":"default","ast-global-header-display":"","ast-banner-title-visibility":"","ast-main-header-display":"","ast-hfb-above-header-display":"","ast-hfb-below-header-display":"","ast-hfb-mobile-header-display":"","site-post-title":"","ast-breadcrumbs-content":"","ast-featured-img":"","footer-sml-layout":"","ast-disable-related-posts":"","theme-transparent-header-meta":"default","adv-header-id-meta":"","stick-header-meta":"","header-above-stick-meta":"","header-main-stick-meta":"","header-below-stick-meta":"","astra-migrate-meta-layouts":"set","ast-page-background-enabled":"default","ast-page-background-meta":{"desktop":{"background-color":"var(--ast-global-color-5)","background-image":"","background-repeat":"repeat","background-position":"center center","background-size":"auto","background-attachment":"scroll","background-type":"","background-media":"","overlay-type":"","overlay-color":"","overlay-opacity":"","overlay-gradient":""},"tablet":{"background-color":"","background-image":"","background-repeat":"repeat","background-position":"center center","background-size":"auto","background-attachment":"scroll","background-type":"","background-media":"","overlay-type":"","overlay-color":"","overlay-opacity":"","overlay-gradient":""},"mobile":{"background-color":"","background-image":"","background-repeat":"repeat","background-position":"center center","background-size":"auto","background-attachment":"scroll","background-type":"","background-media":"","overlay-type":"","overlay-color":"","overlay-opacity":"","overlay-gradient":""}},"ast-content-background-meta":{"desktop":{"background-color":"var(--ast-global-color-4)","background-image":"","background-repeat":"repeat","background-position":"center center","background-size":"auto","background-attachment":"scroll","background-type":"","background-media":"","overlay-type":"","overlay-color":"","overlay-opacity":"","overlay-gradient":""},"tablet":{"background-color":"var(--ast-global-color-4)","background-image":"","background-repeat":"repeat","background-position":"center center","background-size":"auto","background-attachment":"scroll","background-type":"","background-media":"","overlay-type":"","overlay-color":"","overlay-opacity":"","overlay-gradient":""},"mobile":{"background-color":"var(--ast-global-color-4)","background-image":"","background-repeat":"repeat","background-position":"center center","background-size":"auto","background-attachment":"scroll","background-type":"","background-media":"","overlay-type":"","overlay-color":"","overlay-opacity":"","overlay-gradient":""}}},"product_brand":[],"product_cat":[22],"product_tag":[],"class_list":{"0":"post-206","1":"product","2":"type-product","3":"status-publish","4":"has-post-thumbnail","6":"product_cat-boucles-doreilles","7":"desktop-align-left","8":"tablet-align-left","9":"mobile-align-left","11":"first","12":"instock","13":"purchasable","14":"product-type-variable"},"jetpack_sharing_enabled":true,"_links":{"self":[{"href":"https:\/\/creasdemy.fr\/index.php\/wp-json\/wp\/v2\/product\/206","targetHints":{"allow":["GET"]}}],"collection":[{"href":"https:\/\/creasdemy.fr\/index.php\/wp-json\/wp\/v2\/product"}],"about":[{"href":"https:\/\/creasdemy.fr\/index.php\/wp-json\/wp\/v2\/types\/product"}],"replies":[{"embeddable":true,"href":"https:\/\/creasdemy.fr\/index.php\/wp-json\/wp\/v2\/comments?post=206"}],"wp:featuredmedia":[{"embeddable":true,"href":"https:\/\/creasdemy.fr\/index.php\/wp-json\/wp\/v2\/media\/170"}],"wp:attachment":[{"href":"https:\/\/creasdemy.fr\/index.php\/wp-json\/wp\/v2\/media?parent=206"}],"wp:term":[{"taxonomy":"product_brand","embeddable":true,"href":"https:\/\/creasdemy.fr\/index.php\/wp-json\/wp\/v2\/product_brand?post=206"},{"taxonomy":"product_cat","embeddable":true,"href":"https:\/\/creasdemy.fr\/index.php\/wp-json\/wp\/v2\/product_cat?post=206"},{"taxonomy":"product_tag","embeddable":true,"href":"https:\/\/creasdemy.fr\/index.php\/wp-json\/wp\/v2\/product_tag?post=206"}],"curies":[{"name":"wp","href":"https:\/\/api.w.org\/{rel}","templated":true}]}}