{"id":213,"date":"2026-02-25T18:06:48","date_gmt":"2026-02-25T18:06:48","guid":{"rendered":"https:\/\/creasdemy.fr\/?post_type=product&#038;p=213"},"modified":"2026-03-07T15:58:51","modified_gmt":"2026-03-07T15:58:51","slug":"dragon-articule","status":"publish","type":"product","link":"https:\/\/creasdemy.fr\/index.php\/product\/dragon-articule\/","title":{"rendered":"Dragon articul\u00e9"},"content":{"rendered":"<h2 data-start=\"56\" data-end=\"77\">\ud83d\udc09 Dragon articul\u00e9<\/h2>\n<p data-start=\"79\" data-end=\"279\">Plongez dans un univers fantastique avec ce dragon articul\u00e9, enti\u00e8rement imprim\u00e9 en 3D. Gr\u00e2ce \u00e0 ses multiples articulations, il est flexible et mobile, ce qui lui donne un effet r\u00e9aliste et captivant.<\/p>\n<p data-start=\"281\" data-end=\"422\">\u00c0 la fois objet d\u00e9coratif et pi\u00e8ce ludique, il s\u00e9duira les amateurs de cr\u00e9atures mythiques, les passionn\u00e9s de fantasy et les collectionneurs.<\/p>\n<p data-start=\"424\" data-end=\"625\">\u2728 Design d\u00e9taill\u00e9 et impressionnant<br data-start=\"459\" data-end=\"462\" \/>\u2728 Enti\u00e8rement articul\u00e9 et mobile<br data-start=\"494\" data-end=\"497\" \/>\u2728 Impression 3D de qualit\u00e9<br data-start=\"523\" data-end=\"526\" \/>\ud83c\udfa8 <strong data-start=\"529\" data-end=\"573\">Couleur personnalisable selon vos envies<\/strong><br data-start=\"573\" data-end=\"576\" \/>\u2728 Id\u00e9al pour offrir ou compl\u00e9ter une collection<\/p>\n<p data-start=\"627\" data-end=\"700\">Un dragon fascinant qui ne demande qu\u2019\u00e0 prendre vie entre vos mains \ud83d\udc09\u2728<\/p>\n","protected":false},"excerpt":{"rendered":"<p>\ud83d\udc09 Dragon articul\u00e9 Plongez dans un univers fantastique avec ce dragon articul\u00e9, enti\u00e8rement imprim\u00e9 en 3D. Gr\u00e2ce \u00e0 ses multiples [&hellip;]<\/p>\n","protected":false},"featured_media":177,"comment_status":"open","ping_status":"closed","template":"","meta":{"site-sidebar-layout":"default","site-content-layout":"","ast-site-content-layout":"default","site-content-style":"default","site-sidebar-style":"default","ast-global-header-display":"","ast-banner-title-visibility":"","ast-main-header-display":"","ast-hfb-above-header-display":"","ast-hfb-below-header-display":"","ast-hfb-mobile-header-display":"","site-post-title":"","ast-breadcrumbs-content":"","ast-featured-img":"","footer-sml-layout":"","ast-disable-related-posts":"","theme-transparent-header-meta":"default","adv-header-id-meta":"","stick-header-meta":"","header-above-stick-meta":"","header-main-stick-meta":"","header-below-stick-meta":"","astra-migrate-meta-layouts":"set","ast-page-background-enabled":"default","ast-page-background-meta":{"desktop":{"background-color":"var(--ast-global-color-5)","background-image":"","background-repeat":"repeat","background-position":"center center","background-size":"auto","background-attachment":"scroll","background-type":"","background-media":"","overlay-type":"","overlay-color":"","overlay-opacity":"","overlay-gradient":""},"tablet":{"background-color":"","background-image":"","background-repeat":"repeat","background-position":"center center","background-size":"auto","background-attachment":"scroll","background-type":"","background-media":"","overlay-type":"","overlay-color":"","overlay-opacity":"","overlay-gradient":""},"mobile":{"background-color":"","background-image":"","background-repeat":"repeat","background-position":"center center","background-size":"auto","background-attachment":"scroll","background-type":"","background-media":"","overlay-type":"","overlay-color":"","overlay-opacity":"","overlay-gradient":""}},"ast-content-background-meta":{"desktop":{"background-color":"var(--ast-global-color-4)","background-image":"","background-repeat":"repeat","background-position":"center center","background-size":"auto","background-attachment":"scroll","background-type":"","background-media":"","overlay-type":"","overlay-color":"","overlay-opacity":"","overlay-gradient":""},"tablet":{"background-color":"var(--ast-global-color-4)","background-image":"","background-repeat":"repeat","background-position":"center center","background-size":"auto","background-attachment":"scroll","background-type":"","background-media":"","overlay-type":"","overlay-color":"","overlay-opacity":"","overlay-gradient":""},"mobile":{"background-color":"var(--ast-global-color-4)","background-image":"","background-repeat":"repeat","background-position":"center center","background-size":"auto","background-attachment":"scroll","background-type":"","background-media":"","overlay-type":"","overlay-color":"","overlay-opacity":"","overlay-gradient":""}}},"product_brand":[],"product_cat":[24],"product_tag":[],"class_list":{"0":"post-213","1":"product","2":"type-product","3":"status-publish","4":"has-post-thumbnail","6":"product_cat-decoration","7":"desktop-align-left","8":"tablet-align-left","9":"mobile-align-left","11":"first","12":"instock","13":"purchasable","14":"product-type-variable"},"jetpack_sharing_enabled":true,"_links":{"self":[{"href":"https:\/\/creasdemy.fr\/index.php\/wp-json\/wp\/v2\/product\/213","targetHints":{"allow":["GET"]}}],"collection":[{"href":"https:\/\/creasdemy.fr\/index.php\/wp-json\/wp\/v2\/product"}],"about":[{"href":"https:\/\/creasdemy.fr\/index.php\/wp-json\/wp\/v2\/types\/product"}],"replies":[{"embeddable":true,"href":"https:\/\/creasdemy.fr\/index.php\/wp-json\/wp\/v2\/comments?post=213"}],"wp:featuredmedia":[{"embeddable":true,"href":"https:\/\/creasdemy.fr\/index.php\/wp-json\/wp\/v2\/media\/177"}],"wp:attachment":[{"href":"https:\/\/creasdemy.fr\/index.php\/wp-json\/wp\/v2\/media?parent=213"}],"wp:term":[{"taxonomy":"product_brand","embeddable":true,"href":"https:\/\/creasdemy.fr\/index.php\/wp-json\/wp\/v2\/product_brand?post=213"},{"taxonomy":"product_cat","embeddable":true,"href":"https:\/\/creasdemy.fr\/index.php\/wp-json\/wp\/v2\/product_cat?post=213"},{"taxonomy":"product_tag","embeddable":true,"href":"https:\/\/creasdemy.fr\/index.php\/wp-json\/wp\/v2\/product_tag?post=213"}],"curies":[{"name":"wp","href":"https:\/\/api.w.org\/{rel}","templated":true}]}}