{"id":2136,"date":"2026-03-21T15:48:28","date_gmt":"2026-03-21T15:48:28","guid":{"rendered":"https:\/\/creasdemy.fr\/?post_type=product&#038;p=2136"},"modified":"2026-03-21T15:52:52","modified_gmt":"2026-03-21T15:52:52","slug":"porte-cle-dinosaure","status":"publish","type":"product","link":"https:\/\/creasdemy.fr\/index.php\/product\/porte-cle-dinosaure\/","title":{"rendered":"Porte-cl\u00e9 dinosaure"},"content":{"rendered":"<p data-start=\"56\" data-end=\"97\"><strong data-start=\"56\" data-end=\"97\">Porte-cl\u00e9 dinosaure \u2013 Fun et original<\/strong><\/p>\n<p data-start=\"99\" data-end=\"323\">Ajoutez une touche de fun \u00e0 votre quotidien avec ce porte-cl\u00e9 dinosaure au design adorable et original. Parfait pour personnaliser vos cl\u00e9s, un sac ou m\u00eame une trousse, il apporte une note ludique qui ne passe pas inaper\u00e7ue.<\/p>\n<p data-start=\"325\" data-end=\"446\">Solide et l\u00e9ger, ce porte-cl\u00e9 est con\u00e7u pour r\u00e9sister \u00e0 une utilisation quotidienne tout en restant agr\u00e9able \u00e0 manipuler.<\/p>\n<p data-start=\"448\" data-end=\"475\">\ud83e\udd96 <strong data-start=\"451\" data-end=\"473\">Caract\u00e9ristiques :<\/strong><\/p>\n<ul data-start=\"476\" data-end=\"608\">\n<li data-section-id=\"1v9snu1\" data-start=\"476\" data-end=\"515\">Design dinosaure mignon et tendance<\/li>\n<li data-section-id=\"18jdsy9\" data-start=\"516\" data-end=\"538\">L\u00e9ger et r\u00e9sistant<\/li>\n<li data-section-id=\"1bui0og\" data-start=\"539\" data-end=\"569\">Attache solide et pratique<\/li>\n<li data-section-id=\"1r18wda\" data-start=\"570\" data-end=\"608\">Id\u00e9al pour cl\u00e9s, sac ou accessoire<\/li>\n<\/ul>\n<p data-start=\"610\" data-end=\"699\">Un petit accessoire qui fera plaisir aux petits comme aux grands amateurs de dinosaures !<\/p>\n","protected":false},"excerpt":{"rendered":"<p>Porte-cl\u00e9 dinosaure \u2013 Fun et original Ajoutez une touche de fun \u00e0 votre quotidien avec ce porte-cl\u00e9 dinosaure au design [&hellip;]<\/p>\n","protected":false},"featured_media":2084,"comment_status":"open","ping_status":"closed","template":"","meta":{"site-sidebar-layout":"default","site-content-layout":"","ast-site-content-layout":"default","site-content-style":"default","site-sidebar-style":"default","ast-global-header-display":"","ast-banner-title-visibility":"","ast-main-header-display":"","ast-hfb-above-header-display":"","ast-hfb-below-header-display":"","ast-hfb-mobile-header-display":"","site-post-title":"","ast-breadcrumbs-content":"","ast-featured-img":"","footer-sml-layout":"","ast-disable-related-posts":"","theme-transparent-header-meta":"default","adv-header-id-meta":"","stick-header-meta":"","header-above-stick-meta":"","header-main-stick-meta":"","header-below-stick-meta":"","astra-migrate-meta-layouts":"set","ast-page-background-enabled":"default","ast-page-background-meta":{"desktop":{"background-color":"var(--ast-global-color-5)","background-image":"","background-repeat":"repeat","background-position":"center center","background-size":"auto","background-attachment":"scroll","background-type":"","background-media":"","overlay-type":"","overlay-color":"","overlay-opacity":"","overlay-gradient":""},"tablet":{"background-color":"","background-image":"","background-repeat":"repeat","background-position":"center center","background-size":"auto","background-attachment":"scroll","background-type":"","background-media":"","overlay-type":"","overlay-color":"","overlay-opacity":"","overlay-gradient":""},"mobile":{"background-color":"","background-image":"","background-repeat":"repeat","background-position":"center center","background-size":"auto","background-attachment":"scroll","background-type":"","background-media":"","overlay-type":"","overlay-color":"","overlay-opacity":"","overlay-gradient":""}},"ast-content-background-meta":{"desktop":{"background-color":"var(--ast-global-color-4)","background-image":"","background-repeat":"repeat","background-position":"center center","background-size":"auto","background-attachment":"scroll","background-type":"","background-media":"","overlay-type":"","overlay-color":"","overlay-opacity":"","overlay-gradient":""},"tablet":{"background-color":"var(--ast-global-color-4)","background-image":"","background-repeat":"repeat","background-position":"center center","background-size":"auto","background-attachment":"scroll","background-type":"","background-media":"","overlay-type":"","overlay-color":"","overlay-opacity":"","overlay-gradient":""},"mobile":{"background-color":"var(--ast-global-color-4)","background-image":"","background-repeat":"repeat","background-position":"center center","background-size":"auto","background-attachment":"scroll","background-type":"","background-media":"","overlay-type":"","overlay-color":"","overlay-opacity":"","overlay-gradient":""}}},"product_brand":[],"product_cat":[23],"product_tag":[],"class_list":{"0":"post-2136","1":"product","2":"type-product","3":"status-publish","4":"has-post-thumbnail","6":"product_cat-porte-cles","7":"desktop-align-left","8":"tablet-align-left","9":"mobile-align-left","11":"first","12":"instock","13":"shipping-taxable","14":"purchasable","15":"product-type-variable"},"jetpack_sharing_enabled":true,"_links":{"self":[{"href":"https:\/\/creasdemy.fr\/index.php\/wp-json\/wp\/v2\/product\/2136","targetHints":{"allow":["GET"]}}],"collection":[{"href":"https:\/\/creasdemy.fr\/index.php\/wp-json\/wp\/v2\/product"}],"about":[{"href":"https:\/\/creasdemy.fr\/index.php\/wp-json\/wp\/v2\/types\/product"}],"replies":[{"embeddable":true,"href":"https:\/\/creasdemy.fr\/index.php\/wp-json\/wp\/v2\/comments?post=2136"}],"wp:featuredmedia":[{"embeddable":true,"href":"https:\/\/creasdemy.fr\/index.php\/wp-json\/wp\/v2\/media\/2084"}],"wp:attachment":[{"href":"https:\/\/creasdemy.fr\/index.php\/wp-json\/wp\/v2\/media?parent=2136"}],"wp:term":[{"taxonomy":"product_brand","embeddable":true,"href":"https:\/\/creasdemy.fr\/index.php\/wp-json\/wp\/v2\/product_brand?post=2136"},{"taxonomy":"product_cat","embeddable":true,"href":"https:\/\/creasdemy.fr\/index.php\/wp-json\/wp\/v2\/product_cat?post=2136"},{"taxonomy":"product_tag","embeddable":true,"href":"https:\/\/creasdemy.fr\/index.php\/wp-json\/wp\/v2\/product_tag?post=2136"}],"curies":[{"name":"wp","href":"https:\/\/api.w.org\/{rel}","templated":true}]}}