{"id":2164,"date":"2026-03-21T15:57:14","date_gmt":"2026-03-21T15:57:14","guid":{"rendered":"https:\/\/creasdemy.fr\/?post_type=product&#038;p=2164"},"modified":"2026-03-21T15:57:14","modified_gmt":"2026-03-21T15:57:14","slug":"boucles-doreilles-kepi-gendarme","status":"publish","type":"product","link":"https:\/\/creasdemy.fr\/index.php\/product\/boucles-doreilles-kepi-gendarme\/","title":{"rendered":"Boucles d\u2019oreilles k\u00e9pi gendarme"},"content":{"rendered":"<p data-start=\"54\" data-end=\"112\"><strong data-start=\"54\" data-end=\"112\">Boucles d\u2019oreilles k\u00e9pi gendarme \u2013 \u00c9l\u00e9gance et symbole<\/strong><\/p>\n<p data-start=\"114\" data-end=\"325\">Affichez fi\u00e8rement votre attachement aux forces de l\u2019ordre avec ces boucles d\u2019oreilles en forme de k\u00e9pi de gendarme. Un bijou original et symbolique, id\u00e9al pour les passionn\u00e9s, les proches ou les professionnels.<\/p>\n<p data-start=\"327\" data-end=\"445\">Discr\u00e8tes et \u00e9l\u00e9gantes, elles apportent une touche unique \u00e0 votre tenue tout en restant faciles \u00e0 porter au quotidien.<\/p>\n<p data-start=\"447\" data-end=\"473\">\u2728 <strong data-start=\"449\" data-end=\"471\">Caract\u00e9ristiques :<\/strong><\/p>\n<ul data-start=\"474\" data-end=\"607\">\n<li data-section-id=\"1l292ei\" data-start=\"474\" data-end=\"507\">Design k\u00e9pi gendarme d\u00e9taill\u00e9<\/li>\n<li data-section-id=\"4tgwsj\" data-start=\"508\" data-end=\"535\">L\u00e9g\u00e8res et confortables<\/li>\n<li data-section-id=\"pdi0wd\" data-start=\"536\" data-end=\"556\">Fermoir s\u00e9curis\u00e9<\/li>\n<li data-section-id=\"mvef8n\" data-start=\"557\" data-end=\"607\">Parfaites pour un usage quotidien ou un cadeau<\/li>\n<\/ul>\n<p data-start=\"609\" data-end=\"695\">Un accessoire \u00e0 la fois significatif et styl\u00e9, qui ne manquera pas de faire sensation.<\/p>\n","protected":false},"excerpt":{"rendered":"<p>Boucles d\u2019oreilles k\u00e9pi gendarme \u2013 \u00c9l\u00e9gance et symbole Affichez fi\u00e8rement votre attachement aux forces de l\u2019ordre avec ces boucles d\u2019oreilles [&hellip;]<\/p>\n","protected":false},"featured_media":2163,"comment_status":"open","ping_status":"closed","template":"","meta":{"site-sidebar-layout":"default","site-content-layout":"","ast-site-content-layout":"default","site-content-style":"default","site-sidebar-style":"default","ast-global-header-display":"","ast-banner-title-visibility":"","ast-main-header-display":"","ast-hfb-above-header-display":"","ast-hfb-below-header-display":"","ast-hfb-mobile-header-display":"","site-post-title":"","ast-breadcrumbs-content":"","ast-featured-img":"","footer-sml-layout":"","ast-disable-related-posts":"","theme-transparent-header-meta":"default","adv-header-id-meta":"","stick-header-meta":"","header-above-stick-meta":"","header-main-stick-meta":"","header-below-stick-meta":"","astra-migrate-meta-layouts":"set","ast-page-background-enabled":"default","ast-page-background-meta":{"desktop":{"background-color":"var(--ast-global-color-5)","background-image":"","background-repeat":"repeat","background-position":"center center","background-size":"auto","background-attachment":"scroll","background-type":"","background-media":"","overlay-type":"","overlay-color":"","overlay-opacity":"","overlay-gradient":""},"tablet":{"background-color":"","background-image":"","background-repeat":"repeat","background-position":"center center","background-size":"auto","background-attachment":"scroll","background-type":"","background-media":"","overlay-type":"","overlay-color":"","overlay-opacity":"","overlay-gradient":""},"mobile":{"background-color":"","background-image":"","background-repeat":"repeat","background-position":"center center","background-size":"auto","background-attachment":"scroll","background-type":"","background-media":"","overlay-type":"","overlay-color":"","overlay-opacity":"","overlay-gradient":""}},"ast-content-background-meta":{"desktop":{"background-color":"var(--ast-global-color-4)","background-image":"","background-repeat":"repeat","background-position":"center center","background-size":"auto","background-attachment":"scroll","background-type":"","background-media":"","overlay-type":"","overlay-color":"","overlay-opacity":"","overlay-gradient":""},"tablet":{"background-color":"var(--ast-global-color-4)","background-image":"","background-repeat":"repeat","background-position":"center center","background-size":"auto","background-attachment":"scroll","background-type":"","background-media":"","overlay-type":"","overlay-color":"","overlay-opacity":"","overlay-gradient":""},"mobile":{"background-color":"var(--ast-global-color-4)","background-image":"","background-repeat":"repeat","background-position":"center center","background-size":"auto","background-attachment":"scroll","background-type":"","background-media":"","overlay-type":"","overlay-color":"","overlay-opacity":"","overlay-gradient":""}}},"product_brand":[],"product_cat":[22],"product_tag":[],"class_list":{"0":"post-2164","1":"product","2":"type-product","3":"status-publish","4":"has-post-thumbnail","6":"product_cat-boucles-doreilles","7":"desktop-align-left","8":"tablet-align-left","9":"mobile-align-left","11":"first","12":"instock","13":"shipping-taxable","14":"purchasable","15":"product-type-variable"},"jetpack_sharing_enabled":true,"_links":{"self":[{"href":"https:\/\/creasdemy.fr\/index.php\/wp-json\/wp\/v2\/product\/2164","targetHints":{"allow":["GET"]}}],"collection":[{"href":"https:\/\/creasdemy.fr\/index.php\/wp-json\/wp\/v2\/product"}],"about":[{"href":"https:\/\/creasdemy.fr\/index.php\/wp-json\/wp\/v2\/types\/product"}],"replies":[{"embeddable":true,"href":"https:\/\/creasdemy.fr\/index.php\/wp-json\/wp\/v2\/comments?post=2164"}],"wp:featuredmedia":[{"embeddable":true,"href":"https:\/\/creasdemy.fr\/index.php\/wp-json\/wp\/v2\/media\/2163"}],"wp:attachment":[{"href":"https:\/\/creasdemy.fr\/index.php\/wp-json\/wp\/v2\/media?parent=2164"}],"wp:term":[{"taxonomy":"product_brand","embeddable":true,"href":"https:\/\/creasdemy.fr\/index.php\/wp-json\/wp\/v2\/product_brand?post=2164"},{"taxonomy":"product_cat","embeddable":true,"href":"https:\/\/creasdemy.fr\/index.php\/wp-json\/wp\/v2\/product_cat?post=2164"},{"taxonomy":"product_tag","embeddable":true,"href":"https:\/\/creasdemy.fr\/index.php\/wp-json\/wp\/v2\/product_tag?post=2164"}],"curies":[{"name":"wp","href":"https:\/\/api.w.org\/{rel}","templated":true}]}}