{"id":2167,"date":"2026-03-21T15:59:54","date_gmt":"2026-03-21T15:59:54","guid":{"rendered":"https:\/\/creasdemy.fr\/?post_type=product&#038;p=2167"},"modified":"2026-03-21T15:59:54","modified_gmt":"2026-03-21T15:59:54","slug":"boucles-doreilles-clou-fraise","status":"publish","type":"product","link":"https:\/\/creasdemy.fr\/index.php\/product\/boucles-doreilles-clou-fraise\/","title":{"rendered":"Boucles d\u2019oreilles clou fraise"},"content":{"rendered":"<p data-start=\"45\" data-end=\"104\"><strong data-start=\"45\" data-end=\"104\">Boucles d\u2019oreilles clou fraise \u2013 Douceur et originalit\u00e9<\/strong><\/p>\n<p data-start=\"106\" data-end=\"320\">Craquez pour ces boucles d\u2019oreilles clou en forme de fraise, \u00e0 la fois gourmandes et pleines de fra\u00eecheur. Leur design d\u00e9licat apporte une touche fun et color\u00e9e \u00e0 votre style, parfait pour \u00e9gayer toutes vos tenues.<\/p>\n<p data-start=\"322\" data-end=\"434\">Discr\u00e8tes et l\u00e9g\u00e8res, elles se portent facilement au quotidien, tout en ajoutant une note originale et tendance.<\/p>\n<p data-start=\"436\" data-end=\"463\">\ud83c\udf53 <strong data-start=\"439\" data-end=\"461\">Caract\u00e9ristiques :<\/strong><\/p>\n<ul data-start=\"464\" data-end=\"584\">\n<li data-section-id=\"43uk7p\" data-start=\"464\" data-end=\"500\">Design fraise mignon et d\u00e9taill\u00e9<\/li>\n<li data-section-id=\"5j0bvl\" data-start=\"501\" data-end=\"535\">Format clou discret et \u00e9l\u00e9gant<\/li>\n<li data-section-id=\"4tgwsj\" data-start=\"536\" data-end=\"563\">L\u00e9g\u00e8res et confortables<\/li>\n<li data-section-id=\"pdi0wd\" data-start=\"564\" data-end=\"584\">Fermoir s\u00e9curis\u00e9<\/li>\n<\/ul>\n<p data-start=\"586\" data-end=\"698\">Un bijou id\u00e9al pour les amateurs de style ludique et fruit\u00e9, ou pour offrir un cadeau original qui fait sourire.<\/p>\n","protected":false},"excerpt":{"rendered":"<p>Boucles d\u2019oreilles clou fraise \u2013 Douceur et originalit\u00e9 Craquez pour ces boucles d\u2019oreilles clou en forme de fraise, \u00e0 la [&hellip;]<\/p>\n","protected":false},"featured_media":2161,"comment_status":"open","ping_status":"closed","template":"","meta":{"site-sidebar-layout":"default","site-content-layout":"","ast-site-content-layout":"default","site-content-style":"default","site-sidebar-style":"default","ast-global-header-display":"","ast-banner-title-visibility":"","ast-main-header-display":"","ast-hfb-above-header-display":"","ast-hfb-below-header-display":"","ast-hfb-mobile-header-display":"","site-post-title":"","ast-breadcrumbs-content":"","ast-featured-img":"","footer-sml-layout":"","ast-disable-related-posts":"","theme-transparent-header-meta":"default","adv-header-id-meta":"","stick-header-meta":"","header-above-stick-meta":"","header-main-stick-meta":"","header-below-stick-meta":"","astra-migrate-meta-layouts":"set","ast-page-background-enabled":"default","ast-page-background-meta":{"desktop":{"background-color":"var(--ast-global-color-5)","background-image":"","background-repeat":"repeat","background-position":"center center","background-size":"auto","background-attachment":"scroll","background-type":"","background-media":"","overlay-type":"","overlay-color":"","overlay-opacity":"","overlay-gradient":""},"tablet":{"background-color":"","background-image":"","background-repeat":"repeat","background-position":"center center","background-size":"auto","background-attachment":"scroll","background-type":"","background-media":"","overlay-type":"","overlay-color":"","overlay-opacity":"","overlay-gradient":""},"mobile":{"background-color":"","background-image":"","background-repeat":"repeat","background-position":"center center","background-size":"auto","background-attachment":"scroll","background-type":"","background-media":"","overlay-type":"","overlay-color":"","overlay-opacity":"","overlay-gradient":""}},"ast-content-background-meta":{"desktop":{"background-color":"var(--ast-global-color-4)","background-image":"","background-repeat":"repeat","background-position":"center center","background-size":"auto","background-attachment":"scroll","background-type":"","background-media":"","overlay-type":"","overlay-color":"","overlay-opacity":"","overlay-gradient":""},"tablet":{"background-color":"var(--ast-global-color-4)","background-image":"","background-repeat":"repeat","background-position":"center center","background-size":"auto","background-attachment":"scroll","background-type":"","background-media":"","overlay-type":"","overlay-color":"","overlay-opacity":"","overlay-gradient":""},"mobile":{"background-color":"var(--ast-global-color-4)","background-image":"","background-repeat":"repeat","background-position":"center center","background-size":"auto","background-attachment":"scroll","background-type":"","background-media":"","overlay-type":"","overlay-color":"","overlay-opacity":"","overlay-gradient":""}}},"product_brand":[],"product_cat":[22],"product_tag":[],"class_list":{"0":"post-2167","1":"product","2":"type-product","3":"status-publish","4":"has-post-thumbnail","6":"product_cat-boucles-doreilles","7":"desktop-align-left","8":"tablet-align-left","9":"mobile-align-left","11":"first","12":"instock","13":"shipping-taxable","14":"purchasable","15":"product-type-variable"},"jetpack_sharing_enabled":true,"_links":{"self":[{"href":"https:\/\/creasdemy.fr\/index.php\/wp-json\/wp\/v2\/product\/2167","targetHints":{"allow":["GET"]}}],"collection":[{"href":"https:\/\/creasdemy.fr\/index.php\/wp-json\/wp\/v2\/product"}],"about":[{"href":"https:\/\/creasdemy.fr\/index.php\/wp-json\/wp\/v2\/types\/product"}],"replies":[{"embeddable":true,"href":"https:\/\/creasdemy.fr\/index.php\/wp-json\/wp\/v2\/comments?post=2167"}],"wp:featuredmedia":[{"embeddable":true,"href":"https:\/\/creasdemy.fr\/index.php\/wp-json\/wp\/v2\/media\/2161"}],"wp:attachment":[{"href":"https:\/\/creasdemy.fr\/index.php\/wp-json\/wp\/v2\/media?parent=2167"}],"wp:term":[{"taxonomy":"product_brand","embeddable":true,"href":"https:\/\/creasdemy.fr\/index.php\/wp-json\/wp\/v2\/product_brand?post=2167"},{"taxonomy":"product_cat","embeddable":true,"href":"https:\/\/creasdemy.fr\/index.php\/wp-json\/wp\/v2\/product_cat?post=2167"},{"taxonomy":"product_tag","embeddable":true,"href":"https:\/\/creasdemy.fr\/index.php\/wp-json\/wp\/v2\/product_tag?post=2167"}],"curies":[{"name":"wp","href":"https:\/\/api.w.org\/{rel}","templated":true}]}}