{"id":2192,"date":"2026-03-28T17:28:04","date_gmt":"2026-03-28T17:28:04","guid":{"rendered":"https:\/\/creasdemy.fr\/?post_type=product&#038;p=2192"},"modified":"2026-03-28T17:28:05","modified_gmt":"2026-03-28T17:28:05","slug":"bague-coeur","status":"publish","type":"product","link":"https:\/\/creasdemy.fr\/index.php\/product\/bague-coeur\/","title":{"rendered":"Bague c\u0153ur"},"content":{"rendered":"<p>Laissez-vous s\u00e9duire par cette d\u00e9licate bague en forme de c\u0153ur, symbole d\u2019amour et de f\u00e9minit\u00e9. Son design fin et \u00e9l\u00e9gant en fait un bijou incontournable pour sublimer votre main avec une touche de douceur et de raffinement.<\/p>\n<p>Parfaite pour un usage quotidien comme pour les grandes occasions, cette bague s\u2019adapte \u00e0 tous les styles. Port\u00e9e seule pour un look minimaliste ou associ\u00e9e \u00e0 d\u2019autres bijoux pour un effet tendance, elle devient rapidement un essentiel de votre collection.<\/p>\n<p style=\"padding-left: 40px;\">Confortable \u00e0 porter, elle \u00e9pouse parfaitement la forme du doigt pour un maintien agr\u00e9able tout au long de la journ\u00e9e.<\/p>\n","protected":false},"excerpt":{"rendered":"<p>Laissez-vous s\u00e9duire par cette d\u00e9licate bague en forme de c\u0153ur, symbole d\u2019amour et de f\u00e9minit\u00e9. Son design fin et \u00e9l\u00e9gant [&hellip;]<\/p>\n","protected":false},"featured_media":2193,"comment_status":"open","ping_status":"closed","template":"","meta":{"site-sidebar-layout":"default","site-content-layout":"","ast-site-content-layout":"default","site-content-style":"default","site-sidebar-style":"default","ast-global-header-display":"","ast-banner-title-visibility":"","ast-main-header-display":"","ast-hfb-above-header-display":"","ast-hfb-below-header-display":"","ast-hfb-mobile-header-display":"","site-post-title":"","ast-breadcrumbs-content":"","ast-featured-img":"","footer-sml-layout":"","ast-disable-related-posts":"","theme-transparent-header-meta":"default","adv-header-id-meta":"","stick-header-meta":"","header-above-stick-meta":"","header-main-stick-meta":"","header-below-stick-meta":"","astra-migrate-meta-layouts":"set","ast-page-background-enabled":"default","ast-page-background-meta":{"desktop":{"background-color":"var(--ast-global-color-5)","background-image":"","background-repeat":"repeat","background-position":"center center","background-size":"auto","background-attachment":"scroll","background-type":"","background-media":"","overlay-type":"","overlay-color":"","overlay-opacity":"","overlay-gradient":""},"tablet":{"background-color":"","background-image":"","background-repeat":"repeat","background-position":"center center","background-size":"auto","background-attachment":"scroll","background-type":"","background-media":"","overlay-type":"","overlay-color":"","overlay-opacity":"","overlay-gradient":""},"mobile":{"background-color":"","background-image":"","background-repeat":"repeat","background-position":"center center","background-size":"auto","background-attachment":"scroll","background-type":"","background-media":"","overlay-type":"","overlay-color":"","overlay-opacity":"","overlay-gradient":""}},"ast-content-background-meta":{"desktop":{"background-color":"var(--ast-global-color-4)","background-image":"","background-repeat":"repeat","background-position":"center center","background-size":"auto","background-attachment":"scroll","background-type":"","background-media":"","overlay-type":"","overlay-color":"","overlay-opacity":"","overlay-gradient":""},"tablet":{"background-color":"var(--ast-global-color-4)","background-image":"","background-repeat":"repeat","background-position":"center center","background-size":"auto","background-attachment":"scroll","background-type":"","background-media":"","overlay-type":"","overlay-color":"","overlay-opacity":"","overlay-gradient":""},"mobile":{"background-color":"var(--ast-global-color-4)","background-image":"","background-repeat":"repeat","background-position":"center center","background-size":"auto","background-attachment":"scroll","background-type":"","background-media":"","overlay-type":"","overlay-color":"","overlay-opacity":"","overlay-gradient":""}}},"product_brand":[],"product_cat":[70],"product_tag":[],"class_list":{"0":"post-2192","1":"product","2":"type-product","3":"status-publish","4":"has-post-thumbnail","6":"product_cat-bague","7":"desktop-align-left","8":"tablet-align-left","9":"mobile-align-left","11":"first","12":"instock","13":"shipping-taxable","14":"purchasable","15":"product-type-variable"},"jetpack_sharing_enabled":true,"_links":{"self":[{"href":"https:\/\/creasdemy.fr\/index.php\/wp-json\/wp\/v2\/product\/2192","targetHints":{"allow":["GET"]}}],"collection":[{"href":"https:\/\/creasdemy.fr\/index.php\/wp-json\/wp\/v2\/product"}],"about":[{"href":"https:\/\/creasdemy.fr\/index.php\/wp-json\/wp\/v2\/types\/product"}],"replies":[{"embeddable":true,"href":"https:\/\/creasdemy.fr\/index.php\/wp-json\/wp\/v2\/comments?post=2192"}],"wp:featuredmedia":[{"embeddable":true,"href":"https:\/\/creasdemy.fr\/index.php\/wp-json\/wp\/v2\/media\/2193"}],"wp:attachment":[{"href":"https:\/\/creasdemy.fr\/index.php\/wp-json\/wp\/v2\/media?parent=2192"}],"wp:term":[{"taxonomy":"product_brand","embeddable":true,"href":"https:\/\/creasdemy.fr\/index.php\/wp-json\/wp\/v2\/product_brand?post=2192"},{"taxonomy":"product_cat","embeddable":true,"href":"https:\/\/creasdemy.fr\/index.php\/wp-json\/wp\/v2\/product_cat?post=2192"},{"taxonomy":"product_tag","embeddable":true,"href":"https:\/\/creasdemy.fr\/index.php\/wp-json\/wp\/v2\/product_tag?post=2192"}],"curies":[{"name":"wp","href":"https:\/\/api.w.org\/{rel}","templated":true}]}}