{"id":2264,"date":"2026-04-03T13:44:50","date_gmt":"2026-04-03T13:44:50","guid":{"rendered":"https:\/\/creasdemy.fr\/?post_type=product&#038;p=2264"},"modified":"2026-04-03T13:44:50","modified_gmt":"2026-04-03T13:44:50","slug":"rose-merci","status":"publish","type":"product","link":"https:\/\/creasdemy.fr\/index.php\/product\/rose-merci\/","title":{"rendered":"Rose &#8220;Merci&#8221;"},"content":{"rendered":"<p data-start=\"106\" data-end=\"310\">Exprimez votre gratitude avec \u00e9l\u00e9gance gr\u00e2ce \u00e0 cette magnifique rose accompagn\u00e9e de l\u2019inscription \u201cMerci\u201d. Une cr\u00e9ation originale en impression 3D, id\u00e9ale pour offrir un cadeau simple mais rempli de sens.<\/p>\n<p data-start=\"312\" data-end=\"524\">Avec ses lignes d\u00e9licates et son design moderne, cette pi\u00e8ce apporte une touche de douceur et d\u2019attention \u00e0 chaque occasion : remerciement, fin d\u2019ann\u00e9e scolaire, cadeau personnalis\u00e9 ou petite attention spontan\u00e9e.<\/p>\n<p data-start=\"526\" data-end=\"552\">\u2728 <strong data-start=\"528\" data-end=\"550\">Caract\u00e9ristiques :<\/strong><\/p>\n<ul data-start=\"553\" data-end=\"675\">\n<li data-section-id=\"uqas1r\" data-start=\"553\" data-end=\"585\">Fabrication en impression 3D<\/li>\n<li data-section-id=\"1kh5oy5\" data-start=\"586\" data-end=\"613\">Design unique et soign\u00e9<\/li>\n<li data-section-id=\"1xvweh7\" data-start=\"614\" data-end=\"638\">L\u00e9ger et confortable<\/li>\n<li data-section-id=\"he1hfs\" data-start=\"639\" data-end=\"675\">Disponible en plusieurs couleurs<\/li>\n<\/ul>\n<p data-start=\"677\" data-end=\"734\">\ud83c\udf81 <strong data-start=\"680\" data-end=\"701\">Le cadeau parfait<\/strong> pour dire merci avec originalit\u00e9<\/p>\n","protected":false},"excerpt":{"rendered":"<p>Exprimez votre gratitude avec \u00e9l\u00e9gance gr\u00e2ce \u00e0 cette magnifique rose accompagn\u00e9e de l\u2019inscription \u201cMerci\u201d. Une cr\u00e9ation originale en impression 3D, [&hellip;]<\/p>\n","protected":false},"featured_media":2315,"comment_status":"open","ping_status":"closed","template":"","meta":{"site-sidebar-layout":"default","site-content-layout":"","ast-site-content-layout":"default","site-content-style":"default","site-sidebar-style":"default","ast-global-header-display":"","ast-banner-title-visibility":"","ast-main-header-display":"","ast-hfb-above-header-display":"","ast-hfb-below-header-display":"","ast-hfb-mobile-header-display":"","site-post-title":"","ast-breadcrumbs-content":"","ast-featured-img":"","footer-sml-layout":"","ast-disable-related-posts":"","theme-transparent-header-meta":"default","adv-header-id-meta":"","stick-header-meta":"","header-above-stick-meta":"","header-main-stick-meta":"","header-below-stick-meta":"","astra-migrate-meta-layouts":"set","ast-page-background-enabled":"default","ast-page-background-meta":{"desktop":{"background-color":"var(--ast-global-color-5)","background-image":"","background-repeat":"repeat","background-position":"center center","background-size":"auto","background-attachment":"scroll","background-type":"","background-media":"","overlay-type":"","overlay-color":"","overlay-opacity":"","overlay-gradient":""},"tablet":{"background-color":"","background-image":"","background-repeat":"repeat","background-position":"center center","background-size":"auto","background-attachment":"scroll","background-type":"","background-media":"","overlay-type":"","overlay-color":"","overlay-opacity":"","overlay-gradient":""},"mobile":{"background-color":"","background-image":"","background-repeat":"repeat","background-position":"center center","background-size":"auto","background-attachment":"scroll","background-type":"","background-media":"","overlay-type":"","overlay-color":"","overlay-opacity":"","overlay-gradient":""}},"ast-content-background-meta":{"desktop":{"background-color":"var(--ast-global-color-4)","background-image":"","background-repeat":"repeat","background-position":"center center","background-size":"auto","background-attachment":"scroll","background-type":"","background-media":"","overlay-type":"","overlay-color":"","overlay-opacity":"","overlay-gradient":""},"tablet":{"background-color":"var(--ast-global-color-4)","background-image":"","background-repeat":"repeat","background-position":"center center","background-size":"auto","background-attachment":"scroll","background-type":"","background-media":"","overlay-type":"","overlay-color":"","overlay-opacity":"","overlay-gradient":""},"mobile":{"background-color":"var(--ast-global-color-4)","background-image":"","background-repeat":"repeat","background-position":"center center","background-size":"auto","background-attachment":"scroll","background-type":"","background-media":"","overlay-type":"","overlay-color":"","overlay-opacity":"","overlay-gradient":""}}},"product_brand":[],"product_cat":[71],"product_tag":[],"class_list":{"0":"post-2264","1":"product","2":"type-product","3":"status-publish","4":"has-post-thumbnail","6":"product_cat-idees-cadeaux","7":"desktop-align-left","8":"tablet-align-left","9":"mobile-align-left","11":"first","12":"instock","13":"shipping-taxable","14":"purchasable","15":"product-type-variable"},"jetpack_sharing_enabled":true,"_links":{"self":[{"href":"https:\/\/creasdemy.fr\/index.php\/wp-json\/wp\/v2\/product\/2264","targetHints":{"allow":["GET"]}}],"collection":[{"href":"https:\/\/creasdemy.fr\/index.php\/wp-json\/wp\/v2\/product"}],"about":[{"href":"https:\/\/creasdemy.fr\/index.php\/wp-json\/wp\/v2\/types\/product"}],"replies":[{"embeddable":true,"href":"https:\/\/creasdemy.fr\/index.php\/wp-json\/wp\/v2\/comments?post=2264"}],"wp:featuredmedia":[{"embeddable":true,"href":"https:\/\/creasdemy.fr\/index.php\/wp-json\/wp\/v2\/media\/2315"}],"wp:attachment":[{"href":"https:\/\/creasdemy.fr\/index.php\/wp-json\/wp\/v2\/media?parent=2264"}],"wp:term":[{"taxonomy":"product_brand","embeddable":true,"href":"https:\/\/creasdemy.fr\/index.php\/wp-json\/wp\/v2\/product_brand?post=2264"},{"taxonomy":"product_cat","embeddable":true,"href":"https:\/\/creasdemy.fr\/index.php\/wp-json\/wp\/v2\/product_cat?post=2264"},{"taxonomy":"product_tag","embeddable":true,"href":"https:\/\/creasdemy.fr\/index.php\/wp-json\/wp\/v2\/product_tag?post=2264"}],"curies":[{"name":"wp","href":"https:\/\/api.w.org\/{rel}","templated":true}]}}