{"id":2316,"date":"2026-04-03T13:49:45","date_gmt":"2026-04-03T13:49:45","guid":{"rendered":"https:\/\/creasdemy.fr\/?post_type=product&#038;p=2316"},"modified":"2026-04-03T13:49:45","modified_gmt":"2026-04-03T13:49:45","slug":"boucles-doreilles-prise-descalade","status":"publish","type":"product","link":"https:\/\/creasdemy.fr\/index.php\/product\/boucles-doreilles-prise-descalade\/","title":{"rendered":"Boucles d\u2019oreilles \u201cPrise d\u2019escalade\u201d"},"content":{"rendered":"<p data-start=\"91\" data-end=\"146\"><strong data-start=\"91\" data-end=\"146\">Boucles d\u2019oreilles \u201cPrise d\u2019escalade\u201d\u00a0<\/strong><\/p>\n<p data-start=\"148\" data-end=\"354\">Affirmez votre passion pour l\u2019escalade avec ces boucles d\u2019oreilles originales en forme de prises d\u2019escalade. Une cr\u00e9ation unique en impression 3D, parfaite pour les grimpeurs et les amoureux de la montagne.<\/p>\n<p data-start=\"356\" data-end=\"538\">Le design r\u00e9aliste reprend les formes typiques des prises, pour un rendu fun et authentique. L\u00e9g\u00e8res et confortables, elles se portent facilement au quotidien ou lors de vos sorties.<\/p>\n<p data-start=\"540\" data-end=\"566\">\u2728 <strong data-start=\"542\" data-end=\"564\">Caract\u00e9ristiques :<\/strong><\/p>\n<ul data-start=\"567\" data-end=\"720\">\n<li data-section-id=\"uqas1r\" data-start=\"567\" data-end=\"599\">Fabrication en impression 3D<\/li>\n<li data-section-id=\"xj5l3w\" data-start=\"600\" data-end=\"646\">Design inspir\u00e9 de vraies prises d\u2019escalade<\/li>\n<li data-section-id=\"144qzoj\" data-start=\"647\" data-end=\"686\">Ultra l\u00e9g\u00e8res et agr\u00e9ables \u00e0 porter<\/li>\n<li data-section-id=\"1a1zocz\" data-start=\"687\" data-end=\"720\">Plusieurs coloris disponibles<\/li>\n<\/ul>\n<p data-start=\"722\" data-end=\"796\">\ud83e\uddd7\u200d\u2642\ufe0f <strong data-start=\"728\" data-end=\"744\">Id\u00e9al pour :<\/strong> grimpeurs, passionn\u00e9s d\u2019escalade ou cadeau original<\/p>\n<p data-start=\"798\" data-end=\"867\">\ud83c\udf81 <strong data-start=\"801\" data-end=\"829\">Une id\u00e9e cadeau parfaite<\/strong> pour un amateur de bloc ou de falaise<\/p>\n","protected":false},"excerpt":{"rendered":"<p>Boucles d\u2019oreilles \u201cPrise d\u2019escalade\u201d\u00a0 Affirmez votre passion pour l\u2019escalade avec ces boucles d\u2019oreilles originales en forme de prises d\u2019escalade. Une [&hellip;]<\/p>\n","protected":false},"featured_media":2343,"comment_status":"open","ping_status":"closed","template":"","meta":{"site-sidebar-layout":"default","site-content-layout":"","ast-site-content-layout":"default","site-content-style":"default","site-sidebar-style":"default","ast-global-header-display":"","ast-banner-title-visibility":"","ast-main-header-display":"","ast-hfb-above-header-display":"","ast-hfb-below-header-display":"","ast-hfb-mobile-header-display":"","site-post-title":"","ast-breadcrumbs-content":"","ast-featured-img":"","footer-sml-layout":"","ast-disable-related-posts":"","theme-transparent-header-meta":"default","adv-header-id-meta":"","stick-header-meta":"","header-above-stick-meta":"","header-main-stick-meta":"","header-below-stick-meta":"","astra-migrate-meta-layouts":"set","ast-page-background-enabled":"default","ast-page-background-meta":{"desktop":{"background-color":"var(--ast-global-color-5)","background-image":"","background-repeat":"repeat","background-position":"center center","background-size":"auto","background-attachment":"scroll","background-type":"","background-media":"","overlay-type":"","overlay-color":"","overlay-opacity":"","overlay-gradient":""},"tablet":{"background-color":"","background-image":"","background-repeat":"repeat","background-position":"center center","background-size":"auto","background-attachment":"scroll","background-type":"","background-media":"","overlay-type":"","overlay-color":"","overlay-opacity":"","overlay-gradient":""},"mobile":{"background-color":"","background-image":"","background-repeat":"repeat","background-position":"center center","background-size":"auto","background-attachment":"scroll","background-type":"","background-media":"","overlay-type":"","overlay-color":"","overlay-opacity":"","overlay-gradient":""}},"ast-content-background-meta":{"desktop":{"background-color":"var(--ast-global-color-4)","background-image":"","background-repeat":"repeat","background-position":"center center","background-size":"auto","background-attachment":"scroll","background-type":"","background-media":"","overlay-type":"","overlay-color":"","overlay-opacity":"","overlay-gradient":""},"tablet":{"background-color":"var(--ast-global-color-4)","background-image":"","background-repeat":"repeat","background-position":"center center","background-size":"auto","background-attachment":"scroll","background-type":"","background-media":"","overlay-type":"","overlay-color":"","overlay-opacity":"","overlay-gradient":""},"mobile":{"background-color":"var(--ast-global-color-4)","background-image":"","background-repeat":"repeat","background-position":"center center","background-size":"auto","background-attachment":"scroll","background-type":"","background-media":"","overlay-type":"","overlay-color":"","overlay-opacity":"","overlay-gradient":""}}},"product_brand":[],"product_cat":[22],"product_tag":[],"class_list":{"0":"post-2316","1":"product","2":"type-product","3":"status-publish","4":"has-post-thumbnail","6":"product_cat-boucles-doreilles","7":"desktop-align-left","8":"tablet-align-left","9":"mobile-align-left","11":"first","12":"instock","13":"shipping-taxable","14":"purchasable","15":"product-type-variable"},"jetpack_sharing_enabled":true,"_links":{"self":[{"href":"https:\/\/creasdemy.fr\/index.php\/wp-json\/wp\/v2\/product\/2316","targetHints":{"allow":["GET"]}}],"collection":[{"href":"https:\/\/creasdemy.fr\/index.php\/wp-json\/wp\/v2\/product"}],"about":[{"href":"https:\/\/creasdemy.fr\/index.php\/wp-json\/wp\/v2\/types\/product"}],"replies":[{"embeddable":true,"href":"https:\/\/creasdemy.fr\/index.php\/wp-json\/wp\/v2\/comments?post=2316"}],"wp:featuredmedia":[{"embeddable":true,"href":"https:\/\/creasdemy.fr\/index.php\/wp-json\/wp\/v2\/media\/2343"}],"wp:attachment":[{"href":"https:\/\/creasdemy.fr\/index.php\/wp-json\/wp\/v2\/media?parent=2316"}],"wp:term":[{"taxonomy":"product_brand","embeddable":true,"href":"https:\/\/creasdemy.fr\/index.php\/wp-json\/wp\/v2\/product_brand?post=2316"},{"taxonomy":"product_cat","embeddable":true,"href":"https:\/\/creasdemy.fr\/index.php\/wp-json\/wp\/v2\/product_cat?post=2316"},{"taxonomy":"product_tag","embeddable":true,"href":"https:\/\/creasdemy.fr\/index.php\/wp-json\/wp\/v2\/product_tag?post=2316"}],"curies":[{"name":"wp","href":"https:\/\/api.w.org\/{rel}","templated":true}]}}