{"id":2347,"date":"2026-04-09T17:08:38","date_gmt":"2026-04-09T17:08:38","guid":{"rendered":"https:\/\/creasdemy.fr\/?post_type=product&#038;p=2347"},"modified":"2026-04-09T17:08:38","modified_gmt":"2026-04-09T17:08:38","slug":"pot-a-stylos-pull-a-capuche-fun-et-original","status":"publish","type":"product","link":"https:\/\/creasdemy.fr\/index.php\/product\/pot-a-stylos-pull-a-capuche-fun-et-original\/","title":{"rendered":"Pot \u00e0 stylos pull \u00e0 capuche \u2013 Fun et original"},"content":{"rendered":"<p data-start=\"55\" data-end=\"104\"><strong data-start=\"55\" data-end=\"104\">Pot \u00e0 stylos pull \u00e0 capuche \u2013 Fun et original<\/strong><\/p>\n<p data-start=\"106\" data-end=\"298\">Ajoutez une touche unique \u00e0 votre bureau avec ce pot \u00e0 stylos au design inspir\u00e9 d\u2019un pull \u00e0 capuche. Son style d\u00e9cal\u00e9 et tendance transforme un accessoire du quotidien en v\u00e9ritable objet d\u00e9co.<\/p>\n<p data-start=\"300\" data-end=\"528\">Parfait pour ranger vos stylos, crayons et petits accessoires, ce pot allie praticit\u00e9 et cr\u00e9ativit\u00e9. Son look \u201choodie\u201d apporte une ambiance cosy et moderne, id\u00e9ale pour personnaliser votre espace de travail ou votre coin bureau.<\/p>\n<p data-start=\"530\" data-end=\"552\"><strong data-start=\"530\" data-end=\"552\">Caract\u00e9ristiques :<\/strong><\/p>\n<ul data-start=\"553\" data-end=\"759\">\n<li data-section-id=\"1bgroae\" data-start=\"553\" data-end=\"599\">Design original en forme de pull \u00e0 capuche<\/li>\n<li data-section-id=\"fognnm\" data-start=\"600\" data-end=\"655\">Id\u00e9al pour stylos, crayons et accessoires de bureau<\/li>\n<li data-section-id=\"1u69l7p\" data-start=\"656\" data-end=\"692\">Compact et pratique au quotidien<\/li>\n<li data-section-id=\"16ic3eo\" data-start=\"693\" data-end=\"733\">Parfait pour une d\u00e9co moderne et fun<\/li>\n<li data-section-id=\"9wpo9u\" data-start=\"734\" data-end=\"759\">Id\u00e9e cadeau originale<\/li>\n<\/ul>\n<p data-start=\"761\" data-end=\"849\">Apportez du style \u00e0 votre organisation avec ce pot \u00e0 stylos aussi pratique qu\u2019adorable !<\/p>\n","protected":false},"excerpt":{"rendered":"<p>Pot \u00e0 stylos pull \u00e0 capuche \u2013 Fun et original Ajoutez une touche unique \u00e0 votre bureau avec ce pot [&hellip;]<\/p>\n","protected":false},"featured_media":2361,"comment_status":"open","ping_status":"closed","template":"","meta":{"site-sidebar-layout":"default","site-content-layout":"","ast-site-content-layout":"default","site-content-style":"default","site-sidebar-style":"default","ast-global-header-display":"","ast-banner-title-visibility":"","ast-main-header-display":"","ast-hfb-above-header-display":"","ast-hfb-below-header-display":"","ast-hfb-mobile-header-display":"","site-post-title":"","ast-breadcrumbs-content":"","ast-featured-img":"","footer-sml-layout":"","ast-disable-related-posts":"","theme-transparent-header-meta":"default","adv-header-id-meta":"","stick-header-meta":"","header-above-stick-meta":"","header-main-stick-meta":"","header-below-stick-meta":"","astra-migrate-meta-layouts":"set","ast-page-background-enabled":"default","ast-page-background-meta":{"desktop":{"background-color":"var(--ast-global-color-5)","background-image":"","background-repeat":"repeat","background-position":"center center","background-size":"auto","background-attachment":"scroll","background-type":"","background-media":"","overlay-type":"","overlay-color":"","overlay-opacity":"","overlay-gradient":""},"tablet":{"background-color":"","background-image":"","background-repeat":"repeat","background-position":"center center","background-size":"auto","background-attachment":"scroll","background-type":"","background-media":"","overlay-type":"","overlay-color":"","overlay-opacity":"","overlay-gradient":""},"mobile":{"background-color":"","background-image":"","background-repeat":"repeat","background-position":"center center","background-size":"auto","background-attachment":"scroll","background-type":"","background-media":"","overlay-type":"","overlay-color":"","overlay-opacity":"","overlay-gradient":""}},"ast-content-background-meta":{"desktop":{"background-color":"var(--ast-global-color-4)","background-image":"","background-repeat":"repeat","background-position":"center center","background-size":"auto","background-attachment":"scroll","background-type":"","background-media":"","overlay-type":"","overlay-color":"","overlay-opacity":"","overlay-gradient":""},"tablet":{"background-color":"var(--ast-global-color-4)","background-image":"","background-repeat":"repeat","background-position":"center center","background-size":"auto","background-attachment":"scroll","background-type":"","background-media":"","overlay-type":"","overlay-color":"","overlay-opacity":"","overlay-gradient":""},"mobile":{"background-color":"var(--ast-global-color-4)","background-image":"","background-repeat":"repeat","background-position":"center center","background-size":"auto","background-attachment":"scroll","background-type":"","background-media":"","overlay-type":"","overlay-color":"","overlay-opacity":"","overlay-gradient":""}}},"product_brand":[],"product_cat":[24,71],"product_tag":[],"class_list":{"0":"post-2347","1":"product","2":"type-product","3":"status-publish","4":"has-post-thumbnail","6":"product_cat-decoration","7":"product_cat-idees-cadeaux","8":"desktop-align-left","9":"tablet-align-left","10":"mobile-align-left","12":"first","13":"instock","14":"shipping-taxable","15":"purchasable","16":"product-type-variable"},"jetpack_sharing_enabled":true,"_links":{"self":[{"href":"https:\/\/creasdemy.fr\/index.php\/wp-json\/wp\/v2\/product\/2347","targetHints":{"allow":["GET"]}}],"collection":[{"href":"https:\/\/creasdemy.fr\/index.php\/wp-json\/wp\/v2\/product"}],"about":[{"href":"https:\/\/creasdemy.fr\/index.php\/wp-json\/wp\/v2\/types\/product"}],"replies":[{"embeddable":true,"href":"https:\/\/creasdemy.fr\/index.php\/wp-json\/wp\/v2\/comments?post=2347"}],"wp:featuredmedia":[{"embeddable":true,"href":"https:\/\/creasdemy.fr\/index.php\/wp-json\/wp\/v2\/media\/2361"}],"wp:attachment":[{"href":"https:\/\/creasdemy.fr\/index.php\/wp-json\/wp\/v2\/media?parent=2347"}],"wp:term":[{"taxonomy":"product_brand","embeddable":true,"href":"https:\/\/creasdemy.fr\/index.php\/wp-json\/wp\/v2\/product_brand?post=2347"},{"taxonomy":"product_cat","embeddable":true,"href":"https:\/\/creasdemy.fr\/index.php\/wp-json\/wp\/v2\/product_cat?post=2347"},{"taxonomy":"product_tag","embeddable":true,"href":"https:\/\/creasdemy.fr\/index.php\/wp-json\/wp\/v2\/product_tag?post=2347"}],"curies":[{"name":"wp","href":"https:\/\/api.w.org\/{rel}","templated":true}]}}