{"id":2364,"date":"2026-04-10T14:58:47","date_gmt":"2026-04-10T14:58:47","guid":{"rendered":"https:\/\/creasdemy.fr\/?post_type=product&#038;p=2364"},"modified":"2026-04-10T14:59:00","modified_gmt":"2026-04-10T14:59:00","slug":"boucles-doreilles-fleur","status":"publish","type":"product","link":"https:\/\/creasdemy.fr\/index.php\/product\/boucles-doreilles-fleur\/","title":{"rendered":"Boucles d\u2019oreilles Fleur"},"content":{"rendered":"<p data-start=\"79\" data-end=\"145\"><strong data-start=\"79\" data-end=\"145\">Boucles d\u2019oreilles Fleur \u2013 \u00c9l\u00e9gance naturelle &amp; confort absolu<\/strong><\/p>\n<p data-start=\"147\" data-end=\"339\">Apportez une touche de fra\u00eecheur et de d\u00e9licatesse \u00e0 votre tenue avec ces boucles d\u2019oreilles en forme de fleur. Leur design raffin\u00e9, inspir\u00e9 de la nature, offre un style \u00e9l\u00e9gant et intemporel.<\/p>\n<p data-start=\"341\" data-end=\"459\">Con\u00e7ues pour \u00eatre l\u00e9g\u00e8res et agr\u00e9ables \u00e0 porter, elles conviennent aussi bien au quotidien qu\u2019aux occasions sp\u00e9ciales.<\/p>\n<p data-start=\"461\" data-end=\"613\">\u2728 <strong data-start=\"463\" data-end=\"484\">Confort optimal :<\/strong><br data-start=\"484\" data-end=\"487\" \/>\u00c9quip\u00e9es de <strong data-start=\"499\" data-end=\"530\">fermoirs anti-allerg\u00e9niques<\/strong>, elles sont id\u00e9ales pour les peaux sensibles et limitent les risques d\u2019irritation.<\/p>\n<p data-start=\"615\" data-end=\"641\">\u2728 <strong data-start=\"617\" data-end=\"639\">Caract\u00e9ristiques :<\/strong><\/p>\n<ul data-start=\"642\" data-end=\"804\">\n<li data-section-id=\"13h5pjy\" data-start=\"642\" data-end=\"667\">Design floral d\u00e9licat<\/li>\n<li data-section-id=\"1501c4m\" data-start=\"668\" data-end=\"726\">Fermoir anti-allerg\u00e9nique (adapt\u00e9 aux peaux sensibles)<\/li>\n<li data-section-id=\"1xvweh7\" data-start=\"727\" data-end=\"751\">L\u00e9ger et confortable<\/li>\n<li data-section-id=\"1fjgvmi\" data-start=\"752\" data-end=\"777\">Style chic et naturel<\/li>\n<li data-section-id=\"g56yy4\" data-start=\"778\" data-end=\"804\">Parfait en id\u00e9e cadeau<\/li>\n<\/ul>\n<p data-start=\"806\" data-end=\"889\">Ajoutez une touche florale \u00e0 votre look avec un bijou aussi beau que confortable \ud83c\udf38<\/p>\n","protected":false},"excerpt":{"rendered":"<p>Boucles d\u2019oreilles Fleur \u2013 \u00c9l\u00e9gance naturelle &amp; confort absolu Apportez une touche de fra\u00eecheur et de d\u00e9licatesse \u00e0 votre tenue [&hellip;]<\/p>\n","protected":false},"featured_media":2391,"comment_status":"open","ping_status":"closed","template":"","meta":{"site-sidebar-layout":"default","site-content-layout":"","ast-site-content-layout":"default","site-content-style":"default","site-sidebar-style":"default","ast-global-header-display":"","ast-banner-title-visibility":"","ast-main-header-display":"","ast-hfb-above-header-display":"","ast-hfb-below-header-display":"","ast-hfb-mobile-header-display":"","site-post-title":"","ast-breadcrumbs-content":"","ast-featured-img":"","footer-sml-layout":"","ast-disable-related-posts":"","theme-transparent-header-meta":"default","adv-header-id-meta":"","stick-header-meta":"","header-above-stick-meta":"","header-main-stick-meta":"","header-below-stick-meta":"","astra-migrate-meta-layouts":"set","ast-page-background-enabled":"default","ast-page-background-meta":{"desktop":{"background-color":"var(--ast-global-color-5)","background-image":"","background-repeat":"repeat","background-position":"center center","background-size":"auto","background-attachment":"scroll","background-type":"","background-media":"","overlay-type":"","overlay-color":"","overlay-opacity":"","overlay-gradient":""},"tablet":{"background-color":"","background-image":"","background-repeat":"repeat","background-position":"center center","background-size":"auto","background-attachment":"scroll","background-type":"","background-media":"","overlay-type":"","overlay-color":"","overlay-opacity":"","overlay-gradient":""},"mobile":{"background-color":"","background-image":"","background-repeat":"repeat","background-position":"center center","background-size":"auto","background-attachment":"scroll","background-type":"","background-media":"","overlay-type":"","overlay-color":"","overlay-opacity":"","overlay-gradient":""}},"ast-content-background-meta":{"desktop":{"background-color":"var(--ast-global-color-4)","background-image":"","background-repeat":"repeat","background-position":"center center","background-size":"auto","background-attachment":"scroll","background-type":"","background-media":"","overlay-type":"","overlay-color":"","overlay-opacity":"","overlay-gradient":""},"tablet":{"background-color":"var(--ast-global-color-4)","background-image":"","background-repeat":"repeat","background-position":"center center","background-size":"auto","background-attachment":"scroll","background-type":"","background-media":"","overlay-type":"","overlay-color":"","overlay-opacity":"","overlay-gradient":""},"mobile":{"background-color":"var(--ast-global-color-4)","background-image":"","background-repeat":"repeat","background-position":"center center","background-size":"auto","background-attachment":"scroll","background-type":"","background-media":"","overlay-type":"","overlay-color":"","overlay-opacity":"","overlay-gradient":""}}},"product_brand":[],"product_cat":[22],"product_tag":[],"class_list":{"0":"post-2364","1":"product","2":"type-product","3":"status-publish","4":"has-post-thumbnail","6":"product_cat-boucles-doreilles","7":"desktop-align-left","8":"tablet-align-left","9":"mobile-align-left","11":"first","12":"instock","13":"shipping-taxable","14":"purchasable","15":"product-type-variable"},"jetpack_sharing_enabled":true,"_links":{"self":[{"href":"https:\/\/creasdemy.fr\/index.php\/wp-json\/wp\/v2\/product\/2364","targetHints":{"allow":["GET"]}}],"collection":[{"href":"https:\/\/creasdemy.fr\/index.php\/wp-json\/wp\/v2\/product"}],"about":[{"href":"https:\/\/creasdemy.fr\/index.php\/wp-json\/wp\/v2\/types\/product"}],"replies":[{"embeddable":true,"href":"https:\/\/creasdemy.fr\/index.php\/wp-json\/wp\/v2\/comments?post=2364"}],"wp:featuredmedia":[{"embeddable":true,"href":"https:\/\/creasdemy.fr\/index.php\/wp-json\/wp\/v2\/media\/2391"}],"wp:attachment":[{"href":"https:\/\/creasdemy.fr\/index.php\/wp-json\/wp\/v2\/media?parent=2364"}],"wp:term":[{"taxonomy":"product_brand","embeddable":true,"href":"https:\/\/creasdemy.fr\/index.php\/wp-json\/wp\/v2\/product_brand?post=2364"},{"taxonomy":"product_cat","embeddable":true,"href":"https:\/\/creasdemy.fr\/index.php\/wp-json\/wp\/v2\/product_cat?post=2364"},{"taxonomy":"product_tag","embeddable":true,"href":"https:\/\/creasdemy.fr\/index.php\/wp-json\/wp\/v2\/product_tag?post=2364"}],"curies":[{"name":"wp","href":"https:\/\/api.w.org\/{rel}","templated":true}]}}