{"id":2453,"date":"2026-04-15T14:26:11","date_gmt":"2026-04-15T14:26:11","guid":{"rendered":"https:\/\/creasdemy.fr\/?post_type=product&#038;p=2453"},"modified":"2026-04-15T14:26:11","modified_gmt":"2026-04-15T14:26:11","slug":"porte-cles-dragon-flexible-articule","status":"publish","type":"product","link":"https:\/\/creasdemy.fr\/index.php\/product\/porte-cles-dragon-flexible-articule\/","title":{"rendered":"Porte-cl\u00e9s Dragon Flexible Articul\u00e9"},"content":{"rendered":"<h3 data-section-id=\"1xabr7z\" data-start=\"67\" data-end=\"109\">\ud83d\udc09 Porte-cl\u00e9s Dragon Flexible Articul\u00e9<\/h3>\n<p data-start=\"111\" data-end=\"215\">Ajoute une touche originale et unique \u00e0 ton quotidien avec ce porte-cl\u00e9s dragon enti\u00e8rement articul\u00e9 !<\/p>\n<p data-start=\"217\" data-end=\"368\">Imprim\u00e9 en 3D avec pr\u00e9cision, ce petit dragon poss\u00e8de un corps flexible qui bouge naturellement, offrant un effet r\u00e9aliste et satisfaisant \u00e0 manipuler.<\/p>\n<p data-start=\"370\" data-end=\"397\">\ud83d\udca1 <strong data-start=\"373\" data-end=\"395\">Caract\u00e9ristiques :<\/strong><\/p>\n<ul data-start=\"398\" data-end=\"538\">\n<li data-section-id=\"w2i4qx\" data-start=\"398\" data-end=\"428\">Design d\u00e9taill\u00e9 et moderne<\/li>\n<li data-section-id=\"1utogss\" data-start=\"429\" data-end=\"459\">Corps articul\u00e9 et flexible<\/li>\n<li data-section-id=\"18jdsy9\" data-start=\"460\" data-end=\"482\">L\u00e9ger et r\u00e9sistant<\/li>\n<li data-section-id=\"s340og\" data-start=\"483\" data-end=\"538\">Parfait comme accessoire de cl\u00e9s, sac ou d\u00e9coration<\/li>\n<\/ul>\n<p data-start=\"540\" data-end=\"631\">\ud83c\udf81 <strong data-start=\"543\" data-end=\"567\">Id\u00e9e cadeau parfaite<\/strong> pour les amateurs de dragons, de fantasy ou d\u2019objets originaux.<\/p>\n<p data-start=\"633\" data-end=\"745\">Disponible en plusieurs couleurs, chaque pi\u00e8ce est fabriqu\u00e9e avec soin pour garantir un rendu propre et durable.<\/p>\n","protected":false},"excerpt":{"rendered":"<p>\ud83d\udc09 Porte-cl\u00e9s Dragon Flexible Articul\u00e9 Ajoute une touche originale et unique \u00e0 ton quotidien avec ce porte-cl\u00e9s dragon enti\u00e8rement articul\u00e9 [&hellip;]<\/p>\n","protected":false},"featured_media":2469,"comment_status":"open","ping_status":"closed","template":"","meta":{"site-sidebar-layout":"default","site-content-layout":"","ast-site-content-layout":"default","site-content-style":"default","site-sidebar-style":"default","ast-global-header-display":"","ast-banner-title-visibility":"","ast-main-header-display":"","ast-hfb-above-header-display":"","ast-hfb-below-header-display":"","ast-hfb-mobile-header-display":"","site-post-title":"","ast-breadcrumbs-content":"","ast-featured-img":"","footer-sml-layout":"","ast-disable-related-posts":"","theme-transparent-header-meta":"default","adv-header-id-meta":"","stick-header-meta":"","header-above-stick-meta":"","header-main-stick-meta":"","header-below-stick-meta":"","astra-migrate-meta-layouts":"set","ast-page-background-enabled":"default","ast-page-background-meta":{"desktop":{"background-color":"var(--ast-global-color-5)","background-image":"","background-repeat":"repeat","background-position":"center center","background-size":"auto","background-attachment":"scroll","background-type":"","background-media":"","overlay-type":"","overlay-color":"","overlay-opacity":"","overlay-gradient":""},"tablet":{"background-color":"","background-image":"","background-repeat":"repeat","background-position":"center center","background-size":"auto","background-attachment":"scroll","background-type":"","background-media":"","overlay-type":"","overlay-color":"","overlay-opacity":"","overlay-gradient":""},"mobile":{"background-color":"","background-image":"","background-repeat":"repeat","background-position":"center center","background-size":"auto","background-attachment":"scroll","background-type":"","background-media":"","overlay-type":"","overlay-color":"","overlay-opacity":"","overlay-gradient":""}},"ast-content-background-meta":{"desktop":{"background-color":"var(--ast-global-color-4)","background-image":"","background-repeat":"repeat","background-position":"center center","background-size":"auto","background-attachment":"scroll","background-type":"","background-media":"","overlay-type":"","overlay-color":"","overlay-opacity":"","overlay-gradient":""},"tablet":{"background-color":"var(--ast-global-color-4)","background-image":"","background-repeat":"repeat","background-position":"center center","background-size":"auto","background-attachment":"scroll","background-type":"","background-media":"","overlay-type":"","overlay-color":"","overlay-opacity":"","overlay-gradient":""},"mobile":{"background-color":"var(--ast-global-color-4)","background-image":"","background-repeat":"repeat","background-position":"center center","background-size":"auto","background-attachment":"scroll","background-type":"","background-media":"","overlay-type":"","overlay-color":"","overlay-opacity":"","overlay-gradient":""}}},"product_brand":[],"product_cat":[23],"product_tag":[],"class_list":{"0":"post-2453","1":"product","2":"type-product","3":"status-publish","4":"has-post-thumbnail","6":"product_cat-porte-cles","7":"desktop-align-left","8":"tablet-align-left","9":"mobile-align-left","11":"first","12":"instock","13":"shipping-taxable","14":"purchasable","15":"product-type-variable"},"jetpack_sharing_enabled":true,"_links":{"self":[{"href":"https:\/\/creasdemy.fr\/index.php\/wp-json\/wp\/v2\/product\/2453","targetHints":{"allow":["GET"]}}],"collection":[{"href":"https:\/\/creasdemy.fr\/index.php\/wp-json\/wp\/v2\/product"}],"about":[{"href":"https:\/\/creasdemy.fr\/index.php\/wp-json\/wp\/v2\/types\/product"}],"replies":[{"embeddable":true,"href":"https:\/\/creasdemy.fr\/index.php\/wp-json\/wp\/v2\/comments?post=2453"}],"wp:featuredmedia":[{"embeddable":true,"href":"https:\/\/creasdemy.fr\/index.php\/wp-json\/wp\/v2\/media\/2469"}],"wp:attachment":[{"href":"https:\/\/creasdemy.fr\/index.php\/wp-json\/wp\/v2\/media?parent=2453"}],"wp:term":[{"taxonomy":"product_brand","embeddable":true,"href":"https:\/\/creasdemy.fr\/index.php\/wp-json\/wp\/v2\/product_brand?post=2453"},{"taxonomy":"product_cat","embeddable":true,"href":"https:\/\/creasdemy.fr\/index.php\/wp-json\/wp\/v2\/product_cat?post=2453"},{"taxonomy":"product_tag","embeddable":true,"href":"https:\/\/creasdemy.fr\/index.php\/wp-json\/wp\/v2\/product_tag?post=2453"}],"curies":[{"name":"wp","href":"https:\/\/api.w.org\/{rel}","templated":true}]}}